{"id":1356,"date":"2019-01-01T18:58:07","date_gmt":"2019-01-01T17:58:07","guid":{"rendered":"http:\/\/www.soederhof.de\/?page_id=1356"},"modified":"2019-05-22T10:33:19","modified_gmt":"2019-05-22T08:33:19","slug":"ideal-xx","status":"publish","type":"page","link":"https:\/\/eu-besamungsstation.soederhof.de\/en\/ideal-xx\/","title":{"rendered":"Ideal xx"},"content":{"rendered":"\n<p style=\"text-align:center\">v. Areion xx a.d. Intschu Tschuna xx v. Lando xx <br>geb. 2010<br>Dunkelbraun, Stockma\u00df ca. 1,66 m<br>GAG 90,5 kg<br>Z\u00fcchter: Ferdinand Leve, Gest\u00fct Hof Warendorf<br>Besitzer: Dr. Frank Lehnhardt, S\u00f6derhof<br>Decktaxe: 800 \u20ac inkl. MwSt., <strong>Frischsamenversand<\/strong><\/p>\n\n\n\n<p style=\"text-align:center\"><strong>Gek\u00f6rt<\/strong> f\u00fcr Hannover (andere Verb\u00e4nde auf Anfrage)<br><br><strong>Anerkannt<\/strong> vom Oldenburger Verband<br><strong>Anerkannt<\/strong> vom Trakehner Verband<br><br><strong>Zugelassen<\/strong> f\u00fcr Holsteiner Verband<\/p>\n\n\n<p style=\"text-align: center;\"><a href=\"https:\/\/eu-besamungsstation.soederhof.de\/wp-content\/uploads\/2019\/04\/Ideal-Stand-klein.jpg\" target=\"_blank\" rel=\"noopener\"><img loading=\"lazy\" decoding=\"async\" class=\"alignnone wp-image-1614 size-full\" src=\"https:\/\/eu-besamungsstation.soederhof.de\/wp-content\/uploads\/2019\/04\/Ideal-Stand-klein.jpg\" alt=\"\" width=\"959\" height=\"751\" srcset=\"https:\/\/eu-besamungsstation.soederhof.de\/wp-content\/uploads\/2019\/04\/Ideal-Stand-klein.jpg 959w, https:\/\/eu-besamungsstation.soederhof.de\/wp-content\/uploads\/2019\/04\/Ideal-Stand-klein-300x235.jpg 300w, https:\/\/eu-besamungsstation.soederhof.de\/wp-content\/uploads\/2019\/04\/Ideal-Stand-klein-768x601.jpg 768w\" sizes=\"auto, (max-width: 959px) 100vw, 959px\" \/><\/a><\/p>\n\n\n<p>IDEAL xx bestritt in vier Rennzeiten 21 Rennen, gewann zwei\nRennen und war weitere 5 mal platziert. Hervorzuheben ist sein Sieg im\nBBAG-Auktionsrennen in Hoppegarten 2013, sein dritter Platz im Dr.\nBusch-Memorial, einem Gruppe III Rennen f\u00fcr Dreij\u00e4hrige in Krefeld, und ein\nvierter Platz im Premio Bereguardo, einem Listenrennen in Mailand 2015. Sein\nbestes GAG betrug 90,5 kg.<\/p>\n\n\n\n<p>Seine Lebensgewinnsumme betr\u00e4gt 46.420,&#8211; EUR.<\/p>\n\n\n\n<p>Er war 2.Reservesieger des Schaufensters Vollblut 2013!<\/p>\n\n\n<p><!--EndFragment--><\/p>\n<p style=\"text-align: center;\"><a href=\"https:\/\/eu-besamungsstation.soederhof.de\/wp-content\/uploads\/2019\/01\/Ideal-Rennen.jpeg\" target=\"_blank\" rel=\"noopener\"><img loading=\"lazy\" decoding=\"async\" class=\"alignnone wp-image-1367 size-large\" src=\"https:\/\/eu-besamungsstation.soederhof.de\/wp-content\/uploads\/2019\/01\/Ideal-Rennen-1024x739.jpeg\" alt=\"\" width=\"800\" height=\"577\" srcset=\"https:\/\/eu-besamungsstation.soederhof.de\/wp-content\/uploads\/2019\/01\/Ideal-Rennen-1024x739.jpeg 1024w, https:\/\/eu-besamungsstation.soederhof.de\/wp-content\/uploads\/2019\/01\/Ideal-Rennen-300x217.jpeg 300w, https:\/\/eu-besamungsstation.soederhof.de\/wp-content\/uploads\/2019\/01\/Ideal-Rennen-768x555.jpeg 768w\" sizes=\"auto, (max-width: 800px) 100vw, 800px\" \/><\/a><\/p>\n<p><iframe loading=\"lazy\" width=\"800\" height=\"450\" src=\"https:\/\/www.youtube.com\/embed\/_--rK1QvD8o?feature=oembed\" frameborder=\"0\" allow=\"accelerometer; autoplay; encrypted-media; gyroscope; picture-in-picture\" allowfullscreen><\/iframe><\/p>\n<p><\/p>\n\n\n<p>IDEAL xx, ein ungemein harter und trockener Vollbl\u00fcter, ist ausgestattet mit einem feinen Gesicht, gro\u00dfem&nbsp; Auge und klaren Linien. Auf korrektem Fundament stehend verf\u00fcgt dabei \u00fcber 3 sehr klare und gute, taktsichere Grundgangarten.<\/p>\n\n\n\n<p>Im Schritt wei\u00df er zu jeder Zeit durch Ruhe, Raumgriff und\n\u00dcbertritt zu gefallen.<\/p>\n\n\n\n<p>Die Mechanik im Trab ist unerh\u00f6rt elastisch, schwingend,\nkadenziert und von Antritt aus einem sehr gut durchfu\u00dfenden, immer unter den\nSchwerpunkt tretenden Hinterbein gekennzeichnet.<\/p>\n\n\n\n<p>Der Galopp ist gut bergauf gesprungen.<\/p>\n\n\n<div style=\"width: 800px;\" class=\"wp-video\"><video class=\"wp-video-shortcode\" id=\"video-1356-1\" width=\"800\" height=\"453\" preload=\"metadata\" controls=\"controls\"><source type=\"video\/mp4\" src=\"https:\/\/eu-besamungsstation.soederhof.de\/wp-content\/uploads\/2019\/03\/55457455_2140357666043617_6888231563075219444_n.mp4?_=1\" \/><a href=\"https:\/\/eu-besamungsstation.soederhof.de\/wp-content\/uploads\/2019\/03\/55457455_2140357666043617_6888231563075219444_n.mp4\">https:\/\/eu-besamungsstation.soederhof.de\/wp-content\/uploads\/2019\/03\/55457455_2140357666043617_6888231563075219444_n.mp4<\/a><\/video><\/div>\n\n\n<p>Hervorzuheben ist seine au\u00dfergew\u00f6hnliche Rittigkeit und\nLeistungsbereitschaft, kombiniert mit einer hohen Versammlungsbereitschaft.<\/p>\n\n\n\n<p>Im Umgang besticht er durch sein freundliches und ruhiges, jedoch hellwaches und schelmisches Wesen. <\/p>\n\n\n<p style=\"text-align: center;\"><a href=\"https:\/\/eu-besamungsstation.soederhof.de\/wp-content\/uploads\/2019\/02\/Ideal-kopf.jpg\" target=\"_blank\" rel=\"noopener\"><img loading=\"lazy\" decoding=\"async\" class=\"alignnone wp-image-1513 size-full\" src=\"https:\/\/eu-besamungsstation.soederhof.de\/wp-content\/uploads\/2019\/02\/Ideal-kopf.jpg\" alt=\"\" width=\"640\" height=\"960\" srcset=\"https:\/\/eu-besamungsstation.soederhof.de\/wp-content\/uploads\/2019\/02\/Ideal-kopf.jpg 640w, https:\/\/eu-besamungsstation.soederhof.de\/wp-content\/uploads\/2019\/02\/Ideal-kopf-200x300.jpg 200w\" sizes=\"auto, (max-width: 640px) 100vw, 640px\" \/><\/a><\/p>\n\n\n<p>Beim Springen mit viel Esprit, egal ob im Parcours oder im Gel\u00e4nde, immer mit Freude, Mut und Herz bei der Sache, geht er auf die Spr\u00fcnge zu und will \u201edr\u00fcber\u201c.<\/p>\n\n\n\n<figure class=\"wp-block-image\"><img loading=\"lazy\" decoding=\"async\" width=\"578\" height=\"399\" src=\"https:\/\/eu-besamungsstation.soederhof.de\/wp-content\/uploads\/2019\/01\/Ideal-Aufsprung.jpg\" alt=\"\" class=\"wp-image-1368\" srcset=\"https:\/\/eu-besamungsstation.soederhof.de\/wp-content\/uploads\/2019\/01\/Ideal-Aufsprung.jpg 578w, https:\/\/eu-besamungsstation.soederhof.de\/wp-content\/uploads\/2019\/01\/Ideal-Aufsprung-300x207.jpg 300w\" sizes=\"auto, (max-width: 578px) 100vw, 578px\" \/><\/figure>\n\n\n<p><\/p>\n<p>Vater Areion xx war Champion Dreij\u00e4hriger 1998 in Deutschland, dreimaliger Champion der Deckhengste in Deutschland und mehrmaliger Champion der Zweij\u00e4hrigenvererber.<\/p>\n\n\n<p><\/p>\n\n\n\n<figure class=\"wp-block-image\"><img loading=\"lazy\" decoding=\"async\" width=\"640\" height=\"480\" src=\"https:\/\/eu-besamungsstation.soederhof.de\/wp-content\/uploads\/2019\/01\/Araion.jpg\" alt=\"\" class=\"wp-image-1365\" srcset=\"https:\/\/eu-besamungsstation.soederhof.de\/wp-content\/uploads\/2019\/01\/Araion.jpg 640w, https:\/\/eu-besamungsstation.soederhof.de\/wp-content\/uploads\/2019\/01\/Araion-300x225.jpg 300w\" sizes=\"auto, (max-width: 640px) 100vw, 640px\" \/><figcaption>Vater Areion<br><br><\/figcaption><\/figure>\n\n\n\n<p>Die Mutter INTSCHU TSCHUNA xx ist eine Vollschwester des in Westfalen anerkannten Warendorfer Landbesch\u00e4lers INTENDANT xx. Damit ist auch er ein Vertreter der Familie der IRUN xx, die neben zahlreichen Vollbl\u00fctern aus einer Anpaarung mit FLORESTAN den Ausnahme Eventer FREE EASY NRW brachte.<\/p>\n\n\n\n<figure class=\"wp-block-image\"><img loading=\"lazy\" decoding=\"async\" width=\"640\" height=\"427\" src=\"https:\/\/eu-besamungsstation.soederhof.de\/wp-content\/uploads\/2019\/01\/Lando.jpg\" alt=\"\" class=\"wp-image-1369\" srcset=\"https:\/\/eu-besamungsstation.soederhof.de\/wp-content\/uploads\/2019\/01\/Lando.jpg 640w, https:\/\/eu-besamungsstation.soederhof.de\/wp-content\/uploads\/2019\/01\/Lando-300x200.jpg 300w\" sizes=\"auto, (max-width: 640px) 100vw, 640px\" \/><figcaption>Muttervater Lando<\/figcaption><\/figure>\n\n\n<p><\/p>\n<p>Stammbaum Ideal xx<\/p>\n<p><a href=\"https:\/\/eu-besamungsstation.soederhof.de\/wp-content\/uploads\/2019\/01\/Stammbaum-Ideal.jpg\"><img loading=\"lazy\" decoding=\"async\" class=\"size-medium wp-image-1384 aligncenter\" src=\"https:\/\/eu-besamungsstation.soederhof.de\/wp-content\/uploads\/2019\/01\/Stammbaum-Ideal-300x223.jpg\" alt=\"\" width=\"300\" height=\"223\" srcset=\"https:\/\/eu-besamungsstation.soederhof.de\/wp-content\/uploads\/2019\/01\/Stammbaum-Ideal-300x223.jpg 300w, https:\/\/eu-besamungsstation.soederhof.de\/wp-content\/uploads\/2019\/01\/Stammbaum-Ideal-768x570.jpg 768w, https:\/\/eu-besamungsstation.soederhof.de\/wp-content\/uploads\/2019\/01\/Stammbaum-Ideal.jpg 902w\" sizes=\"auto, (max-width: 300px) 100vw, 300px\" \/><\/a><\/p>\n<p><\/p>\n<p style=\"text-align: center;\"><a href=\"https:\/\/eu-besamungsstation.soederhof.de\/wp-content\/uploads\/2019\/02\/Ideal-Hintern.jpg\" target=\"_blank\" rel=\"noopener\"><img loading=\"lazy\" decoding=\"async\" class=\"alignnone wp-image-1514 size-full\" src=\"https:\/\/eu-besamungsstation.soederhof.de\/wp-content\/uploads\/2019\/02\/Ideal-Hintern.jpg\" alt=\"\" width=\"640\" height=\"960\" srcset=\"https:\/\/eu-besamungsstation.soederhof.de\/wp-content\/uploads\/2019\/02\/Ideal-Hintern.jpg 640w, https:\/\/eu-besamungsstation.soederhof.de\/wp-content\/uploads\/2019\/02\/Ideal-Hintern-200x300.jpg 200w\" sizes=\"auto, (max-width: 640px) 100vw, 640px\" \/><\/a><\/p>","protected":false},"excerpt":{"rendered":"<p>v. Areion xx a.d. Intschu Tschuna xx v. Lando xx geb. 2010Dunkelbraun, Stockma\u00df ca. 1,66 mGAG 90,5 kgZ\u00fcchter: Ferdinand Leve, Gest\u00fct Hof WarendorfBesitzer: Dr. Frank Lehnhardt, S\u00f6derhofDecktaxe: 800 \u20ac inkl. MwSt., Frischsamenversand Gek\u00f6rt f\u00fcr Hannover (andere Verb\u00e4nde auf Anfrage) Anerkannt&#8230; <a href=\"https:\/\/eu-besamungsstation.soederhof.de\/en\/ideal-xx\/\" class=\"readmore\">Read more<span class=\"screen-reader-text\">Ideal xx<\/span><span class=\"fa fa-angle-double-right\" aria-hidden=\"true\"><\/span><\/a><\/p>\n","protected":false},"author":1,"featured_media":0,"parent":0,"menu_order":0,"comment_status":"closed","ping_status":"closed","template":"","meta":{"footnotes":""},"class_list":["post-1356","page","type-page","status-publish","hentry"],"translation":{"provider":"WPGlobus","version":"3.0.0","language":"en","enabled_languages":["de","en"],"languages":{"de":{"title":true,"content":true,"excerpt":false},"en":{"title":false,"content":false,"excerpt":false}}},"yoast_head":"<!-- This site is optimized with the Yoast SEO plugin v26.6 - https:\/\/yoast.com\/wordpress\/plugins\/seo\/ -->\n<title>Ideal xx - S\u00f6derhof<\/title>\n<meta name=\"robots\" content=\"index, follow, max-snippet:-1, max-image-preview:large, max-video-preview:-1\" \/>\n<link rel=\"canonical\" href=\"https:\/\/eu-besamungsstation.soederhof.de\/ideal-xx\/\" \/>\n<meta property=\"og:locale\" content=\"en_US\" \/>\n<meta property=\"og:type\" content=\"article\" \/>\n<meta property=\"og:title\" content=\"Ideal xx - S\u00f6derhof\" \/>\n<meta property=\"og:url\" content=\"https:\/\/eu-besamungsstation.soederhof.de\/ideal-xx\/\" \/>\n<meta property=\"og:site_name\" content=\"S\u00f6derhof\" \/>\n<meta property=\"article:modified_time\" content=\"2019-05-22T08:33:19+00:00\" \/>\n<meta property=\"og:image\" content=\"https:\/\/eu-besamungsstation.soederhof.de\/wp-content\/uploads\/2019\/04\/Ideal-Stand-klein.jpg\" \/>\n<meta name=\"twitter:card\" content=\"summary_large_image\" \/>\n<meta name=\"twitter:label1\" content=\"Est. reading time\" \/>\n\t<meta name=\"twitter:data1\" content=\"2 minutes\" \/>\n<script type=\"application\/ld+json\" class=\"yoast-schema-graph\">{\"@context\":\"https:\/\/schema.org\",\"@graph\":[{\"@type\":\"WebPage\",\"@id\":\"https:\/\/eu-besamungsstation.soederhof.de\/ideal-xx\/\",\"url\":\"https:\/\/eu-besamungsstation.soederhof.de\/ideal-xx\/\",\"name\":\"Ideal xx - S\u00f6derhof\",\"isPartOf\":{\"@id\":\"https:\/\/eu-besamungsstation.soederhof.de\/#website\"},\"primaryImageOfPage\":{\"@id\":\"https:\/\/eu-besamungsstation.soederhof.de\/ideal-xx\/#primaryimage\"},\"image\":{\"@id\":\"https:\/\/eu-besamungsstation.soederhof.de\/ideal-xx\/#primaryimage\"},\"thumbnailUrl\":\"https:\/\/eu-besamungsstation.soederhof.de\/wp-content\/uploads\/2019\/04\/Ideal-Stand-klein.jpg\",\"datePublished\":\"2019-01-01T17:58:07+00:00\",\"dateModified\":\"2019-05-22T08:33:19+00:00\",\"description\":\"\\\"Die Adresse f\u00fcr Edelblut\\\" - EU-Besamungsstation - Zucht- und Ausbildungsstall\",\"breadcrumb\":{\"@id\":\"https:\/\/eu-besamungsstation.soederhof.de\/ideal-xx\/#breadcrumb\"},\"inLanguage\":\"en-US\",\"potentialAction\":[{\"@type\":\"ReadAction\",\"target\":[\"https:\/\/eu-besamungsstation.soederhof.de\/ideal-xx\/\"]}]},{\"@type\":\"ImageObject\",\"inLanguage\":\"en-US\",\"@id\":\"https:\/\/eu-besamungsstation.soederhof.de\/ideal-xx\/#primaryimage\",\"url\":\"https:\/\/eu-besamungsstation.soederhof.de\/wp-content\/uploads\/2019\/04\/Ideal-Stand-klein.jpg\",\"contentUrl\":\"https:\/\/eu-besamungsstation.soederhof.de\/wp-content\/uploads\/2019\/04\/Ideal-Stand-klein.jpg\"},{\"@type\":\"BreadcrumbList\",\"@id\":\"https:\/\/eu-besamungsstation.soederhof.de\/ideal-xx\/#breadcrumb\",\"itemListElement\":[{\"@type\":\"ListItem\",\"position\":1,\"name\":\"Startseite\",\"item\":\"https:\/\/eu-besamungsstation.soederhof.de\/\"},{\"@type\":\"ListItem\",\"position\":2,\"name\":\"Ideal xx\"}]},{\"@type\":\"WebSite\",\"@id\":\"https:\/\/eu-besamungsstation.soederhof.de\/#website\",\"url\":\"https:\/\/eu-besamungsstation.soederhof.de\/\",\"name\":\"S\u00f6derhof\",\"description\":\"Die Adresse f\u00fcr Edelblut\",\"publisher\":{\"@id\":\"https:\/\/eu-besamungsstation.soederhof.de\/#organization\"},\"potentialAction\":[{\"@type\":\"SearchAction\",\"target\":{\"@type\":\"EntryPoint\",\"urlTemplate\":\"https:\/\/eu-besamungsstation.soederhof.de\/?s={search_term_string}\"},\"query-input\":{\"@type\":\"PropertyValueSpecification\",\"valueRequired\":true,\"valueName\":\"search_term_string\"}}],\"inLanguage\":\"en-US\"},{\"@type\":\"Organization\",\"@id\":\"https:\/\/eu-besamungsstation.soederhof.de\/#organization\",\"name\":\"S\u00f6derhof\",\"url\":\"https:\/\/eu-besamungsstation.soederhof.de\/\",\"logo\":{\"@type\":\"ImageObject\",\"inLanguage\":\"en-US\",\"@id\":\"https:\/\/eu-besamungsstation.soederhof.de\/#\/schema\/logo\/image\/\",\"url\":\"https:\/\/www.soederhof.de\/wp-content\/uploads\/2020\/01\/logo.png\",\"contentUrl\":\"https:\/\/www.soederhof.de\/wp-content\/uploads\/2020\/01\/logo.png\",\"width\":369,\"height\":166,\"caption\":\"S\u00f6derhof\"},\"image\":{\"@id\":\"https:\/\/eu-besamungsstation.soederhof.de\/#\/schema\/logo\/image\/\"}}]}<\/script>\n<!-- \/ Yoast SEO plugin. -->","yoast_head_json":{"title":"Ideal xx - S\u00f6derhof","robots":{"index":"index","follow":"follow","max-snippet":"max-snippet:-1","max-image-preview":"max-image-preview:large","max-video-preview":"max-video-preview:-1"},"canonical":"https:\/\/eu-besamungsstation.soederhof.de\/ideal-xx\/","og_locale":"en_US","og_type":"article","og_title":"Ideal xx - S\u00f6derhof","og_url":"https:\/\/eu-besamungsstation.soederhof.de\/ideal-xx\/","og_site_name":"S\u00f6derhof","article_modified_time":"2019-05-22T08:33:19+00:00","og_image":[{"url":"https:\/\/eu-besamungsstation.soederhof.de\/wp-content\/uploads\/2019\/04\/Ideal-Stand-klein.jpg","type":"","width":"","height":""}],"twitter_card":"summary_large_image","twitter_misc":{"Est. reading time":"2 minutes"},"schema":{"@context":"https:\/\/schema.org","@graph":[{"@type":"WebPage","@id":"https:\/\/eu-besamungsstation.soederhof.de\/ideal-xx\/","url":"https:\/\/eu-besamungsstation.soederhof.de\/ideal-xx\/","name":"Ideal xx - S\u00f6derhof","isPartOf":{"@id":"https:\/\/eu-besamungsstation.soederhof.de\/#website"},"primaryImageOfPage":{"@id":"https:\/\/eu-besamungsstation.soederhof.de\/ideal-xx\/#primaryimage"},"image":{"@id":"https:\/\/eu-besamungsstation.soederhof.de\/ideal-xx\/#primaryimage"},"thumbnailUrl":"https:\/\/eu-besamungsstation.soederhof.de\/wp-content\/uploads\/2019\/04\/Ideal-Stand-klein.jpg","datePublished":"2019-01-01T17:58:07+00:00","dateModified":"2019-05-22T08:33:19+00:00","description":"\"Die Adresse f\u00fcr Edelblut\" - EU-Besamungsstation - Zucht- und Ausbildungsstall","breadcrumb":{"@id":"https:\/\/eu-besamungsstation.soederhof.de\/ideal-xx\/#breadcrumb"},"inLanguage":"en-US","potentialAction":[{"@type":"ReadAction","target":["https:\/\/eu-besamungsstation.soederhof.de\/ideal-xx\/"]}]},{"@type":"ImageObject","inLanguage":"en-US","@id":"https:\/\/eu-besamungsstation.soederhof.de\/ideal-xx\/#primaryimage","url":"https:\/\/eu-besamungsstation.soederhof.de\/wp-content\/uploads\/2019\/04\/Ideal-Stand-klein.jpg","contentUrl":"https:\/\/eu-besamungsstation.soederhof.de\/wp-content\/uploads\/2019\/04\/Ideal-Stand-klein.jpg"},{"@type":"BreadcrumbList","@id":"https:\/\/eu-besamungsstation.soederhof.de\/ideal-xx\/#breadcrumb","itemListElement":[{"@type":"ListItem","position":1,"name":"Startseite","item":"https:\/\/eu-besamungsstation.soederhof.de\/"},{"@type":"ListItem","position":2,"name":"Ideal xx"}]},{"@type":"WebSite","@id":"https:\/\/eu-besamungsstation.soederhof.de\/#website","url":"https:\/\/eu-besamungsstation.soederhof.de\/","name":"S\u00f6derhof","description":"Die Adresse f\u00fcr Edelblut","publisher":{"@id":"https:\/\/eu-besamungsstation.soederhof.de\/#organization"},"potentialAction":[{"@type":"SearchAction","target":{"@type":"EntryPoint","urlTemplate":"https:\/\/eu-besamungsstation.soederhof.de\/?s={search_term_string}"},"query-input":{"@type":"PropertyValueSpecification","valueRequired":true,"valueName":"search_term_string"}}],"inLanguage":"en-US"},{"@type":"Organization","@id":"https:\/\/eu-besamungsstation.soederhof.de\/#organization","name":"S\u00f6derhof","url":"https:\/\/eu-besamungsstation.soederhof.de\/","logo":{"@type":"ImageObject","inLanguage":"en-US","@id":"https:\/\/eu-besamungsstation.soederhof.de\/#\/schema\/logo\/image\/","url":"https:\/\/www.soederhof.de\/wp-content\/uploads\/2020\/01\/logo.png","contentUrl":"https:\/\/www.soederhof.de\/wp-content\/uploads\/2020\/01\/logo.png","width":369,"height":166,"caption":"S\u00f6derhof"},"image":{"@id":"https:\/\/eu-besamungsstation.soederhof.de\/#\/schema\/logo\/image\/"}}]}},"_links":{"self":[{"href":"https:\/\/eu-besamungsstation.soederhof.de\/en\/wp-json\/wp\/v2\/pages\/1356","targetHints":{"allow":["GET"]}}],"collection":[{"href":"https:\/\/eu-besamungsstation.soederhof.de\/en\/wp-json\/wp\/v2\/pages"}],"about":[{"href":"https:\/\/eu-besamungsstation.soederhof.de\/en\/wp-json\/wp\/v2\/types\/page"}],"author":[{"embeddable":true,"href":"https:\/\/eu-besamungsstation.soederhof.de\/en\/wp-json\/wp\/v2\/users\/1"}],"replies":[{"embeddable":true,"href":"https:\/\/eu-besamungsstation.soederhof.de\/en\/wp-json\/wp\/v2\/comments?post=1356"}],"version-history":[{"count":45,"href":"https:\/\/eu-besamungsstation.soederhof.de\/en\/wp-json\/wp\/v2\/pages\/1356\/revisions"}],"predecessor-version":[{"id":1660,"href":"https:\/\/eu-besamungsstation.soederhof.de\/en\/wp-json\/wp\/v2\/pages\/1356\/revisions\/1660"}],"wp:attachment":[{"href":"https:\/\/eu-besamungsstation.soederhof.de\/en\/wp-json\/wp\/v2\/media?parent=1356"}],"curies":[{"name":"wp","href":"https:\/\/api.w.org\/{rel}","templated":true}]}}