{"id":1715,"date":"2019-06-26T17:00:00","date_gmt":"2019-06-26T15:00:00","guid":{"rendered":"http:\/\/www.soederhof.de\/?page_id=1715"},"modified":"2026-01-29T18:35:09","modified_gmt":"2026-01-29T17:35:09","slug":"cestuy-la-de-lesques-aa","status":"publish","type":"page","link":"https:\/\/eu-besamungsstation.soederhof.de\/en\/cestuy-la-de-lesques-aa\/","title":{"rendered":"Cestuy La de L\u2019Esques AA"},"content":{"rendered":"\r\n<p style=\"text-align: center;\">by King Size AA out of Gaia of Ultan AA by Ultan AA<br \/>\r\nborn in 2012<br \/>\r\nBay, 16.1 hh<br \/>\r\nBreeder: Laurent Jamault, Haras de L\u2019Esques<br \/>\r\nOwner: Eva Gygax K\u00fcnzli<\/p>\r\n<p style=\"text-align: center;\"><strong>Stud fee:<\/strong><\/p>\r\n<p style=\"text-align: center;\"><strong>\u00a0 \u00a0 \u00a0 \u00a0 \u00a0 \u00a0Chilled Semen:<\/strong> 1.100 \u20ac + 7% Mwst<\/p>\r\n<p style=\"text-align: center;\"><strong>Frozen semen:<\/strong> 900 \u20ac + 7% VAT for 2 doses<\/p>\r\n<p>&nbsp;<\/p>\r\n<p style=\"text-align: center;\"><a href=\"https:\/\/eu-besamungsstation.soederhof.de\/wp-content\/uploads\/2025\/11\/IMG_0002.jpeg\" target=\"_blank\" rel=\"noreferrer noopener\"><img loading=\"lazy\" decoding=\"async\" class=\"alignnone wp-image-3331 size-full\" src=\"https:\/\/eu-besamungsstation.soederhof.de\/wp-content\/uploads\/2025\/11\/IMG_0002.jpeg\" alt=\"\" width=\"772\" height=\"497\" srcset=\"https:\/\/eu-besamungsstation.soederhof.de\/wp-content\/uploads\/2025\/11\/IMG_0002.jpeg 772w, https:\/\/eu-besamungsstation.soederhof.de\/wp-content\/uploads\/2025\/11\/IMG_0002-300x193.jpeg 300w, https:\/\/eu-besamungsstation.soederhof.de\/wp-content\/uploads\/2025\/11\/IMG_0002-768x494.jpeg 768w\" sizes=\"auto, (max-width: 772px) 100vw, 772px\" \/><\/a><\/p>\r\n<div class=\"wp-block-image\" style=\"text-align: center;\">\r\n<figure class=\"aligncenter\">\r\n<figcaption><br \/>\r\nCestuy La de L\u2019Esques <em>(Foto: Privat)<\/em><\/figcaption>\r\n<\/figure>\r\n<\/div>\r\n\r\n\r\n<p style=\"text-align: center;\">\u00a0<\/p>\r\n\r\n\r\n<p style=\"text-align: center;\">Licensed by the Anglo-Arabian Association, Hannovarian Association, Selle Fran\u00e7ais, Swiss Sportshorses, Trakehner Association, Holstein Global and South German Sportshorse Associations.<\/p>\r\n<p class=\"has-text-align-center\" style=\"text-align: center;\">All other associations possible with a single breeding permit.<\/p>\r\n<p>&nbsp;<\/p>\r\n<p>&nbsp;<\/p>\r\n<p><a href=\"https:\/\/eu-besamungsstation.soederhof.de\/wp-content\/uploads\/2025\/11\/IMG_0003.jpeg\"><img loading=\"lazy\" decoding=\"async\" class=\"alignnone size-full wp-image-3330\" src=\"https:\/\/eu-besamungsstation.soederhof.de\/wp-content\/uploads\/2025\/11\/IMG_0003.jpeg\" alt=\"\" width=\"960\" height=\"679\" srcset=\"https:\/\/eu-besamungsstation.soederhof.de\/wp-content\/uploads\/2025\/11\/IMG_0003.jpeg 960w, https:\/\/eu-besamungsstation.soederhof.de\/wp-content\/uploads\/2025\/11\/IMG_0003-300x212.jpeg 300w, https:\/\/eu-besamungsstation.soederhof.de\/wp-content\/uploads\/2025\/11\/IMG_0003-768x543.jpeg 768w\" sizes=\"auto, (max-width: 960px) 100vw, 960px\" \/><\/a><\/p>\r\n<p>Foto Ingo W\u00e4chter<\/p>\r\n<p>&nbsp;<\/p>\r\n<p><a href=\"https:\/\/eu-besamungsstation.soederhof.de\/wp-content\/uploads\/2025\/11\/IMG_0001.jpeg\"><img loading=\"lazy\" decoding=\"async\" class=\"size-full wp-image-3332 aligncenter\" src=\"https:\/\/eu-besamungsstation.soederhof.de\/wp-content\/uploads\/2025\/11\/IMG_0001.jpeg\" alt=\"\" width=\"772\" height=\"497\" srcset=\"https:\/\/eu-besamungsstation.soederhof.de\/wp-content\/uploads\/2025\/11\/IMG_0001.jpeg 772w, https:\/\/eu-besamungsstation.soederhof.de\/wp-content\/uploads\/2025\/11\/IMG_0001-300x193.jpeg 300w, https:\/\/eu-besamungsstation.soederhof.de\/wp-content\/uploads\/2025\/11\/IMG_0001-768x494.jpeg 768w\" sizes=\"auto, (max-width: 772px) 100vw, 772px\" \/><\/a><\/p>\r\n<p>&nbsp;<\/p>\r\n\r\n<figure id=\"attachment_3138\" aria-describedby=\"caption-attachment-3138\" style=\"width: 800px\" class=\"wp-caption aligncenter\"><a href=\"https:\/\/eu-besamungsstation.soederhof.de\/wp-content\/uploads\/2023\/02\/print_23-THS-CestuyLaDeLEsques_JB_04769-scaled.jpg\" target=\"_blank\" rel=\"noopener\"><img loading=\"lazy\" decoding=\"async\" class=\"wp-image-3138 size-large\" src=\"https:\/\/eu-besamungsstation.soederhof.de\/wp-content\/uploads\/2023\/02\/print_23-THS-CestuyLaDeLEsques_JB_04769-1024x683.jpg\" alt=\"\" width=\"800\" height=\"534\" srcset=\"https:\/\/eu-besamungsstation.soederhof.de\/wp-content\/uploads\/2023\/02\/print_23-THS-CestuyLaDeLEsques_JB_04769-1024x683.jpg 1024w, https:\/\/eu-besamungsstation.soederhof.de\/wp-content\/uploads\/2023\/02\/print_23-THS-CestuyLaDeLEsques_JB_04769-300x200.jpg 300w, https:\/\/eu-besamungsstation.soederhof.de\/wp-content\/uploads\/2023\/02\/print_23-THS-CestuyLaDeLEsques_JB_04769-768x512.jpg 768w, https:\/\/eu-besamungsstation.soederhof.de\/wp-content\/uploads\/2023\/02\/print_23-THS-CestuyLaDeLEsques_JB_04769-1536x1024.jpg 1536w, https:\/\/eu-besamungsstation.soederhof.de\/wp-content\/uploads\/2023\/02\/print_23-THS-CestuyLaDeLEsques_JB_04769-2048x1365.jpg 2048w\" sizes=\"auto, (max-width: 800px) 100vw, 800px\" \/><\/a><figcaption id=\"caption-attachment-3138\" class=\"wp-caption-text\">Cestuy La De L&#8217;Esques AA ( Foto Jutta Bauernschmitt)<\/figcaption><\/figure>\r\n\r\n<p>&nbsp;<\/p>\r\n<p>&nbsp;<\/p>\r\n\r\n<p><iframe loading=\"lazy\" title=\"YouTube video player\" src=\"https:\/\/www.youtube-nocookie.com\/embed\/r3i6uXEAyos\" width=\"560\" height=\"315\" frameborder=\"0\" allowfullscreen=\"allowfullscreen\"><\/iframe><\/p>\r\n<p><strong>A star for the future!<\/strong><\/p>\r\n<p>His pedigree is peppered with international Anglo-Arabic jumping and performance genes of special quality. He has an almost perfect body, jumps like a cat, and possesses intelligence and charisma.<\/p>\r\n<p>Cestuy La de L\u2019Esques has a lot to pass on his foals: Movement, canter, caution and strength at the jump and its special chic! With Thomas Carlile he is in the best possible hands for competition and is treated as a \u201cstar of the future\u201d there.<\/p>\r\n<p>His first foals were born in 2018.<\/p>\r\n<p>In 2019, Cestuy La de L\u2019Esques was CIC3*-S successful several times and qualified early on for the World Championships for young eventing horses in Le Lion d\u2019Angers, where he placed 7th.<\/p>\r\n<p>https:\/\/www.facebook.com\/FFEequipesdeFrance\/videos\/560747717760199\/UzpfSTEyNDY3MDgwNzcxNjQzMjoxMTgxODEzOTkyMDAyMTAz\/<\/p>\r\n<p><a href=\"https:\/\/eu-besamungsstation.soederhof.de\/wp-content\/uploads\/2024\/05\/ea06d6af-0e0a-4390-941b-d103c4a266f4.jpeg\" target=\"_blank\" rel=\"noopener\"><img loading=\"lazy\" decoding=\"async\" class=\"wp-image-3267 size-large aligncenter\" src=\"https:\/\/eu-besamungsstation.soederhof.de\/wp-content\/uploads\/2024\/05\/ea06d6af-0e0a-4390-941b-d103c4a266f4-1024x682.jpeg\" alt=\"\" width=\"800\" height=\"533\" srcset=\"https:\/\/eu-besamungsstation.soederhof.de\/wp-content\/uploads\/2024\/05\/ea06d6af-0e0a-4390-941b-d103c4a266f4-1024x682.jpeg 1024w, https:\/\/eu-besamungsstation.soederhof.de\/wp-content\/uploads\/2024\/05\/ea06d6af-0e0a-4390-941b-d103c4a266f4-300x200.jpeg 300w, https:\/\/eu-besamungsstation.soederhof.de\/wp-content\/uploads\/2024\/05\/ea06d6af-0e0a-4390-941b-d103c4a266f4-768x512.jpeg 768w, https:\/\/eu-besamungsstation.soederhof.de\/wp-content\/uploads\/2024\/05\/ea06d6af-0e0a-4390-941b-d103c4a266f4-1536x1023.jpeg 1536w, https:\/\/eu-besamungsstation.soederhof.de\/wp-content\/uploads\/2024\/05\/ea06d6af-0e0a-4390-941b-d103c4a266f4.jpeg 1600w\" sizes=\"auto, (max-width: 800px) 100vw, 800px\" \/><\/a><\/p>\r\n<p>\u00a0 \u00a0 \u00a0 \u00a0 \u00a0 \u00a0 \u00a0Foto Stefan Lafrentz<\/p>\r\n<p>&nbsp;<\/p>\r\n\r\n<figure class=\"wp-block-image\"><img loading=\"lazy\" decoding=\"async\" width=\"987\" height=\"646\" class=\"wp-image-1722\" src=\"https:\/\/eu-besamungsstation.soederhof.de\/wp-content\/uploads\/2019\/06\/Cestuy-La-de-L\u2019Esques_pedigree.jpg\" alt=\"\" srcset=\"https:\/\/eu-besamungsstation.soederhof.de\/wp-content\/uploads\/2019\/06\/Cestuy-La-de-L\u2019Esques_pedigree.jpg 987w, https:\/\/eu-besamungsstation.soederhof.de\/wp-content\/uploads\/2019\/06\/Cestuy-La-de-L\u2019Esques_pedigree-300x196.jpg 300w, https:\/\/eu-besamungsstation.soederhof.de\/wp-content\/uploads\/2019\/06\/Cestuy-La-de-L\u2019Esques_pedigree-768x503.jpg 768w\" sizes=\"auto, (max-width: 987px) 100vw, 987px\" \/><\/figure>\r\n\r\n<p>&nbsp;<\/p>","protected":false},"excerpt":{"rendered":"<p>v. King Size AA a.d. Gaia of Ultan AA v. Ultan AA geb. 2012 braun, Stockma\u00df: 1,65 m Z\u00fcchter: Laurent Jamault, Haras de L&#8217;Esques Besitzer: Eva Gygax K\u00fcnzli Decktaxe: Frischsperma: 1.100 \u20ac + 7% Mwst Bei Bestellung von Tiefgefriersperma: 500&#8230; <a href=\"https:\/\/eu-besamungsstation.soederhof.de\/en\/cestuy-la-de-lesques-aa\/\" class=\"readmore\">Read more<span class=\"screen-reader-text\">Cestuy La de L\u2019Esques AA<\/span><span class=\"fa fa-angle-double-right\" aria-hidden=\"true\"><\/span><\/a><\/p>\n","protected":false},"author":1,"featured_media":0,"parent":0,"menu_order":0,"comment_status":"closed","ping_status":"closed","template":"","meta":{"footnotes":""},"class_list":["post-1715","page","type-page","status-publish","hentry"],"translation":{"provider":"WPGlobus","version":"3.0.0","language":"en","enabled_languages":["de","en"],"languages":{"de":{"title":true,"content":true,"excerpt":false},"en":{"title":true,"content":true,"excerpt":false}}},"yoast_head":"<!-- This site is optimized with the Yoast SEO plugin v26.6 - https:\/\/yoast.com\/wordpress\/plugins\/seo\/ -->\n<title>Cestuy La de L\u2019Esques AA - S\u00f6derhof<\/title>\n<meta name=\"robots\" content=\"index, follow, max-snippet:-1, max-image-preview:large, max-video-preview:-1\" \/>\n<link rel=\"canonical\" href=\"https:\/\/eu-besamungsstation.soederhof.de\/cestuy-la-de-lesques-aa\/\" \/>\n<meta property=\"og:locale\" content=\"en_US\" \/>\n<meta property=\"og:type\" content=\"article\" \/>\n<meta property=\"og:title\" content=\"Cestuy La de L\u2019Esques AA - S\u00f6derhof\" \/>\n<meta property=\"og:url\" content=\"https:\/\/eu-besamungsstation.soederhof.de\/cestuy-la-de-lesques-aa\/\" \/>\n<meta property=\"og:site_name\" content=\"S\u00f6derhof\" \/>\n<meta property=\"article:modified_time\" content=\"2026-01-29T17:35:09+00:00\" \/>\n<meta property=\"og:image\" content=\"https:\/\/eu-besamungsstation.soederhof.de\/wp-content\/uploads\/2025\/11\/IMG_0002.jpeg\" \/>\n\t<meta property=\"og:image:width\" content=\"772\" \/>\n\t<meta property=\"og:image:height\" content=\"497\" \/>\n\t<meta property=\"og:image:type\" content=\"image\/jpeg\" \/>\n<meta name=\"twitter:card\" content=\"summary_large_image\" \/>\n<meta name=\"twitter:label1\" content=\"Est. reading time\" \/>\n\t<meta name=\"twitter:data1\" content=\"3 minutes\" \/>\n<script type=\"application\/ld+json\" class=\"yoast-schema-graph\">{\"@context\":\"https:\/\/schema.org\",\"@graph\":[{\"@type\":\"WebPage\",\"@id\":\"https:\/\/eu-besamungsstation.soederhof.de\/cestuy-la-de-lesques-aa\/\",\"url\":\"https:\/\/eu-besamungsstation.soederhof.de\/cestuy-la-de-lesques-aa\/\",\"name\":\"Cestuy La de L\u2019Esques AA - S\u00f6derhof\",\"isPartOf\":{\"@id\":\"https:\/\/eu-besamungsstation.soederhof.de\/#website\"},\"primaryImageOfPage\":{\"@id\":\"https:\/\/eu-besamungsstation.soederhof.de\/cestuy-la-de-lesques-aa\/#primaryimage\"},\"image\":{\"@id\":\"https:\/\/eu-besamungsstation.soederhof.de\/cestuy-la-de-lesques-aa\/#primaryimage\"},\"thumbnailUrl\":\"https:\/\/eu-besamungsstation.soederhof.de\/wp-content\/uploads\/2025\/11\/IMG_0002.jpeg\",\"datePublished\":\"2019-06-26T15:00:00+00:00\",\"dateModified\":\"2026-01-29T17:35:09+00:00\",\"description\":\"\\\"Die Adresse f\u00fcr Edelblut\\\" - EU-Besamungsstation - Zucht- und Ausbildungsstall\",\"breadcrumb\":{\"@id\":\"https:\/\/eu-besamungsstation.soederhof.de\/cestuy-la-de-lesques-aa\/#breadcrumb\"},\"inLanguage\":\"en-US\",\"potentialAction\":[{\"@type\":\"ReadAction\",\"target\":[\"https:\/\/eu-besamungsstation.soederhof.de\/cestuy-la-de-lesques-aa\/\"]}]},{\"@type\":\"ImageObject\",\"inLanguage\":\"en-US\",\"@id\":\"https:\/\/eu-besamungsstation.soederhof.de\/cestuy-la-de-lesques-aa\/#primaryimage\",\"url\":\"https:\/\/eu-besamungsstation.soederhof.de\/wp-content\/uploads\/2025\/11\/IMG_0002.jpeg\",\"contentUrl\":\"https:\/\/eu-besamungsstation.soederhof.de\/wp-content\/uploads\/2025\/11\/IMG_0002.jpeg\"},{\"@type\":\"BreadcrumbList\",\"@id\":\"https:\/\/eu-besamungsstation.soederhof.de\/cestuy-la-de-lesques-aa\/#breadcrumb\",\"itemListElement\":[{\"@type\":\"ListItem\",\"position\":1,\"name\":\"Startseite\",\"item\":\"https:\/\/eu-besamungsstation.soederhof.de\/\"},{\"@type\":\"ListItem\",\"position\":2,\"name\":\"Cestuy La de L\u2019Esques AA\"}]},{\"@type\":\"WebSite\",\"@id\":\"https:\/\/eu-besamungsstation.soederhof.de\/#website\",\"url\":\"https:\/\/eu-besamungsstation.soederhof.de\/\",\"name\":\"S\u00f6derhof\",\"description\":\"Die Adresse f\u00fcr Edelblut\",\"publisher\":{\"@id\":\"https:\/\/eu-besamungsstation.soederhof.de\/#organization\"},\"potentialAction\":[{\"@type\":\"SearchAction\",\"target\":{\"@type\":\"EntryPoint\",\"urlTemplate\":\"https:\/\/eu-besamungsstation.soederhof.de\/?s={search_term_string}\"},\"query-input\":{\"@type\":\"PropertyValueSpecification\",\"valueRequired\":true,\"valueName\":\"search_term_string\"}}],\"inLanguage\":\"en-US\"},{\"@type\":\"Organization\",\"@id\":\"https:\/\/eu-besamungsstation.soederhof.de\/#organization\",\"name\":\"S\u00f6derhof\",\"url\":\"https:\/\/eu-besamungsstation.soederhof.de\/\",\"logo\":{\"@type\":\"ImageObject\",\"inLanguage\":\"en-US\",\"@id\":\"https:\/\/eu-besamungsstation.soederhof.de\/#\/schema\/logo\/image\/\",\"url\":\"https:\/\/www.soederhof.de\/wp-content\/uploads\/2020\/01\/logo.png\",\"contentUrl\":\"https:\/\/www.soederhof.de\/wp-content\/uploads\/2020\/01\/logo.png\",\"width\":369,\"height\":166,\"caption\":\"S\u00f6derhof\"},\"image\":{\"@id\":\"https:\/\/eu-besamungsstation.soederhof.de\/#\/schema\/logo\/image\/\"}}]}<\/script>\n<!-- \/ Yoast SEO plugin. -->","yoast_head_json":{"title":"Cestuy La de L\u2019Esques AA - S\u00f6derhof","robots":{"index":"index","follow":"follow","max-snippet":"max-snippet:-1","max-image-preview":"max-image-preview:large","max-video-preview":"max-video-preview:-1"},"canonical":"https:\/\/eu-besamungsstation.soederhof.de\/cestuy-la-de-lesques-aa\/","og_locale":"en_US","og_type":"article","og_title":"Cestuy La de L\u2019Esques AA - S\u00f6derhof","og_url":"https:\/\/eu-besamungsstation.soederhof.de\/cestuy-la-de-lesques-aa\/","og_site_name":"S\u00f6derhof","article_modified_time":"2026-01-29T17:35:09+00:00","og_image":[{"width":772,"height":497,"url":"https:\/\/eu-besamungsstation.soederhof.de\/wp-content\/uploads\/2025\/11\/IMG_0002.jpeg","type":"image\/jpeg"}],"twitter_card":"summary_large_image","twitter_misc":{"Est. reading time":"3 minutes"},"schema":{"@context":"https:\/\/schema.org","@graph":[{"@type":"WebPage","@id":"https:\/\/eu-besamungsstation.soederhof.de\/cestuy-la-de-lesques-aa\/","url":"https:\/\/eu-besamungsstation.soederhof.de\/cestuy-la-de-lesques-aa\/","name":"Cestuy La de L\u2019Esques AA - S\u00f6derhof","isPartOf":{"@id":"https:\/\/eu-besamungsstation.soederhof.de\/#website"},"primaryImageOfPage":{"@id":"https:\/\/eu-besamungsstation.soederhof.de\/cestuy-la-de-lesques-aa\/#primaryimage"},"image":{"@id":"https:\/\/eu-besamungsstation.soederhof.de\/cestuy-la-de-lesques-aa\/#primaryimage"},"thumbnailUrl":"https:\/\/eu-besamungsstation.soederhof.de\/wp-content\/uploads\/2025\/11\/IMG_0002.jpeg","datePublished":"2019-06-26T15:00:00+00:00","dateModified":"2026-01-29T17:35:09+00:00","description":"\"Die Adresse f\u00fcr Edelblut\" - EU-Besamungsstation - Zucht- und Ausbildungsstall","breadcrumb":{"@id":"https:\/\/eu-besamungsstation.soederhof.de\/cestuy-la-de-lesques-aa\/#breadcrumb"},"inLanguage":"en-US","potentialAction":[{"@type":"ReadAction","target":["https:\/\/eu-besamungsstation.soederhof.de\/cestuy-la-de-lesques-aa\/"]}]},{"@type":"ImageObject","inLanguage":"en-US","@id":"https:\/\/eu-besamungsstation.soederhof.de\/cestuy-la-de-lesques-aa\/#primaryimage","url":"https:\/\/eu-besamungsstation.soederhof.de\/wp-content\/uploads\/2025\/11\/IMG_0002.jpeg","contentUrl":"https:\/\/eu-besamungsstation.soederhof.de\/wp-content\/uploads\/2025\/11\/IMG_0002.jpeg"},{"@type":"BreadcrumbList","@id":"https:\/\/eu-besamungsstation.soederhof.de\/cestuy-la-de-lesques-aa\/#breadcrumb","itemListElement":[{"@type":"ListItem","position":1,"name":"Startseite","item":"https:\/\/eu-besamungsstation.soederhof.de\/"},{"@type":"ListItem","position":2,"name":"Cestuy La de L\u2019Esques AA"}]},{"@type":"WebSite","@id":"https:\/\/eu-besamungsstation.soederhof.de\/#website","url":"https:\/\/eu-besamungsstation.soederhof.de\/","name":"S\u00f6derhof","description":"Die Adresse f\u00fcr Edelblut","publisher":{"@id":"https:\/\/eu-besamungsstation.soederhof.de\/#organization"},"potentialAction":[{"@type":"SearchAction","target":{"@type":"EntryPoint","urlTemplate":"https:\/\/eu-besamungsstation.soederhof.de\/?s={search_term_string}"},"query-input":{"@type":"PropertyValueSpecification","valueRequired":true,"valueName":"search_term_string"}}],"inLanguage":"en-US"},{"@type":"Organization","@id":"https:\/\/eu-besamungsstation.soederhof.de\/#organization","name":"S\u00f6derhof","url":"https:\/\/eu-besamungsstation.soederhof.de\/","logo":{"@type":"ImageObject","inLanguage":"en-US","@id":"https:\/\/eu-besamungsstation.soederhof.de\/#\/schema\/logo\/image\/","url":"https:\/\/www.soederhof.de\/wp-content\/uploads\/2020\/01\/logo.png","contentUrl":"https:\/\/www.soederhof.de\/wp-content\/uploads\/2020\/01\/logo.png","width":369,"height":166,"caption":"S\u00f6derhof"},"image":{"@id":"https:\/\/eu-besamungsstation.soederhof.de\/#\/schema\/logo\/image\/"}}]}},"_links":{"self":[{"href":"https:\/\/eu-besamungsstation.soederhof.de\/en\/wp-json\/wp\/v2\/pages\/1715","targetHints":{"allow":["GET"]}}],"collection":[{"href":"https:\/\/eu-besamungsstation.soederhof.de\/en\/wp-json\/wp\/v2\/pages"}],"about":[{"href":"https:\/\/eu-besamungsstation.soederhof.de\/en\/wp-json\/wp\/v2\/types\/page"}],"author":[{"embeddable":true,"href":"https:\/\/eu-besamungsstation.soederhof.de\/en\/wp-json\/wp\/v2\/users\/1"}],"replies":[{"embeddable":true,"href":"https:\/\/eu-besamungsstation.soederhof.de\/en\/wp-json\/wp\/v2\/comments?post=1715"}],"version-history":[{"count":60,"href":"https:\/\/eu-besamungsstation.soederhof.de\/en\/wp-json\/wp\/v2\/pages\/1715\/revisions"}],"predecessor-version":[{"id":3344,"href":"https:\/\/eu-besamungsstation.soederhof.de\/en\/wp-json\/wp\/v2\/pages\/1715\/revisions\/3344"}],"wp:attachment":[{"href":"https:\/\/eu-besamungsstation.soederhof.de\/en\/wp-json\/wp\/v2\/media?parent=1715"}],"curies":[{"name":"wp","href":"https:\/\/api.w.org\/{rel}","templated":true}]}}