{"id":1902,"date":"2020-01-09T10:15:30","date_gmt":"2020-01-09T09:15:30","guid":{"rendered":"http:\/\/www.soederhof.de\/?page_id=1902"},"modified":"2024-12-12T20:05:00","modified_gmt":"2024-12-12T19:05:00","slug":"datenschutzerklaerung","status":"publish","type":"page","link":"https:\/\/eu-besamungsstation.soederhof.de\/en\/datenschutzerklaerung\/","title":{"rendered":"Datenschutzerkl\u00e4rung"},"content":{"rendered":"<div id=\"generator_results\">\n<div id=\"generator_results_content\">\n<h1><span style=\"color: #000000;\">Datenschutzhinweise<\/span><\/h1>\n<h2><span style=\"color: #000000;\">Verantwortlicher<\/span><\/h2>\n<p><span style=\"color: #000000;\">Verantwortlicher im Sinne der Datenschutzgesetze, insbesondere der EU-Datenschutz-Grundverordnung (DSGVO), ist:<\/span><\/p>\n<p class=\"generator_user_input\"><span style=\"color: #000000;\">Maria Lehnhardt<\/span><\/p>\n<h2><span style=\"color: #000000;\">Ihre Betroffenenrechte<\/span><\/h2>\n<p><span style=\"color: #000000;\">Unter den angegebenen Kontaktdaten k\u00f6nnen Sie gem\u00e4\u00df EU-Datenschutz-Grundverordnung (DSGVO) jederzeit folgende Rechte aus\u00fcben:<\/span><\/p>\n<ul>\n<li><span style=\"color: #000000;\">Auskunft \u00fcber Ihre bei uns gespeicherten Daten und deren Verarbeitung (Art. 15 DSGVO),<\/span><\/li>\n<li><span style=\"color: #000000;\">Berichtigung unrichtiger personenbezogener Daten (Art. 16 DSGVO),<\/span><\/li>\n<li><span style=\"color: #000000;\">L\u00f6schung Ihrer bei uns gespeicherten Daten (Art. 17 DSGVO),<\/span><\/li>\n<li><span style=\"color: #000000;\">Einschr\u00e4nkung der Datenverarbeitung, sofern wir Ihre Daten aufgrund gesetzlicher Pflichten noch nicht l\u00f6schen d\u00fcrfen (Art. 18 DSGVO),<\/span><\/li>\n<li><span style=\"color: #000000;\">Widerspruch gegen die Verarbeitung Ihrer Daten bei uns (Art. 21 DSGVO) und<\/span><\/li>\n<li><span style=\"color: #000000;\">Daten\u00fcbertragbarkeit, sofern Sie in die Datenverarbeitung eingewilligt haben oder einen Vertrag mit uns abgeschlossen haben (Art. 20 DSGVO).<\/span><\/li>\n<\/ul>\n<p><span style=\"color: #000000;\">Sofern Sie uns eine Einwilligung erteilt haben, k\u00f6nnen Sie diese jederzeit mit Wirkung f\u00fcr die Zukunft widerrufen.<\/span><\/p>\n<p><span style=\"color: #000000;\">Sie k\u00f6nnen sich jederzeit mit einer Beschwerde an eine Aufsichtsbeh\u00f6rde wenden, z. B. an die zust\u00e4ndige Aufsichtsbeh\u00f6rde des Bundeslands Ihres Wohnsitzes oder an die f\u00fcr uns als verantwortliche Stelle zust\u00e4ndige Beh\u00f6rde.<\/span><\/p>\n<p><span style=\"color: #000000;\">Eine Liste der Aufsichtsbeh\u00f6rden (f\u00fcr den nicht\u00f6ffentlichen Bereich) mit Anschrift finden Sie unter: <a style=\"color: #000000;\" href=\"https:\/\/www.bfdi.bund.de\/DE\/Infothek\/Anschriften_Links\/anschriften_links-node.html\">https:\/\/www.bfdi.bund.de\/DE\/Infothek\/Anschriften_Links\/anschriften_links-node.html<\/a>.<\/span><\/p>\n<h2><span style=\"color: #000000;\">Verarbeitungst\u00e4tigkeiten<\/span><\/h2>\n<h3><span style=\"color: #000000;\">Erfassung allgemeiner Informationen beim Besuch unserer Website<\/span><\/h3>\n<h4><span style=\"color: #000000;\">Art und Zweck der Verarbeitung<\/span><\/h4>\n<p><span style=\"color: #000000;\">Wenn Sie auf unsere Website zugreifen, d.h., wenn Sie sich nicht registrieren oder anderweitig Informationen \u00fcbermitteln, werden automatisch Informationen allgemeiner Natur erfasst. Diese Informationen (Server-Logfiles) beinhalten etwa die Art des Webbrowsers, das verwendete Betriebssystem, den Domainnamen Ihres Internet-Service-Providers, Ihre IP-Adresse und \u00e4hnliches.<\/span><\/p>\n<p><span style=\"color: #000000;\">Sie werden insbesondere zu folgenden Zwecken verarbeitet:<\/span><\/p>\n<ul>\n<li><span style=\"color: #000000;\">zur technisch fehlerfreien Darstellung und Optimierung der Website<\/span><\/li>\n<\/ul>\n<p><span style=\"color: #000000;\">Wir verwenden Ihre Daten nicht, um R\u00fcckschl\u00fcsse auf Ihre Person zu ziehen. Allerdings behalten wir uns vor, die Server-Logfiles nachtr\u00e4glich zu \u00fcberpr\u00fcfen, sollten konkrete Anhaltspunkte auf eine rechtswidrige Nutzung hinweisen.<\/span><\/p>\n<h4><span style=\"color: #000000;\">Rechtsgrundlage und berechtigtes Interesse<\/span><\/h4>\n<p><span style=\"color: #000000;\">Die Verarbeitung erfolgt gem\u00e4\u00df Art. 6 Abs. 1 lit. f DSGVO auf Basis unseres berechtigten Interesses an der Verbesserung der Stabilit\u00e4t und Funktionalit\u00e4t unserer Website sowie der Sicherstellung der Systemsicherheit und Missbrauchserkennung.<\/span><\/p>\n<h4><span style=\"color: #000000;\">Empf\u00e4nger<\/span><\/h4>\n<p><span style=\"color: #000000;\">Empf\u00e4nger der Daten sind ggf. technische Dienstleister, die f\u00fcr den Betrieb und die Wartung unserer Webseite als Auftragsverarbeiter t\u00e4tig werden.<\/span><\/p>\n<h4><span style=\"color: #000000;\">Speicherdauer<\/span><\/h4>\n<p><span style=\"color: #000000;\">Daten werden in Server-Log-Dateien in einer Form, die die Identifizierung der betroffenen Personen erm\u00f6glicht, maximal f\u00fcr 14 Tage gespeichert; es sei denn, dass ein sicherheitsrelevantes Ereignis auftritt (z.B. ein DDoS-Angriff).<\/span><\/p>\n<p><span style=\"color: #000000;\">Im Falle eines solchen Ereignisses werden Server-Log-Dateien bis zur Beseitigung und vollst\u00e4ndigen Aufkl\u00e4rung des sicherheitsrelevanten Ereignisses gespeichert.<\/span><\/p>\n<h4><span style=\"color: #000000;\">Bereitstellung vorgeschrieben oder erforderlich<\/span><\/h4>\n<p><span style=\"color: #000000;\">Die Bereitstellung der vorgenannten personenbezogenen Daten ist weder gesetzlich noch vertraglich vorgeschrieben. Ohne die IP-Adresse ist jedoch der Dienst und die Funktionsf\u00e4higkeit unserer Website nicht gew\u00e4hrleistet. Zudem k\u00f6nnen einzelne Dienste und Services nicht verf\u00fcgbar oder eingeschr\u00e4nkt sein.<\/span><\/p>\n<h4><span style=\"color: #000000;\">Widerspruch<\/span><\/h4>\n<p><span style=\"color: #000000;\">Lesen Sie dazu die Informationen \u00fcber Ihr Widerspruchsrecht nach Art. 21 DSGVO weiter unten.<\/span><\/p>\n<h3><span style=\"color: #000000;\">Kontaktaufnahme<\/span><\/h3>\n<p><span style=\"color: #000000;\">Art und Zweck der Verarbeitung<\/span><\/p>\n<p><span style=\"color: #000000;\">Auf unserer Website ist ein Kontaktformular vorhanden, welches f\u00fcr die elektronische Kontaktaufnahme genutzt werden kann. Nimmt ein Nutzer diese M\u00f6glichkeit wahr, so werden die in der Eingabemaske eingegeben Daten an uns \u00fcbermittelt und gespeichert.<\/span><\/p>\n<p><span style=\"color: #000000;\">Zum Zeitpunkt der Absendung der Nachricht werden zudem folgende Daten gespeichert:<\/span><\/p>\n<ul>\n<li><span style=\"color: #000000;\">Datum und Uhrzeit der Anfrage<\/span><\/li>\n<\/ul>\n<p><span style=\"color: #000000;\">Eine Kontaktaufnahme ist \u00fcber die bereitgestellten E-Mail-Adressen m\u00f6glich. In diesem Fall werden die mit der E-Mail \u00fcbermittelten personenbezogenen Daten des Nutzers gespeichert. Hierzu z\u00e4hlen Datum und Uhrzeit des E-Mailversands, E-Mailadresse, IP-Adressen sowie Informationen zu den an der E-Mail-Kommunikation beteiligten Servern.<\/span><\/p>\n<p><span style=\"color: #000000;\">Sie k\u00f6nnen Sie \u00fcber die bereitgestellten Telefonnummern Kontakt zu uns aufnehmen. Hierbei erheben wir Protokolldaten, die Ihre Telefonnummer und die Dauer des Gespr\u00e4chs beinhalten.<\/span><\/p>\n<p><span style=\"color: #000000;\">Unabh\u00e4ngig von der gew\u00e4hlten Kommunikationsart erheben wir den Inhalt Ihrer Anfrage. Ihre Daten werden zum Zweck der individuellen Kommunikation mit Ihnen gespeichert.<\/span><\/p>\n<h4><span style=\"color: #000000;\">Rechtsgrundlage<\/span><\/h4>\n<p><span style=\"color: #000000;\">Die Verarbeitung der Daten erfolgt auf der Grundlage eines berechtigten Interesses (Art. 6 Abs. 1 lit. f DSGVO).<\/span><\/p>\n<p><span style=\"color: #000000;\">Unser berechtigtes Interesse an der Verarbeitung Ihrer Daten ist die Erm\u00f6glichung einer unkomplizierten Kontaktaufnahme.<\/span><\/p>\n<p><span style=\"color: #000000;\">Sofern Sie mit uns Kontakt aufnehmen, um ein Angebot zu erfragen, erfolgt die Verarbeitung der Daten zur Durchf\u00fchrung vorvertraglicher Ma\u00dfnahmen (Art. 6 Abs. 1 lit. b DSGVO).<\/span><\/p>\n<h4><span style=\"color: #000000;\">Empf\u00e4nger<\/span><\/h4>\n<p><span style=\"color: #000000;\">Empf\u00e4nger der Daten sind ggf. technische Dienstleister, die f\u00fcr den Betrieb und die Wartung unserer Webseite als Auftragsverarbeiter t\u00e4tig werden.<\/span><\/p>\n<h4><span style=\"color: #000000;\">Speicherdauer<\/span><\/h4>\n<p><span style=\"color: #000000;\">Daten werden sp\u00e4testens 6 Monate nach Bearbeitung der Kontaktaufnahme gel\u00f6scht.<\/span><\/p>\n<p><span style=\"color: #000000;\">Sofern es zu einem Vertragsverh\u00e4ltnis kommt, unterliegen wir den gesetzlichen Aufbewahrungsfristen. Diese betragen grunds\u00e4tzlich 6 oder 10 Jahre aus Gr\u00fcnden der ordnungsm\u00e4\u00dfigen Buchf\u00fchrung und steuerrechtlichen Anforderungen.<\/span><\/p>\n<h4><span style=\"color: #000000;\">Bereitstellung vorgeschrieben oder erforderlich<\/span><\/h4>\n<p><span style=\"color: #000000;\">Die Bereitstellung Ihrer personenbezogenen Daten erfolgt freiwillig. Wir k\u00f6nnen Ihre Anfrage jedoch nur bearbeiten, sofern Sie uns die erforderlichen Daten und den Grund der Anfrage mitteilen.<\/span><\/p>\n<h4><span style=\"color: #000000;\">Widerspruch<\/span><\/h4>\n<p><span style=\"color: #000000;\">Lesen Sie dazu die Informationen \u00fcber Ihr Widerspruchsrecht nach Art. 21 DSGVO weiter unten.<\/span><\/p>\n<h2><span style=\"color: #000000;\">Cookies<\/span><\/h2>\n<p><span style=\"color: #000000;\">Ein Cookie ist ein kleiner Datensatz, der beim Besuch einer Website erstellt und auf dem System Websitebesuchers zwischengespeichert wird. Wird der Server dieser Website erneut vom Nutzer der Website aufgerufen, sendet der Browser des Nutzers der Website das zuvor empfangenen Cookie wieder zur\u00fcck an den Server. Der Server kann die durch dieses Verfahren erhaltenen Informationen auswerten. Durch Cookies kann insbesondere das Navigieren auf einer Website erleichtert werden.<\/span><\/p>\n<p><span style=\"color: #000000;\">Ausf\u00fchrliche Informationen zum Thema Cookies, und welche Cookies auf dieser Website zu welchem Zweck im Einsatz sind, k\u00f6nnen Sie jederzeit in den Cookie-Einstellungen aufrufen.<\/span><\/p>\n<h4><span style=\"color: #000000;\">L\u00f6schen von Cookies<\/span><\/h4>\n<p><span style=\"color: #000000;\">Sie k\u00f6nnen einzelne Cookies oder den gesamten Cookie-Bestand l\u00f6schen. Dar\u00fcber hinaus erhalten Sie Informationen und Anleitungen, wie diese Cookies gel\u00f6scht oder deren Speicherung vorab blockiert werden k\u00f6nnen. Je nach Anbieter Ihres Browsers finden Sie die notwendigen Informationen unter den nachfolgenden Links:<\/span><\/p>\n<ul>\n<li><span style=\"color: #000000;\">Mozilla Firefox: <a style=\"color: #000000;\" href=\"https:\/\/support.mozilla.org\/de\/kb\/cookies-loeschen-daten-von-websites-entfernen\">https:\/\/support.mozilla.org\/de\/kb\/cookies-loeschen-daten-von-websites-entfernen<\/a><\/span><\/li>\n<li><span style=\"color: #000000;\">Microsoft Edge: <a style=\"color: #000000;\" href=\"https:\/\/support.microsoft.com\/de-de\/windows\/verwalten-von-cookies-in-microsoft-edge-anzeigen-zulassen-blockieren-l%C3%B6schen-und-verwenden-168dab11-0753-043d-7c16-ede5947fc64d\">https:\/\/support.microsoft.com\/de-de\/windows\/verwalten-von-cookies-in-microsoft-edge-anzeigen-zulassen-blockieren-l%C3%B6schen-und-verwenden-168dab11-0753-043d-7c16-ede5947fc64d<\/a><\/span><\/li>\n<li><span style=\"color: #000000;\">Google Chrome: <a style=\"color: #000000;\" href=\"https:\/\/support.google.com\/accounts\/answer\/61416?hl=de\">https:\/\/support.google.com\/accounts\/answer\/61416?hl=de<\/a><\/span><\/li>\n<li><span style=\"color: #000000;\">Opera: <a style=\"color: #000000;\" href=\"http:\/\/www.opera.com\/de\/help\">http:\/\/www.opera.com\/de\/help<\/a><\/span><\/li>\n<li><span style=\"color: #000000;\">Safari: <a style=\"color: #000000;\" href=\"https:\/\/support.apple.com\/kb\/PH17191?locale=de_DE&amp;viewlocale=de_DE\">https:\/\/support.apple.com\/kb\/PH17191?locale=de_DE&amp;viewlocale=de_DE<\/a><\/span><\/li>\n<\/ul>\n<p><span style=\"color: #000000;\">Zus\u00e4tzlich k\u00f6nnen Sie standardm\u00e4\u00dfig das Laden sog. Scripts verhindern. NoScript erlaubt das Ausf\u00fchren von JavaScript, Java und anderen Plugins nur bei vertrauensw\u00fcrdigen Domains Ihrer Wahl.<\/span><\/p>\n<p><span style=\"color: #000000;\">Informationen und Anleitungen, wie Sie diese Funktion bearbeiten k\u00f6nnen, erhalten Sie \u00fcber den Anbieter Ihres Browsers (z.B. f\u00fcr Mozilla Firefox: <a style=\"color: #000000;\" href=\"https:\/\/addons.mozilla.org\/de\/firefox\/addon\/noscript\/\">https:\/\/addons.mozilla.org\/de\/firefox\/addon\/noscript\/<\/a>).<\/span><\/p>\n<h3><span style=\"color: #000000;\">Technisch notwendige Cookies<\/span><\/h3>\n<h4><span style=\"color: #000000;\">Art und Zweck der Verarbeitung<\/span><\/h4>\n<p><span style=\"color: #000000;\">Wir setzen Cookies ein, um unsere Website nutzerfreundlicher zu gestalten. Einige Elemente unserer Website erfordern es, dass der aufrufende Browser auch nach einem Seitenwechsel identifiziert werden kann.<\/span><\/p>\n<p><span style=\"color: #000000;\">Der Zweck der Verwendung technisch notwendiger Cookies ist, die Nutzung von Websites f\u00fcr die Nutzer zu vereinfachen. Einige Funktionen unserer Website k\u00f6nnen ohne den Einsatz von Cookies nicht angeboten werden. F\u00fcr diese ist es erforderlich, dass der Browser auch nach einem Seitenwechsel wiedererkannt wird.<\/span><\/p>\n<p><span style=\"color: #000000;\">F\u00fcr folgende Anwendungen ben\u00f6tigen wir Cookies:<\/span><\/p>\n<p><span style=\"color: #000000;\">Eine \u00dcbersicht finden \u00fcber die eingesetzten Cookies finden Sie in unserem Cookie-Consent-Tool.<\/span><\/p>\n<h4><span style=\"color: #000000;\">Rechtsgrundlage und berechtigtes Interesse<\/span><\/h4>\n<p><span style=\"color: #000000;\">Die Datenverarbeitung erfolgt insoweit allein auf Basis unseres berechtigten Interesses an einer nutzerfreundlichen Gestaltung unserer Website und an der Dokumentation der Einwilligung gem. Art. 6 Abs. 1 lit. f DSGVO in Verbindung mit einer Abw\u00e4gung nach \u00a725 Abs. 2 TDDDG.<\/span><\/p>\n<h4><span style=\"color: #000000;\">Empf\u00e4nger<\/span><\/h4>\n<p><span style=\"color: #000000;\">Empf\u00e4nger der Daten sind ggf. technische Dienstleister, die f\u00fcr den Betrieb und die Wartung unserer Website als Auftragsverarbeiter t\u00e4tig werden.<\/span><\/p>\n<h4><span style=\"color: #000000;\">Speicherdauer<\/span><\/h4>\n<p><span style=\"color: #000000;\">Die jeweilige Speicherdauer der Cookies entnehmen Sie bitte dem Cookie-Consent-Tool.<\/span><\/p>\n<h4><span style=\"color: #000000;\">Bereitstellung vorgeschrieben oder erforderlich<\/span><\/h4>\n<p><span style=\"color: #000000;\">Die Bereitstellung der vorgenannten personenbezogenen Daten ist weder gesetzlich noch vertraglich vorgeschrieben. Ohne diese Daten sind jedoch der Dienst und die Funktionsf\u00e4higkeit unserer Website nicht gew\u00e4hrleistet. Zudem k\u00f6nnen einzelne Dienste und Services nicht verf\u00fcgbar oder eingeschr\u00e4nkt sein.<\/span><\/p>\n<h4><span style=\"color: #000000;\">Widerspruch<\/span><\/h4>\n<p><span style=\"color: #000000;\">Lesen Sie dazu die Informationen \u00fcber Ihr Widerspruchsrecht nach Art. 21 DSGVO weiter unten.<\/span><\/p>\n<h2><span style=\"color: #000000;\">Information \u00fcber Ihr Widerspruchsrecht nach Art. 21 DSGVO<\/span><\/h2>\n<h3><span style=\"color: #000000;\">Einzelfallbezogenes Widerspruchsrecht<\/span><\/h3>\n<p><span style=\"color: #000000;\">Sie haben das Recht, aus Gr\u00fcnden, die sich aus Ihrer besonderen Situation ergeben, jederzeit gegen die Verarbeitung Sie betreffender personenbezogener Daten, die aufgrund Art. 6 Abs. 1 lit. f DSGVO (Datenverarbeitung auf der Grundlage einer Interessenabw\u00e4gung) erfolgt, Widerspruch einzulegen; dies gilt auch f\u00fcr ein auf diese Bestimmung gest\u00fctztes Profiling im Sinne von Art. 4 Nr. 4 DSGVO.<\/span><\/p>\n<p><span style=\"color: #000000;\">Legen Sie Widerspruch ein, werden wir Ihre personenbezogenen Daten nicht mehr verarbeiten, es sei denn, wir k\u00f6nnen zwingende schutzw\u00fcrdige Gr\u00fcnde f\u00fcr die Verarbeitung nachweisen, die Ihre Interessen, Rechte und Freiheiten \u00fcberwiegen, oder die Verarbeitung dient der Geltendmachung, Aus\u00fcbung oder Verteidigung von Rechtsanspr\u00fcchen.<\/span><\/p>\n<h3><span style=\"color: #000000;\">Empf\u00e4nger eines Widerspruchs<\/span><\/h3>\n<p class=\"generator_user_input\"><span style=\"color: #000000;\">Maria Lehnhardt<\/span><br \/>\n<span style=\"color: #000000;\">H\u00fcnzingen Kolonie 40 \u2013 S\u00f6derhof<\/span><br \/>\n<span style=\"color: #000000;\">D-29664 Walsrode<\/span><br \/>\n<span style=\"color: #000000;\">Telefon: +49 (0) 5161 \/ 49036<\/span><br \/>\n<span style=\"color: #000000;\">Telefax: +49 (0) 5161 \/ 47897<\/span><br \/>\n<span style=\"color: #000000;\">E-Mail: info@soederhof.de<\/span><\/p>\n<h2><span style=\"color: #000000;\">\u00c4nderung unserer Datenschutzerkl\u00e4rung<\/span><\/h2>\n<p><span style=\"color: #000000;\">Wir behalten uns vor, diese Datenschutzerkl\u00e4rung anzupassen, damit sie stets den aktuellen rechtlichen Anforderungen entspricht oder um \u00c4nderungen unserer Leistungen in der Datenschutzerkl\u00e4rung umzusetzen, z.B. bei der Einf\u00fchrung neuer Services. F\u00fcr Ihren erneuten Besuch gilt dann die neue Datenschutzerkl\u00e4rung.<\/span><\/p>\n<h2><span style=\"color: #000000;\">Fragen zum Datenschutz<\/span><\/h2>\n<p><span style=\"color: #000000;\">Wenn Sie Fragen zum Datenschutz haben, schreiben Sie uns bitte eine E-Mail an den oben genannten Verantwortlichen.<\/span><\/p>\n<h2><span style=\"color: #000000;\">Urheberrechtliche Hinweise<\/span><\/h2>\n<p><span style=\"color: #000000;\"><em>Diese Datenschutzerkl\u00e4rung wurde mit Hilfe der activeMind AG erstellt \u2013 den Experten f\u00fcr <a style=\"color: #000000;\" href=\"https:\/\/www.activemind.de\/datenschutz\/datenschutzbeauftragter\/\" target=\"_blank\" rel=\"noopener dofollow\">externe Datenschutzbeauftragte<\/a> (Version #2024-10-25).<\/em><\/span><\/p>\n<\/div>\n<\/div>\n","protected":false},"excerpt":{"rendered":"<p>Datenschutzhinweise Verantwortlicher Verantwortlicher im Sinne der Datenschutzgesetze, insbesondere der EU-Datenschutz-Grundverordnung (DSGVO), ist: Maria Lehnhardt Ihre Betroffenenrechte Unter den angegebenen Kontaktdaten k\u00f6nnen Sie gem\u00e4\u00df EU-Datenschutz-Grundverordnung (DSGVO) jederzeit folgende Rechte aus\u00fcben: Auskunft \u00fcber Ihre bei uns gespeicherten Daten und deren Verarbeitung (Art&#8230;. <a href=\"https:\/\/eu-besamungsstation.soederhof.de\/en\/datenschutzerklaerung\/\" class=\"readmore\">Read more<span class=\"screen-reader-text\">Datenschutzerkl\u00e4rung<\/span><span class=\"fa fa-angle-double-right\" aria-hidden=\"true\"><\/span><\/a><\/p>\n","protected":false},"author":2,"featured_media":0,"parent":0,"menu_order":0,"comment_status":"closed","ping_status":"closed","template":"","meta":{"footnotes":""},"class_list":["post-1902","page","type-page","status-publish","hentry"],"translation":{"provider":"WPGlobus","version":"3.0.0","language":"en","enabled_languages":["de","en"],"languages":{"de":{"title":true,"content":true,"excerpt":false},"en":{"title":false,"content":false,"excerpt":false}}},"yoast_head":"<!-- This site is optimized with the Yoast SEO plugin v26.6 - https:\/\/yoast.com\/wordpress\/plugins\/seo\/ -->\n<title>Datenschutzerkl\u00e4rung - S\u00f6derhof<\/title>\n<meta name=\"robots\" content=\"index, follow, max-snippet:-1, max-image-preview:large, max-video-preview:-1\" \/>\n<link rel=\"canonical\" href=\"https:\/\/eu-besamungsstation.soederhof.de\/datenschutzerklaerung\/\" \/>\n<meta property=\"og:locale\" content=\"en_US\" \/>\n<meta property=\"og:type\" content=\"article\" \/>\n<meta property=\"og:title\" content=\"Datenschutzerkl\u00e4rung - S\u00f6derhof\" \/>\n<meta property=\"og:url\" content=\"https:\/\/eu-besamungsstation.soederhof.de\/datenschutzerklaerung\/\" \/>\n<meta property=\"og:site_name\" content=\"S\u00f6derhof\" \/>\n<meta property=\"article:modified_time\" content=\"2024-12-12T19:05:00+00:00\" \/>\n<meta name=\"twitter:card\" content=\"summary_large_image\" \/>\n<meta name=\"twitter:label1\" content=\"Est. reading time\" \/>\n\t<meta name=\"twitter:data1\" content=\"8 minutes\" \/>\n<script type=\"application\/ld+json\" class=\"yoast-schema-graph\">{\"@context\":\"https:\/\/schema.org\",\"@graph\":[{\"@type\":\"WebPage\",\"@id\":\"https:\/\/eu-besamungsstation.soederhof.de\/datenschutzerklaerung\/\",\"url\":\"https:\/\/eu-besamungsstation.soederhof.de\/datenschutzerklaerung\/\",\"name\":\"Datenschutzerkl\u00e4rung - S\u00f6derhof\",\"isPartOf\":{\"@id\":\"https:\/\/eu-besamungsstation.soederhof.de\/#website\"},\"datePublished\":\"2020-01-09T09:15:30+00:00\",\"dateModified\":\"2024-12-12T19:05:00+00:00\",\"description\":\"\\\"Die Adresse f\u00fcr Edelblut\\\" - EU-Besamungsstation - Zucht- und Ausbildungsstall\",\"breadcrumb\":{\"@id\":\"https:\/\/eu-besamungsstation.soederhof.de\/datenschutzerklaerung\/#breadcrumb\"},\"inLanguage\":\"en-US\",\"potentialAction\":[{\"@type\":\"ReadAction\",\"target\":[\"https:\/\/eu-besamungsstation.soederhof.de\/datenschutzerklaerung\/\"]}]},{\"@type\":\"BreadcrumbList\",\"@id\":\"https:\/\/eu-besamungsstation.soederhof.de\/datenschutzerklaerung\/#breadcrumb\",\"itemListElement\":[{\"@type\":\"ListItem\",\"position\":1,\"name\":\"Startseite\",\"item\":\"https:\/\/eu-besamungsstation.soederhof.de\/\"},{\"@type\":\"ListItem\",\"position\":2,\"name\":\"Datenschutzerkl\u00e4rung\"}]},{\"@type\":\"WebSite\",\"@id\":\"https:\/\/eu-besamungsstation.soederhof.de\/#website\",\"url\":\"https:\/\/eu-besamungsstation.soederhof.de\/\",\"name\":\"S\u00f6derhof\",\"description\":\"Die Adresse f\u00fcr Edelblut\",\"publisher\":{\"@id\":\"https:\/\/eu-besamungsstation.soederhof.de\/#organization\"},\"potentialAction\":[{\"@type\":\"SearchAction\",\"target\":{\"@type\":\"EntryPoint\",\"urlTemplate\":\"https:\/\/eu-besamungsstation.soederhof.de\/?s={search_term_string}\"},\"query-input\":{\"@type\":\"PropertyValueSpecification\",\"valueRequired\":true,\"valueName\":\"search_term_string\"}}],\"inLanguage\":\"en-US\"},{\"@type\":\"Organization\",\"@id\":\"https:\/\/eu-besamungsstation.soederhof.de\/#organization\",\"name\":\"S\u00f6derhof\",\"url\":\"https:\/\/eu-besamungsstation.soederhof.de\/\",\"logo\":{\"@type\":\"ImageObject\",\"inLanguage\":\"en-US\",\"@id\":\"https:\/\/eu-besamungsstation.soederhof.de\/#\/schema\/logo\/image\/\",\"url\":\"https:\/\/www.soederhof.de\/wp-content\/uploads\/2020\/01\/logo.png\",\"contentUrl\":\"https:\/\/www.soederhof.de\/wp-content\/uploads\/2020\/01\/logo.png\",\"width\":369,\"height\":166,\"caption\":\"S\u00f6derhof\"},\"image\":{\"@id\":\"https:\/\/eu-besamungsstation.soederhof.de\/#\/schema\/logo\/image\/\"}}]}<\/script>\n<!-- \/ Yoast SEO plugin. -->","yoast_head_json":{"title":"Datenschutzerkl\u00e4rung - S\u00f6derhof","robots":{"index":"index","follow":"follow","max-snippet":"max-snippet:-1","max-image-preview":"max-image-preview:large","max-video-preview":"max-video-preview:-1"},"canonical":"https:\/\/eu-besamungsstation.soederhof.de\/datenschutzerklaerung\/","og_locale":"en_US","og_type":"article","og_title":"Datenschutzerkl\u00e4rung - S\u00f6derhof","og_url":"https:\/\/eu-besamungsstation.soederhof.de\/datenschutzerklaerung\/","og_site_name":"S\u00f6derhof","article_modified_time":"2024-12-12T19:05:00+00:00","twitter_card":"summary_large_image","twitter_misc":{"Est. reading time":"8 minutes"},"schema":{"@context":"https:\/\/schema.org","@graph":[{"@type":"WebPage","@id":"https:\/\/eu-besamungsstation.soederhof.de\/datenschutzerklaerung\/","url":"https:\/\/eu-besamungsstation.soederhof.de\/datenschutzerklaerung\/","name":"Datenschutzerkl\u00e4rung - S\u00f6derhof","isPartOf":{"@id":"https:\/\/eu-besamungsstation.soederhof.de\/#website"},"datePublished":"2020-01-09T09:15:30+00:00","dateModified":"2024-12-12T19:05:00+00:00","description":"\"Die Adresse f\u00fcr Edelblut\" - EU-Besamungsstation - Zucht- und Ausbildungsstall","breadcrumb":{"@id":"https:\/\/eu-besamungsstation.soederhof.de\/datenschutzerklaerung\/#breadcrumb"},"inLanguage":"en-US","potentialAction":[{"@type":"ReadAction","target":["https:\/\/eu-besamungsstation.soederhof.de\/datenschutzerklaerung\/"]}]},{"@type":"BreadcrumbList","@id":"https:\/\/eu-besamungsstation.soederhof.de\/datenschutzerklaerung\/#breadcrumb","itemListElement":[{"@type":"ListItem","position":1,"name":"Startseite","item":"https:\/\/eu-besamungsstation.soederhof.de\/"},{"@type":"ListItem","position":2,"name":"Datenschutzerkl\u00e4rung"}]},{"@type":"WebSite","@id":"https:\/\/eu-besamungsstation.soederhof.de\/#website","url":"https:\/\/eu-besamungsstation.soederhof.de\/","name":"S\u00f6derhof","description":"Die Adresse f\u00fcr Edelblut","publisher":{"@id":"https:\/\/eu-besamungsstation.soederhof.de\/#organization"},"potentialAction":[{"@type":"SearchAction","target":{"@type":"EntryPoint","urlTemplate":"https:\/\/eu-besamungsstation.soederhof.de\/?s={search_term_string}"},"query-input":{"@type":"PropertyValueSpecification","valueRequired":true,"valueName":"search_term_string"}}],"inLanguage":"en-US"},{"@type":"Organization","@id":"https:\/\/eu-besamungsstation.soederhof.de\/#organization","name":"S\u00f6derhof","url":"https:\/\/eu-besamungsstation.soederhof.de\/","logo":{"@type":"ImageObject","inLanguage":"en-US","@id":"https:\/\/eu-besamungsstation.soederhof.de\/#\/schema\/logo\/image\/","url":"https:\/\/www.soederhof.de\/wp-content\/uploads\/2020\/01\/logo.png","contentUrl":"https:\/\/www.soederhof.de\/wp-content\/uploads\/2020\/01\/logo.png","width":369,"height":166,"caption":"S\u00f6derhof"},"image":{"@id":"https:\/\/eu-besamungsstation.soederhof.de\/#\/schema\/logo\/image\/"}}]}},"_links":{"self":[{"href":"https:\/\/eu-besamungsstation.soederhof.de\/en\/wp-json\/wp\/v2\/pages\/1902","targetHints":{"allow":["GET"]}}],"collection":[{"href":"https:\/\/eu-besamungsstation.soederhof.de\/en\/wp-json\/wp\/v2\/pages"}],"about":[{"href":"https:\/\/eu-besamungsstation.soederhof.de\/en\/wp-json\/wp\/v2\/types\/page"}],"author":[{"embeddable":true,"href":"https:\/\/eu-besamungsstation.soederhof.de\/en\/wp-json\/wp\/v2\/users\/2"}],"replies":[{"embeddable":true,"href":"https:\/\/eu-besamungsstation.soederhof.de\/en\/wp-json\/wp\/v2\/comments?post=1902"}],"version-history":[{"count":5,"href":"https:\/\/eu-besamungsstation.soederhof.de\/en\/wp-json\/wp\/v2\/pages\/1902\/revisions"}],"predecessor-version":[{"id":3295,"href":"https:\/\/eu-besamungsstation.soederhof.de\/en\/wp-json\/wp\/v2\/pages\/1902\/revisions\/3295"}],"wp:attachment":[{"href":"https:\/\/eu-besamungsstation.soederhof.de\/en\/wp-json\/wp\/v2\/media?parent=1902"}],"curies":[{"name":"wp","href":"https:\/\/api.w.org\/{rel}","templated":true}]}}