{"id":270,"date":"2017-11-29T12:39:21","date_gmt":"2017-11-29T11:39:21","guid":{"rendered":"http:\/\/www.website-hk.de\/?page_id=270"},"modified":"2024-01-08T17:09:03","modified_gmt":"2024-01-08T16:09:03","slug":"verkaufspferde","status":"publish","type":"page","link":"https:\/\/eu-besamungsstation.soederhof.de\/en\/verkaufspferde\/","title":{"rendered":"Verkaufspferde"},"content":{"rendered":"<p>Wir pr\u00e4sentieren Ihnen hier eine Auswahl unserer Verkaufspferde. Sie sind alle sorgsam, mit viel frischer Luft und Bewegung aufgezogen und von unserem professionellen Team nach klassischen Grunds\u00e4tzen vielseitig ausgebildet. Sollten Sie Interesse an einem Jungpferd haben, finden Sie bei uns stets ein interessantes Angebot.<br \/>Bitte haben Sie Verst\u00e4ndnis daf\u00fcr, dass wir keine Preise im Internet ver\u00f6ffentlichen. Bei Interesse sprechen Sie uns gerne direkt an.<\/p>\n<p>\u00a0<\/p>\n<p><strong>Bezaubernde Stute mit besonderem Pedigree<\/strong><\/p>\n<p><a href=\"https:\/\/www.ehorses.de\/trakehner-stute-3jahre-165-cm-brauner-vielseitigkeitspferd-zuchtpferd-springpferd-dressurpferd-walsrode\/3463470.html\">Trakehner Stute 3 Jahre 165 cm Brauner in Walsrode (ehorses.de)<\/a><\/p>\n<p><img loading=\"lazy\" decoding=\"async\" class=\"alignnone\" src=\"https:\/\/scontent-ham3-1.xx.fbcdn.net\/v\/t1.15752-9\/348360381_1086497535643191_3061315952400722627_n.jpg?_nc_cat=105&amp;ccb=1-7&amp;_nc_sid=ae9488&amp;_nc_ohc=L45NECyA8gEAX9D7vid&amp;_nc_ht=scontent-ham3-1.xx&amp;oh=03_AdS5fwA_YJO4m4TIs24MZ6ljpAewhEAH42P6LUoTZd5gSw&amp;oe=649FCACD\" alt=\"Keine Beschreibung verf\u00fcgbar.\" width=\"469\" height=\"625\" \/><\/p>\n<p>\u00a0<\/p>\n<p><strong>Typvolle Stute mit zauberhaftem Wesen<\/strong>\u00a0<\/p>\n<p><a href=\"https:\/\/www.ehorses.de\/trakehner-stute-2jahre-168-cm-brauner-vielseitigkeitspferd-zuchtpferd-freizeitpferd-dressurpferd-walsrode\/3463508.html\">Trakehner Stute 2 Jahre 168 cm Brauner in Walsrode (ehorses.de)<\/a><\/p>\n<p><img loading=\"lazy\" decoding=\"async\" class=\"alignnone\" src=\"https:\/\/scontent-ham3-1.xx.fbcdn.net\/v\/t1.15752-9\/348358903_235926575735234_5479961888920685499_n.jpg?_nc_cat=104&amp;ccb=1-7&amp;_nc_sid=ae9488&amp;_nc_ohc=fzyYl9H07w0AX-u8ETc&amp;_nc_ht=scontent-ham3-1.xx&amp;oh=03_AdSoeKKyky31nEst0nfj2YTCNtlJgypN-Cw1H0xDLv8ejw&amp;oe=649FE3C7\" alt=\"Keine Beschreibung verf\u00fcgbar.\" width=\"410\" height=\"546\" \/><\/p>\n<p>\u00a0<\/p>\n<p>\u00a0<\/p>\n<h3>\u00a0<\/h3>\n<p>\u00a0<\/p>\n<p>\u00a0<\/p>\n<p>\u00a0<\/p>\n<p>.<\/p>\n<hr \/>\n<p style=\"text-align: center;\">Bitte kontaktieren Sie uns, wir haben immer wieder<br \/>interessante Jungpferde und Stuten im Angebot!<\/p>\n\n\n<p><br><\/p>\n\n\n","protected":false},"excerpt":{"rendered":"<p>Wir pr\u00e4sentieren Ihnen hier eine Auswahl unserer Verkaufspferde. Sie sind alle sorgsam, mit viel frischer Luft und Bewegung aufgezogen und von unserem professionellen Team nach klassischen Grunds\u00e4tzen vielseitig ausgebildet. Sollten Sie Interesse an einem Jungpferd haben, finden Sie bei uns&#8230; <a href=\"https:\/\/eu-besamungsstation.soederhof.de\/en\/verkaufspferde\/\" class=\"readmore\">Read more<span class=\"screen-reader-text\">Verkaufspferde<\/span><span class=\"fa fa-angle-double-right\" aria-hidden=\"true\"><\/span><\/a><\/p>\n","protected":false},"author":2,"featured_media":0,"parent":0,"menu_order":0,"comment_status":"closed","ping_status":"closed","template":"","meta":{"footnotes":""},"class_list":["post-270","page","type-page","status-publish","hentry"],"translation":{"provider":"WPGlobus","version":"3.0.0","language":"en","enabled_languages":["de","en"],"languages":{"de":{"title":true,"content":true,"excerpt":false},"en":{"title":false,"content":false,"excerpt":false}}},"yoast_head":"<!-- This site is optimized with the Yoast SEO plugin v26.6 - https:\/\/yoast.com\/wordpress\/plugins\/seo\/ -->\n<title>Verkaufspferde - S\u00f6derhof<\/title>\n<meta name=\"robots\" content=\"index, follow, max-snippet:-1, max-image-preview:large, max-video-preview:-1\" \/>\n<link rel=\"canonical\" href=\"https:\/\/eu-besamungsstation.soederhof.de\/verkaufspferde\/\" \/>\n<meta property=\"og:locale\" content=\"en_US\" \/>\n<meta property=\"og:type\" content=\"article\" \/>\n<meta property=\"og:title\" content=\"Verkaufspferde - S\u00f6derhof\" \/>\n<meta property=\"og:url\" content=\"https:\/\/eu-besamungsstation.soederhof.de\/verkaufspferde\/\" \/>\n<meta property=\"og:site_name\" content=\"S\u00f6derhof\" \/>\n<meta property=\"article:modified_time\" content=\"2024-01-08T16:09:03+00:00\" \/>\n<meta property=\"og:image\" content=\"https:\/\/scontent-ham3-1.xx.fbcdn.net\/v\/t1.15752-9\/348360381_1086497535643191_3061315952400722627_n.jpg?_nc_cat=105&amp;ccb=1-7&amp;_nc_sid=ae9488&amp;_nc_ohc=L45NECyA8gEAX9D7vid&amp;_nc_ht=scontent-ham3-1.xx&amp;oh=03_AdS5fwA_YJO4m4TIs24MZ6ljpAewhEAH42P6LUoTZd5gSw&amp;oe=649FCACD\" \/>\n<meta name=\"twitter:card\" content=\"summary_large_image\" \/>\n<meta name=\"twitter:label1\" content=\"Est. reading time\" \/>\n\t<meta name=\"twitter:data1\" content=\"2 minutes\" \/>\n<script type=\"application\/ld+json\" class=\"yoast-schema-graph\">{\"@context\":\"https:\/\/schema.org\",\"@graph\":[{\"@type\":\"WebPage\",\"@id\":\"https:\/\/eu-besamungsstation.soederhof.de\/verkaufspferde\/\",\"url\":\"https:\/\/eu-besamungsstation.soederhof.de\/verkaufspferde\/\",\"name\":\"Verkaufspferde - S\u00f6derhof\",\"isPartOf\":{\"@id\":\"https:\/\/eu-besamungsstation.soederhof.de\/#website\"},\"primaryImageOfPage\":{\"@id\":\"https:\/\/eu-besamungsstation.soederhof.de\/verkaufspferde\/#primaryimage\"},\"image\":{\"@id\":\"https:\/\/eu-besamungsstation.soederhof.de\/verkaufspferde\/#primaryimage\"},\"thumbnailUrl\":\"https:\/\/scontent-ham3-1.xx.fbcdn.net\/v\/t1.15752-9\/348360381_1086497535643191_3061315952400722627_n.jpg?_nc_cat=105&amp;ccb=1-7&amp;_nc_sid=ae9488&amp;_nc_ohc=L45NECyA8gEAX9D7vid&amp;_nc_ht=scontent-ham3-1.xx&amp;oh=03_AdS5fwA_YJO4m4TIs24MZ6ljpAewhEAH42P6LUoTZd5gSw&amp;oe=649FCACD\",\"datePublished\":\"2017-11-29T11:39:21+00:00\",\"dateModified\":\"2024-01-08T16:09:03+00:00\",\"description\":\"\\\"Die Adresse f\u00fcr Edelblut\\\" - EU-Besamungsstation - Zucht- und Ausbildungsstall\",\"breadcrumb\":{\"@id\":\"https:\/\/eu-besamungsstation.soederhof.de\/verkaufspferde\/#breadcrumb\"},\"inLanguage\":\"en-US\",\"potentialAction\":[{\"@type\":\"ReadAction\",\"target\":[\"https:\/\/eu-besamungsstation.soederhof.de\/verkaufspferde\/\"]}]},{\"@type\":\"ImageObject\",\"inLanguage\":\"en-US\",\"@id\":\"https:\/\/eu-besamungsstation.soederhof.de\/verkaufspferde\/#primaryimage\",\"url\":\"https:\/\/scontent-ham3-1.xx.fbcdn.net\/v\/t1.15752-9\/348360381_1086497535643191_3061315952400722627_n.jpg?_nc_cat=105&amp;ccb=1-7&amp;_nc_sid=ae9488&amp;_nc_ohc=L45NECyA8gEAX9D7vid&amp;_nc_ht=scontent-ham3-1.xx&amp;oh=03_AdS5fwA_YJO4m4TIs24MZ6ljpAewhEAH42P6LUoTZd5gSw&amp;oe=649FCACD\",\"contentUrl\":\"https:\/\/scontent-ham3-1.xx.fbcdn.net\/v\/t1.15752-9\/348360381_1086497535643191_3061315952400722627_n.jpg?_nc_cat=105&amp;ccb=1-7&amp;_nc_sid=ae9488&amp;_nc_ohc=L45NECyA8gEAX9D7vid&amp;_nc_ht=scontent-ham3-1.xx&amp;oh=03_AdS5fwA_YJO4m4TIs24MZ6ljpAewhEAH42P6LUoTZd5gSw&amp;oe=649FCACD\"},{\"@type\":\"BreadcrumbList\",\"@id\":\"https:\/\/eu-besamungsstation.soederhof.de\/verkaufspferde\/#breadcrumb\",\"itemListElement\":[{\"@type\":\"ListItem\",\"position\":1,\"name\":\"Startseite\",\"item\":\"https:\/\/eu-besamungsstation.soederhof.de\/\"},{\"@type\":\"ListItem\",\"position\":2,\"name\":\"Verkaufspferde\"}]},{\"@type\":\"WebSite\",\"@id\":\"https:\/\/eu-besamungsstation.soederhof.de\/#website\",\"url\":\"https:\/\/eu-besamungsstation.soederhof.de\/\",\"name\":\"S\u00f6derhof\",\"description\":\"Die Adresse f\u00fcr Edelblut\",\"publisher\":{\"@id\":\"https:\/\/eu-besamungsstation.soederhof.de\/#organization\"},\"potentialAction\":[{\"@type\":\"SearchAction\",\"target\":{\"@type\":\"EntryPoint\",\"urlTemplate\":\"https:\/\/eu-besamungsstation.soederhof.de\/?s={search_term_string}\"},\"query-input\":{\"@type\":\"PropertyValueSpecification\",\"valueRequired\":true,\"valueName\":\"search_term_string\"}}],\"inLanguage\":\"en-US\"},{\"@type\":\"Organization\",\"@id\":\"https:\/\/eu-besamungsstation.soederhof.de\/#organization\",\"name\":\"S\u00f6derhof\",\"url\":\"https:\/\/eu-besamungsstation.soederhof.de\/\",\"logo\":{\"@type\":\"ImageObject\",\"inLanguage\":\"en-US\",\"@id\":\"https:\/\/eu-besamungsstation.soederhof.de\/#\/schema\/logo\/image\/\",\"url\":\"https:\/\/www.soederhof.de\/wp-content\/uploads\/2020\/01\/logo.png\",\"contentUrl\":\"https:\/\/www.soederhof.de\/wp-content\/uploads\/2020\/01\/logo.png\",\"width\":369,\"height\":166,\"caption\":\"S\u00f6derhof\"},\"image\":{\"@id\":\"https:\/\/eu-besamungsstation.soederhof.de\/#\/schema\/logo\/image\/\"}}]}<\/script>\n<!-- \/ Yoast SEO plugin. -->","yoast_head_json":{"title":"Verkaufspferde - S\u00f6derhof","robots":{"index":"index","follow":"follow","max-snippet":"max-snippet:-1","max-image-preview":"max-image-preview:large","max-video-preview":"max-video-preview:-1"},"canonical":"https:\/\/eu-besamungsstation.soederhof.de\/verkaufspferde\/","og_locale":"en_US","og_type":"article","og_title":"Verkaufspferde - S\u00f6derhof","og_url":"https:\/\/eu-besamungsstation.soederhof.de\/verkaufspferde\/","og_site_name":"S\u00f6derhof","article_modified_time":"2024-01-08T16:09:03+00:00","og_image":[{"url":"https:\/\/scontent-ham3-1.xx.fbcdn.net\/v\/t1.15752-9\/348360381_1086497535643191_3061315952400722627_n.jpg?_nc_cat=105&amp;ccb=1-7&amp;_nc_sid=ae9488&amp;_nc_ohc=L45NECyA8gEAX9D7vid&amp;_nc_ht=scontent-ham3-1.xx&amp;oh=03_AdS5fwA_YJO4m4TIs24MZ6ljpAewhEAH42P6LUoTZd5gSw&amp;oe=649FCACD","type":"","width":"","height":""}],"twitter_card":"summary_large_image","twitter_misc":{"Est. reading time":"2 minutes"},"schema":{"@context":"https:\/\/schema.org","@graph":[{"@type":"WebPage","@id":"https:\/\/eu-besamungsstation.soederhof.de\/verkaufspferde\/","url":"https:\/\/eu-besamungsstation.soederhof.de\/verkaufspferde\/","name":"Verkaufspferde - S\u00f6derhof","isPartOf":{"@id":"https:\/\/eu-besamungsstation.soederhof.de\/#website"},"primaryImageOfPage":{"@id":"https:\/\/eu-besamungsstation.soederhof.de\/verkaufspferde\/#primaryimage"},"image":{"@id":"https:\/\/eu-besamungsstation.soederhof.de\/verkaufspferde\/#primaryimage"},"thumbnailUrl":"https:\/\/scontent-ham3-1.xx.fbcdn.net\/v\/t1.15752-9\/348360381_1086497535643191_3061315952400722627_n.jpg?_nc_cat=105&amp;ccb=1-7&amp;_nc_sid=ae9488&amp;_nc_ohc=L45NECyA8gEAX9D7vid&amp;_nc_ht=scontent-ham3-1.xx&amp;oh=03_AdS5fwA_YJO4m4TIs24MZ6ljpAewhEAH42P6LUoTZd5gSw&amp;oe=649FCACD","datePublished":"2017-11-29T11:39:21+00:00","dateModified":"2024-01-08T16:09:03+00:00","description":"\"Die Adresse f\u00fcr Edelblut\" - EU-Besamungsstation - Zucht- und Ausbildungsstall","breadcrumb":{"@id":"https:\/\/eu-besamungsstation.soederhof.de\/verkaufspferde\/#breadcrumb"},"inLanguage":"en-US","potentialAction":[{"@type":"ReadAction","target":["https:\/\/eu-besamungsstation.soederhof.de\/verkaufspferde\/"]}]},{"@type":"ImageObject","inLanguage":"en-US","@id":"https:\/\/eu-besamungsstation.soederhof.de\/verkaufspferde\/#primaryimage","url":"https:\/\/scontent-ham3-1.xx.fbcdn.net\/v\/t1.15752-9\/348360381_1086497535643191_3061315952400722627_n.jpg?_nc_cat=105&amp;ccb=1-7&amp;_nc_sid=ae9488&amp;_nc_ohc=L45NECyA8gEAX9D7vid&amp;_nc_ht=scontent-ham3-1.xx&amp;oh=03_AdS5fwA_YJO4m4TIs24MZ6ljpAewhEAH42P6LUoTZd5gSw&amp;oe=649FCACD","contentUrl":"https:\/\/scontent-ham3-1.xx.fbcdn.net\/v\/t1.15752-9\/348360381_1086497535643191_3061315952400722627_n.jpg?_nc_cat=105&amp;ccb=1-7&amp;_nc_sid=ae9488&amp;_nc_ohc=L45NECyA8gEAX9D7vid&amp;_nc_ht=scontent-ham3-1.xx&amp;oh=03_AdS5fwA_YJO4m4TIs24MZ6ljpAewhEAH42P6LUoTZd5gSw&amp;oe=649FCACD"},{"@type":"BreadcrumbList","@id":"https:\/\/eu-besamungsstation.soederhof.de\/verkaufspferde\/#breadcrumb","itemListElement":[{"@type":"ListItem","position":1,"name":"Startseite","item":"https:\/\/eu-besamungsstation.soederhof.de\/"},{"@type":"ListItem","position":2,"name":"Verkaufspferde"}]},{"@type":"WebSite","@id":"https:\/\/eu-besamungsstation.soederhof.de\/#website","url":"https:\/\/eu-besamungsstation.soederhof.de\/","name":"S\u00f6derhof","description":"Die Adresse f\u00fcr Edelblut","publisher":{"@id":"https:\/\/eu-besamungsstation.soederhof.de\/#organization"},"potentialAction":[{"@type":"SearchAction","target":{"@type":"EntryPoint","urlTemplate":"https:\/\/eu-besamungsstation.soederhof.de\/?s={search_term_string}"},"query-input":{"@type":"PropertyValueSpecification","valueRequired":true,"valueName":"search_term_string"}}],"inLanguage":"en-US"},{"@type":"Organization","@id":"https:\/\/eu-besamungsstation.soederhof.de\/#organization","name":"S\u00f6derhof","url":"https:\/\/eu-besamungsstation.soederhof.de\/","logo":{"@type":"ImageObject","inLanguage":"en-US","@id":"https:\/\/eu-besamungsstation.soederhof.de\/#\/schema\/logo\/image\/","url":"https:\/\/www.soederhof.de\/wp-content\/uploads\/2020\/01\/logo.png","contentUrl":"https:\/\/www.soederhof.de\/wp-content\/uploads\/2020\/01\/logo.png","width":369,"height":166,"caption":"S\u00f6derhof"},"image":{"@id":"https:\/\/eu-besamungsstation.soederhof.de\/#\/schema\/logo\/image\/"}}]}},"_links":{"self":[{"href":"https:\/\/eu-besamungsstation.soederhof.de\/en\/wp-json\/wp\/v2\/pages\/270","targetHints":{"allow":["GET"]}}],"collection":[{"href":"https:\/\/eu-besamungsstation.soederhof.de\/en\/wp-json\/wp\/v2\/pages"}],"about":[{"href":"https:\/\/eu-besamungsstation.soederhof.de\/en\/wp-json\/wp\/v2\/types\/page"}],"author":[{"embeddable":true,"href":"https:\/\/eu-besamungsstation.soederhof.de\/en\/wp-json\/wp\/v2\/users\/2"}],"replies":[{"embeddable":true,"href":"https:\/\/eu-besamungsstation.soederhof.de\/en\/wp-json\/wp\/v2\/comments?post=270"}],"version-history":[{"count":39,"href":"https:\/\/eu-besamungsstation.soederhof.de\/en\/wp-json\/wp\/v2\/pages\/270\/revisions"}],"predecessor-version":[{"id":3185,"href":"https:\/\/eu-besamungsstation.soederhof.de\/en\/wp-json\/wp\/v2\/pages\/270\/revisions\/3185"}],"wp:attachment":[{"href":"https:\/\/eu-besamungsstation.soederhof.de\/en\/wp-json\/wp\/v2\/media?parent=270"}],"curies":[{"name":"wp","href":"https:\/\/api.w.org\/{rel}","templated":true}]}}