{"id":278,"date":"2017-11-30T10:26:58","date_gmt":"2017-11-30T09:26:58","guid":{"rendered":"http:\/\/www.website-hk.de\/?page_id=278"},"modified":"2020-01-29T11:06:03","modified_gmt":"2020-01-29T10:06:03","slug":"kontakt","status":"publish","type":"page","link":"https:\/\/eu-besamungsstation.soederhof.de\/en\/kontakt\/","title":{"rendered":"Kontakt"},"content":{"rendered":"<p><img loading=\"lazy\" decoding=\"async\" class=\"alignnone wp-image-279 size-full\" src=\"https:\/\/eu-besamungsstation.soederhof.de\/wp-content\/uploads\/2017\/11\/schild_lutz_werner.jpg\" alt=\"\" width=\"545\" height=\"363\" srcset=\"https:\/\/eu-besamungsstation.soederhof.de\/wp-content\/uploads\/2017\/11\/schild_lutz_werner.jpg 545w, https:\/\/eu-besamungsstation.soederhof.de\/wp-content\/uploads\/2017\/11\/schild_lutz_werner-300x200.jpg 300w, https:\/\/eu-besamungsstation.soederhof.de\/wp-content\/uploads\/2017\/11\/schild_lutz_werner-390x260.jpg 390w, https:\/\/eu-besamungsstation.soederhof.de\/wp-content\/uploads\/2017\/11\/schild_lutz_werner-520x346.jpg 520w\" sizes=\"auto, (max-width: 545px) 100vw, 545px\" \/><\/p>\n<p>&nbsp;<\/p>\n<p><span style=\"font-family: arial, helvetica, sans-serif;\">Familie Dr. med. vet.\u00a0Frank Lehnhardt<\/span><br \/>\n<span style=\"font-family: arial, helvetica, sans-serif;\">H\u00fcnzingen Kolonie 40 &#8211; S\u00f6derhof<\/span><br \/>\n<span style=\"font-family: arial, helvetica, sans-serif;\">D-29664 Walsrode<\/span><\/p>\n<p>&nbsp;<\/p>\n<table style=\"border-color: #ffffff;\" border=\"0\" width=\"100%\">\n<tbody>\n<tr style=\"border-color: #ffffff;\">\n<td style=\"border-color: #ffffff;\" valign=\"top\" width=\"236\">\n<p><span style=\"font-family: arial, helvetica, sans-serif;\">Telefon:<\/span><br \/>\n<span style=\"font-family: arial, helvetica, sans-serif;\"> Telefax:<\/span><br \/>\n<span style=\"font-family: arial, helvetica, sans-serif;\"> Mobil (Maria Lehnhardt):<\/span><br \/>\n<span style=\"font-family: arial, helvetica, sans-serif;\"> Mobil (Dr. Frank Lehnhardt):<\/span><\/p>\n<p>&nbsp;<\/p>\n<p><span style=\"font-family: arial, helvetica, sans-serif;\">E-Mail:<\/span><br \/>\n<span style=\"font-family: arial, helvetica, sans-serif;\"> Website:<\/span><\/p>\n<\/td>\n<td style=\"border-color: #ffffff;\" valign=\"top\">\n<p><span style=\"font-family: arial, helvetica, sans-serif;\">+49 (0)5161 \/ 4 90 36\u00a0 <\/span><br \/>\n<span style=\"font-family: arial, helvetica, sans-serif;\"> +49 (0)5161 \/ 4 78 97<\/span><br \/>\n<span style=\"font-family: arial, helvetica, sans-serif;\"> +49 (0)162 \/ 10 63 668<\/span><br \/>\n<span style=\"font-family: arial, helvetica, sans-serif;\"> +49 (0)171 \/ 48 64 785<\/span><\/p>\n<p>&nbsp;<\/p>\n<p><span style=\"font-family: arial, helvetica, sans-serif;\"><a href=\"mailto:info@soederhof.de\">info@soederhof.de<\/a> <\/span><br \/>\n<span style=\"font-family: arial, helvetica, sans-serif;\"> <a href=\"https:\/\/eu-besamungsstation.soederhof.de\">www.soederhof.de<\/a><\/span><\/p>\n<\/td>\n<\/tr>\n<\/tbody>\n<\/table>\n<p>&nbsp;<\/p>\n<p align=\"center\">\u00a0<\/p>\n<p align=\"left\"><iframe loading=\"lazy\" src=\"https:\/\/www.google.com\/maps\/embed?pb=!1m14!1m8!1m3!1d11602.98923522867!2d9.59243745452508!3d52.915966896675485!3m2!1i1024!2i768!4f13.1!3m3!1m2!1s0x47b05156227c8e7d%3A0xa81d0cd6e8168355!2sH%C3%BCnzingen%2040%2C%2029664%20Walsrode!5e1!3m2!1sde!2sde!4v1580292275979!5m2!1sde!2sde\" width=\"600\" height=\"450\" frameborder=\"0\" style=\"border:0;\" allowfullscreen=\"\"><\/iframe><br \/>\n<small><a href=\"https:\/\/maps.google.de\/maps?f=q&amp;source=embed&amp;hl=de&amp;geocode=&amp;q=h%C3%BCnzingen+40++D-29664+Walsrode&amp;aq=&amp;sll=52.898438,9.590378&amp;sspn=0.002721,0.00648&amp;ie=UTF8&amp;hq=&amp;hnear=H%C3%BCnzingen+40,+H%C3%BCnzingen+29664+Walsrode,+Niedersachsen&amp;t=m&amp;ll=52.915734,9.601793&amp;spn=0.018114,0.046778&amp;z=14&amp;iwloc=A\">Gr\u00f6\u00dfere Kartenansicht<\/a><\/small><\/p>\n<h3 align=\"left\">\u00a0<\/h3>\n<h3 align=\"left\">\u00a0<\/h3>\n<h3 align=\"left\"><span style=\"font-family: arial, helvetica, sans-serif;\"><strong>Anreise:<\/strong><\/span><\/h3>\n<p><span style=\"font-family: arial, helvetica, sans-serif;\"><strong>Aus Richtung Hannover:<\/strong> Sie fahren auf der A7 Richtung Hamburg. Bei der Anschlussstelle Westenholz wechseln Sie auf die A27 Richtung Bremen. Verlassen Sie die Autobahn bei der Abfahrt Walsrode West (27) und fahren Richtung Walsrode. Folgen Sie dem Stra\u00dfenverlauf auf die L 161. Biegen Sie in Ebbingen rechts in die K 131 ein. Sie kommen nun direkt nach H\u00fcnzingen Kolonie. Die erste Stra\u00dfe links f\u00fchrt zum S\u00f6derhof. In dem Ort ist der Hof ausgeschildert.<\/span><\/p>\n<p><span style=\"font-family: arial, helvetica, sans-serif;\"><strong>Aus Richtung Hamburg: <\/strong>Fahren Sie auf der A7 Richtung Hannover. Verlassen Sie die Autobahn bei der Abfahrt Dorfmark. Fahren Sie durch Dorfmark auf die B 440 Richtung Bomlitz\/Kroge. Folgen Sie dem Stra\u00dfenverlauf bis nach Kroge. Biegen Sie in Kroge links ab Richtung Benefeld. Folgen Sie nun dem Stra\u00dfenverlauf durch den Ort Benefeld zum Kreisel. Fahren Sie Richtung H\u00fcnzingen Kolonie gerade aus. Sie kommen nun direkt nach H\u00fcnzingen Kolonie. Die zweite Stra\u00dfe rechts f\u00fchrt zum S\u00f6derhof. In dem Ort ist der Hof ausgeschildert.<\/span><\/p>\n<p><span style=\"font-family: arial, helvetica, sans-serif;\"><strong>Aus Richtung Bremen:<\/strong> Fahren Sie auf der A 27 Richtung Hannover. Verlassen Sie die Autobahn bei der Abfahrt Walsrode West (27) und fahren Richtung Walsrode. Folgen Sie dem Stra\u00dfenverlauf auf die L 161. Biegen Sie in Ebbingen rechts in die K 131 ein. Sie kommen nun direkt nach H\u00fcnzingen Kolonie. Die erste Stra\u00dfe links f\u00fchrt zum S\u00f6derhof. In dem Ort ist der Hof ausgeschildert.<\/span><\/p>\n<p>&nbsp;<\/p>\n<p><img loading=\"lazy\" decoding=\"async\" class=\"alignnone wp-image-280 size-full\" src=\"https:\/\/eu-besamungsstation.soederhof.de\/wp-content\/uploads\/2017\/11\/rad-lutz_werner.jpg\" alt=\"\" width=\"545\" height=\"364\" srcset=\"https:\/\/eu-besamungsstation.soederhof.de\/wp-content\/uploads\/2017\/11\/rad-lutz_werner.jpg 545w, https:\/\/eu-besamungsstation.soederhof.de\/wp-content\/uploads\/2017\/11\/rad-lutz_werner-300x200.jpg 300w, https:\/\/eu-besamungsstation.soederhof.de\/wp-content\/uploads\/2017\/11\/rad-lutz_werner-390x260.jpg 390w, https:\/\/eu-besamungsstation.soederhof.de\/wp-content\/uploads\/2017\/11\/rad-lutz_werner-520x347.jpg 520w\" sizes=\"auto, (max-width: 545px) 100vw, 545px\" \/><\/p>\n<p><em><span style=\"font-family: arial, helvetica, sans-serif;\">Fotos: Lutz Werner<\/span> <\/em><\/p>\n","protected":false},"excerpt":{"rendered":"<p>&nbsp; Familie Dr. med. vet.\u00a0Frank Lehnhardt H\u00fcnzingen Kolonie 40 &#8211; S\u00f6derhof D-29664 Walsrode &nbsp; Telefon: Telefax: Mobil (Maria Lehnhardt): Mobil (Dr. Frank Lehnhardt): &nbsp; E-Mail: Website: +49 (0)5161 \/ 4 90 36\u00a0 +49 (0)5161 \/ 4 78 97 +49 (0)162&#8230; <a href=\"https:\/\/eu-besamungsstation.soederhof.de\/en\/kontakt\/\" class=\"readmore\">Read more<span class=\"screen-reader-text\">Kontakt<\/span><span class=\"fa fa-angle-double-right\" aria-hidden=\"true\"><\/span><\/a><\/p>\n","protected":false},"author":2,"featured_media":0,"parent":0,"menu_order":0,"comment_status":"closed","ping_status":"closed","template":"","meta":{"footnotes":""},"class_list":["post-278","page","type-page","status-publish","hentry"],"translation":{"provider":"WPGlobus","version":"3.0.0","language":"en","enabled_languages":["de","en"],"languages":{"de":{"title":true,"content":true,"excerpt":false},"en":{"title":false,"content":false,"excerpt":false}}},"yoast_head":"<!-- This site is optimized with the Yoast SEO plugin v26.6 - https:\/\/yoast.com\/wordpress\/plugins\/seo\/ -->\n<title>Kontakt - S\u00f6derhof<\/title>\n<meta name=\"robots\" content=\"index, follow, max-snippet:-1, max-image-preview:large, max-video-preview:-1\" \/>\n<link rel=\"canonical\" href=\"https:\/\/eu-besamungsstation.soederhof.de\/kontakt\/\" \/>\n<meta property=\"og:locale\" content=\"en_US\" \/>\n<meta property=\"og:type\" content=\"article\" \/>\n<meta property=\"og:title\" content=\"Kontakt - S\u00f6derhof\" \/>\n<meta property=\"og:url\" content=\"https:\/\/eu-besamungsstation.soederhof.de\/kontakt\/\" \/>\n<meta property=\"og:site_name\" content=\"S\u00f6derhof\" \/>\n<meta property=\"article:modified_time\" content=\"2020-01-29T10:06:03+00:00\" \/>\n<meta property=\"og:image\" content=\"https:\/\/eu-besamungsstation.soederhof.de\/wp-content\/uploads\/2017\/11\/schild_lutz_werner.jpg\" \/>\n<meta name=\"twitter:card\" content=\"summary_large_image\" \/>\n<meta name=\"twitter:label1\" content=\"Est. reading time\" \/>\n\t<meta name=\"twitter:data1\" content=\"1 minute\" \/>\n<script type=\"application\/ld+json\" class=\"yoast-schema-graph\">{\"@context\":\"https:\/\/schema.org\",\"@graph\":[{\"@type\":\"WebPage\",\"@id\":\"https:\/\/eu-besamungsstation.soederhof.de\/kontakt\/\",\"url\":\"https:\/\/eu-besamungsstation.soederhof.de\/kontakt\/\",\"name\":\"Kontakt - S\u00f6derhof\",\"isPartOf\":{\"@id\":\"https:\/\/eu-besamungsstation.soederhof.de\/#website\"},\"primaryImageOfPage\":{\"@id\":\"https:\/\/eu-besamungsstation.soederhof.de\/kontakt\/#primaryimage\"},\"image\":{\"@id\":\"https:\/\/eu-besamungsstation.soederhof.de\/kontakt\/#primaryimage\"},\"thumbnailUrl\":\"https:\/\/eu-besamungsstation.soederhof.de\/wp-content\/uploads\/2017\/11\/schild_lutz_werner.jpg\",\"datePublished\":\"2017-11-30T09:26:58+00:00\",\"dateModified\":\"2020-01-29T10:06:03+00:00\",\"description\":\"\\\"Die Adresse f\u00fcr Edelblut\\\" - EU-Besamungsstation - Zucht- und Ausbildungsstall\",\"breadcrumb\":{\"@id\":\"https:\/\/eu-besamungsstation.soederhof.de\/kontakt\/#breadcrumb\"},\"inLanguage\":\"en-US\",\"potentialAction\":[{\"@type\":\"ReadAction\",\"target\":[\"https:\/\/eu-besamungsstation.soederhof.de\/kontakt\/\"]}]},{\"@type\":\"ImageObject\",\"inLanguage\":\"en-US\",\"@id\":\"https:\/\/eu-besamungsstation.soederhof.de\/kontakt\/#primaryimage\",\"url\":\"https:\/\/eu-besamungsstation.soederhof.de\/wp-content\/uploads\/2017\/11\/schild_lutz_werner.jpg\",\"contentUrl\":\"https:\/\/eu-besamungsstation.soederhof.de\/wp-content\/uploads\/2017\/11\/schild_lutz_werner.jpg\"},{\"@type\":\"BreadcrumbList\",\"@id\":\"https:\/\/eu-besamungsstation.soederhof.de\/kontakt\/#breadcrumb\",\"itemListElement\":[{\"@type\":\"ListItem\",\"position\":1,\"name\":\"Startseite\",\"item\":\"https:\/\/eu-besamungsstation.soederhof.de\/\"},{\"@type\":\"ListItem\",\"position\":2,\"name\":\"Kontakt\"}]},{\"@type\":\"WebSite\",\"@id\":\"https:\/\/eu-besamungsstation.soederhof.de\/#website\",\"url\":\"https:\/\/eu-besamungsstation.soederhof.de\/\",\"name\":\"S\u00f6derhof\",\"description\":\"Die Adresse f\u00fcr Edelblut\",\"publisher\":{\"@id\":\"https:\/\/eu-besamungsstation.soederhof.de\/#organization\"},\"potentialAction\":[{\"@type\":\"SearchAction\",\"target\":{\"@type\":\"EntryPoint\",\"urlTemplate\":\"https:\/\/eu-besamungsstation.soederhof.de\/?s={search_term_string}\"},\"query-input\":{\"@type\":\"PropertyValueSpecification\",\"valueRequired\":true,\"valueName\":\"search_term_string\"}}],\"inLanguage\":\"en-US\"},{\"@type\":\"Organization\",\"@id\":\"https:\/\/eu-besamungsstation.soederhof.de\/#organization\",\"name\":\"S\u00f6derhof\",\"url\":\"https:\/\/eu-besamungsstation.soederhof.de\/\",\"logo\":{\"@type\":\"ImageObject\",\"inLanguage\":\"en-US\",\"@id\":\"https:\/\/eu-besamungsstation.soederhof.de\/#\/schema\/logo\/image\/\",\"url\":\"https:\/\/www.soederhof.de\/wp-content\/uploads\/2020\/01\/logo.png\",\"contentUrl\":\"https:\/\/www.soederhof.de\/wp-content\/uploads\/2020\/01\/logo.png\",\"width\":369,\"height\":166,\"caption\":\"S\u00f6derhof\"},\"image\":{\"@id\":\"https:\/\/eu-besamungsstation.soederhof.de\/#\/schema\/logo\/image\/\"}}]}<\/script>\n<!-- \/ Yoast SEO plugin. -->","yoast_head_json":{"title":"Kontakt - S\u00f6derhof","robots":{"index":"index","follow":"follow","max-snippet":"max-snippet:-1","max-image-preview":"max-image-preview:large","max-video-preview":"max-video-preview:-1"},"canonical":"https:\/\/eu-besamungsstation.soederhof.de\/kontakt\/","og_locale":"en_US","og_type":"article","og_title":"Kontakt - S\u00f6derhof","og_url":"https:\/\/eu-besamungsstation.soederhof.de\/kontakt\/","og_site_name":"S\u00f6derhof","article_modified_time":"2020-01-29T10:06:03+00:00","og_image":[{"url":"https:\/\/eu-besamungsstation.soederhof.de\/wp-content\/uploads\/2017\/11\/schild_lutz_werner.jpg","type":"","width":"","height":""}],"twitter_card":"summary_large_image","twitter_misc":{"Est. reading time":"1 minute"},"schema":{"@context":"https:\/\/schema.org","@graph":[{"@type":"WebPage","@id":"https:\/\/eu-besamungsstation.soederhof.de\/kontakt\/","url":"https:\/\/eu-besamungsstation.soederhof.de\/kontakt\/","name":"Kontakt - S\u00f6derhof","isPartOf":{"@id":"https:\/\/eu-besamungsstation.soederhof.de\/#website"},"primaryImageOfPage":{"@id":"https:\/\/eu-besamungsstation.soederhof.de\/kontakt\/#primaryimage"},"image":{"@id":"https:\/\/eu-besamungsstation.soederhof.de\/kontakt\/#primaryimage"},"thumbnailUrl":"https:\/\/eu-besamungsstation.soederhof.de\/wp-content\/uploads\/2017\/11\/schild_lutz_werner.jpg","datePublished":"2017-11-30T09:26:58+00:00","dateModified":"2020-01-29T10:06:03+00:00","description":"\"Die Adresse f\u00fcr Edelblut\" - EU-Besamungsstation - Zucht- und Ausbildungsstall","breadcrumb":{"@id":"https:\/\/eu-besamungsstation.soederhof.de\/kontakt\/#breadcrumb"},"inLanguage":"en-US","potentialAction":[{"@type":"ReadAction","target":["https:\/\/eu-besamungsstation.soederhof.de\/kontakt\/"]}]},{"@type":"ImageObject","inLanguage":"en-US","@id":"https:\/\/eu-besamungsstation.soederhof.de\/kontakt\/#primaryimage","url":"https:\/\/eu-besamungsstation.soederhof.de\/wp-content\/uploads\/2017\/11\/schild_lutz_werner.jpg","contentUrl":"https:\/\/eu-besamungsstation.soederhof.de\/wp-content\/uploads\/2017\/11\/schild_lutz_werner.jpg"},{"@type":"BreadcrumbList","@id":"https:\/\/eu-besamungsstation.soederhof.de\/kontakt\/#breadcrumb","itemListElement":[{"@type":"ListItem","position":1,"name":"Startseite","item":"https:\/\/eu-besamungsstation.soederhof.de\/"},{"@type":"ListItem","position":2,"name":"Kontakt"}]},{"@type":"WebSite","@id":"https:\/\/eu-besamungsstation.soederhof.de\/#website","url":"https:\/\/eu-besamungsstation.soederhof.de\/","name":"S\u00f6derhof","description":"Die Adresse f\u00fcr Edelblut","publisher":{"@id":"https:\/\/eu-besamungsstation.soederhof.de\/#organization"},"potentialAction":[{"@type":"SearchAction","target":{"@type":"EntryPoint","urlTemplate":"https:\/\/eu-besamungsstation.soederhof.de\/?s={search_term_string}"},"query-input":{"@type":"PropertyValueSpecification","valueRequired":true,"valueName":"search_term_string"}}],"inLanguage":"en-US"},{"@type":"Organization","@id":"https:\/\/eu-besamungsstation.soederhof.de\/#organization","name":"S\u00f6derhof","url":"https:\/\/eu-besamungsstation.soederhof.de\/","logo":{"@type":"ImageObject","inLanguage":"en-US","@id":"https:\/\/eu-besamungsstation.soederhof.de\/#\/schema\/logo\/image\/","url":"https:\/\/www.soederhof.de\/wp-content\/uploads\/2020\/01\/logo.png","contentUrl":"https:\/\/www.soederhof.de\/wp-content\/uploads\/2020\/01\/logo.png","width":369,"height":166,"caption":"S\u00f6derhof"},"image":{"@id":"https:\/\/eu-besamungsstation.soederhof.de\/#\/schema\/logo\/image\/"}}]}},"_links":{"self":[{"href":"https:\/\/eu-besamungsstation.soederhof.de\/en\/wp-json\/wp\/v2\/pages\/278","targetHints":{"allow":["GET"]}}],"collection":[{"href":"https:\/\/eu-besamungsstation.soederhof.de\/en\/wp-json\/wp\/v2\/pages"}],"about":[{"href":"https:\/\/eu-besamungsstation.soederhof.de\/en\/wp-json\/wp\/v2\/types\/page"}],"author":[{"embeddable":true,"href":"https:\/\/eu-besamungsstation.soederhof.de\/en\/wp-json\/wp\/v2\/users\/2"}],"replies":[{"embeddable":true,"href":"https:\/\/eu-besamungsstation.soederhof.de\/en\/wp-json\/wp\/v2\/comments?post=278"}],"version-history":[{"count":7,"href":"https:\/\/eu-besamungsstation.soederhof.de\/en\/wp-json\/wp\/v2\/pages\/278\/revisions"}],"predecessor-version":[{"id":1949,"href":"https:\/\/eu-besamungsstation.soederhof.de\/en\/wp-json\/wp\/v2\/pages\/278\/revisions\/1949"}],"wp:attachment":[{"href":"https:\/\/eu-besamungsstation.soederhof.de\/en\/wp-json\/wp\/v2\/media?parent=278"}],"curies":[{"name":"wp","href":"https:\/\/api.w.org\/{rel}","templated":true}]}}