{"id":2815,"date":"2022-02-23T21:30:47","date_gmt":"2022-02-23T20:30:47","guid":{"rendered":"https:\/\/www.soederhof.de\/?page_id=2815"},"modified":"2023-02-26T10:40:25","modified_gmt":"2023-02-26T09:40:25","slug":"ill-win-domerguie-aa","status":"publish","type":"page","link":"https:\/\/eu-besamungsstation.soederhof.de\/en\/ill-win-domerguie-aa\/","title":{"rendered":"I&#8217;ll Win Domerguie AA"},"content":{"rendered":"<p style=\"text-align: center;\">v. Potter du Manou AA a.d. Bahira de Domerguie AA v. L\u2019Elu de Dun AA<br \/>\n* 2018<br \/>\n42,87 % Arabischer Blutanteil<br \/>\nSektion 2<br \/>\nBraun, Stockma\u00df 1,70 m<br \/>\nR\u00f6ntgenstatus 5* (ohne Befund)<br \/>\nZ\u00fcchter: Elevage de Domerguie, Le Trioulou, Frankreich<br \/>\nBesitzer: Dr. Frank Lehnhardt, S\u00f6derhof<br \/>\n<strong>Decktaxe<\/strong>: Tiefgefriersperma 800 \u20ac inkl. 7 % MWSt. f\u00fcr bis zu 3 Besamungsportionen (gilt f\u00fcr eine Tr\u00e4chtigkeit)<\/p>\n<p>&nbsp;<\/p>\n<p><a href=\"https:\/\/eu-besamungsstation.soederhof.de\/wp-content\/uploads\/2022\/02\/Ill-win-Domerguie.jpg\"><img loading=\"lazy\" decoding=\"async\" class=\"alignnone size-full wp-image-2817\" src=\"https:\/\/eu-besamungsstation.soederhof.de\/wp-content\/uploads\/2022\/02\/Ill-win-Domerguie.jpg\" alt=\"\" width=\"1952\" height=\"1677\" srcset=\"https:\/\/eu-besamungsstation.soederhof.de\/wp-content\/uploads\/2022\/02\/Ill-win-Domerguie.jpg 1952w, https:\/\/eu-besamungsstation.soederhof.de\/wp-content\/uploads\/2022\/02\/Ill-win-Domerguie-300x258.jpg 300w, https:\/\/eu-besamungsstation.soederhof.de\/wp-content\/uploads\/2022\/02\/Ill-win-Domerguie-1024x880.jpg 1024w, https:\/\/eu-besamungsstation.soederhof.de\/wp-content\/uploads\/2022\/02\/Ill-win-Domerguie-768x660.jpg 768w, https:\/\/eu-besamungsstation.soederhof.de\/wp-content\/uploads\/2022\/02\/Ill-win-Domerguie-1536x1320.jpg 1536w\" sizes=\"auto, (max-width: 1952px) 100vw, 1952px\" \/><\/a><\/p>\n<p>&nbsp;<\/p>\n<p>Gek\u00f6rt vom Zuchtverband f\u00fcr Sportpferde Arabischer Abstammung (ZSAA) Alsfeld April 2021<\/p>\n<p>Anerkannt von der ANAA Angloaraberverband Frankreich, Pompadour September 2021<\/p>\n<p>Andere Verb\u00e4nde mit Einzeldeckgenehmigung<\/p>\n<p>&nbsp;<\/p>\n<ul>\n<li>Zur Zeit im Sport\u00a0<\/li>\n<\/ul>\n<p>&nbsp;<\/p>\n<p><a href=\"https:\/\/eu-besamungsstation.soederhof.de\/wp-content\/uploads\/2022\/02\/Alwin-Freispringen.jpg\"><img loading=\"lazy\" decoding=\"async\" class=\"alignnone size-full wp-image-2818\" src=\"https:\/\/eu-besamungsstation.soederhof.de\/wp-content\/uploads\/2022\/02\/Alwin-Freispringen.jpg\" alt=\"\" width=\"960\" height=\"500\" srcset=\"https:\/\/eu-besamungsstation.soederhof.de\/wp-content\/uploads\/2022\/02\/Alwin-Freispringen.jpg 960w, https:\/\/eu-besamungsstation.soederhof.de\/wp-content\/uploads\/2022\/02\/Alwin-Freispringen-300x156.jpg 300w, https:\/\/eu-besamungsstation.soederhof.de\/wp-content\/uploads\/2022\/02\/Alwin-Freispringen-768x400.jpg 768w\" sizes=\"auto, (max-width: 960px) 100vw, 960px\" \/><\/a><\/p>\n<p>&nbsp;<\/p>\n<p>&nbsp;<\/p>\n<p><iframe loading=\"lazy\" title=\"I&#039;ll win Domerguie, anerkannter Anglo-Araber Hengst\" width=\"800\" height=\"600\" src=\"https:\/\/www.youtube.com\/embed\/pv0HQqvSnvM?feature=oembed\" frameborder=\"0\" allow=\"accelerometer; autoplay; clipboard-write; encrypted-media; gyroscope; picture-in-picture; web-share\" allowfullscreen><\/iframe><\/p>\n<p>&nbsp;<\/p>\n<p>&nbsp;<\/p>\n<p>Schon bei seiner Pr\u00e4sentation in Pompadour 2021 hat I\u2019ll win Domerguie AA gro\u00dfen Eindruck hinterlassen mit seinem Schick und seinem sicheren und gelassenen Auftreten.<\/p>\n<p>I\u2019ll win Domerguie AA kombiniert die Leistungslinien seiner beiden Eltern und bringt seine Eleganz, seine Qualit\u00e4t am Sprung, seine Bewegungen und sein exzellentes Interieur mit.<\/p>\n<p>Man findet in der Abstammung dieses jungen vielversprechenden Hengstes Sportpferde f\u00fcr den Spring- und den Vielseitigkeitssport. Auf der m\u00fctterlichen Seite z.B. Quahira de Domerguie AA mit einem Springindex von 143, Mescale de Domerguie AA mit dem Vielseitigkeitsindex von 132, Prim\u2019Amour Domerguie VIelseitigkeitsindex 124 und Tsar du Manaou\u00a0 Vielseitigkeitsindex 141.<\/p>\n<p>Auf der v\u00e4terlichen Seite die au\u00dfergew\u00f6hnlichen Pferde Prestige Kalonne AA Springindex 154, (gek\u00f6rter Hengst), Don Juan de Rouhet AA Vielseitigkeitsindex 144 und viele andere.<\/p>\n<p>&nbsp;<\/p>\n<p>I\u2019ll win Domerguie AA ist nach Frankreich zur\u00fcckgekehrt an den Cadre Noir in Saumur in den Beritt von Mathieu Van Landeghem (Mitglied des Championatskaders Vielseitigkeit), um im Vielseitigkeitssport zu konkurrieren und gleichzeitig seine Hengstleistungspr\u00fcfung im Sport abzulegen.<\/p>\n<p>&nbsp;<\/p>\n<p><a href=\"https:\/\/eu-besamungsstation.soederhof.de\/wp-content\/uploads\/2021\/09\/Alwin-Pompadour-Stand.jpg\"><img loading=\"lazy\" decoding=\"async\" class=\"alignnone size-full wp-image-2754\" src=\"https:\/\/eu-besamungsstation.soederhof.de\/wp-content\/uploads\/2021\/09\/Alwin-Pompadour-Stand.jpg\" alt=\"\" width=\"720\" height=\"960\" srcset=\"https:\/\/eu-besamungsstation.soederhof.de\/wp-content\/uploads\/2021\/09\/Alwin-Pompadour-Stand.jpg 720w, https:\/\/eu-besamungsstation.soederhof.de\/wp-content\/uploads\/2021\/09\/Alwin-Pompadour-Stand-225x300.jpg 225w\" sizes=\"auto, (max-width: 720px) 100vw, 720px\" \/><\/a>\u00a0 \u00a0<\/p>\n<p><iframe loading=\"lazy\" title=\"I\u2019ll Win Domerguie AA 4-j\u00e4hrig\" width=\"800\" height=\"450\" src=\"https:\/\/www.youtube.com\/embed\/GEnCTbrfa0I?feature=oembed\" frameborder=\"0\" allow=\"accelerometer; autoplay; clipboard-write; encrypted-media; gyroscope; picture-in-picture\" allowfullscreen><\/iframe><\/p>\n","protected":false},"excerpt":{"rendered":"<p>v. Potter du Manou AA a.d. Bahira de Domerguie AA v. L\u2019Elu de Dun AA * 2018 42,87 % Arabischer Blutanteil Sektion 2 Braun, Stockma\u00df 1,70 m R\u00f6ntgenstatus 5* (ohne Befund) Z\u00fcchter: Elevage de Domerguie, Le Trioulou, Frankreich Besitzer: Dr&#8230;. <a href=\"https:\/\/eu-besamungsstation.soederhof.de\/en\/ill-win-domerguie-aa\/\" class=\"readmore\">Read more<span class=\"screen-reader-text\">I&#8217;ll Win Domerguie AA<\/span><span class=\"fa fa-angle-double-right\" aria-hidden=\"true\"><\/span><\/a><\/p>\n","protected":false},"author":1,"featured_media":0,"parent":0,"menu_order":0,"comment_status":"closed","ping_status":"closed","template":"","meta":{"footnotes":""},"class_list":["post-2815","page","type-page","status-publish","hentry"],"translation":{"provider":"WPGlobus","version":"3.0.0","language":"en","enabled_languages":["de","en"],"languages":{"de":{"title":true,"content":true,"excerpt":false},"en":{"title":false,"content":false,"excerpt":false}}},"yoast_head":"<!-- This site is optimized with the Yoast SEO plugin v26.6 - https:\/\/yoast.com\/wordpress\/plugins\/seo\/ -->\n<title>I&#039;ll Win Domerguie AA - S\u00f6derhof<\/title>\n<meta name=\"robots\" content=\"index, follow, max-snippet:-1, max-image-preview:large, max-video-preview:-1\" \/>\n<link rel=\"canonical\" href=\"https:\/\/eu-besamungsstation.soederhof.de\/ill-win-domerguie-aa\/\" \/>\n<meta property=\"og:locale\" content=\"en_US\" \/>\n<meta property=\"og:type\" content=\"article\" \/>\n<meta property=\"og:title\" content=\"I&#039;ll Win Domerguie AA - S\u00f6derhof\" \/>\n<meta property=\"og:url\" content=\"https:\/\/eu-besamungsstation.soederhof.de\/ill-win-domerguie-aa\/\" \/>\n<meta property=\"og:site_name\" content=\"S\u00f6derhof\" \/>\n<meta property=\"article:modified_time\" content=\"2023-02-26T09:40:25+00:00\" \/>\n<meta property=\"og:image\" content=\"https:\/\/eu-besamungsstation.soederhof.de\/wp-content\/uploads\/2022\/02\/Ill-win-Domerguie.jpg\" \/>\n<meta name=\"twitter:card\" content=\"summary_large_image\" \/>\n<meta name=\"twitter:label1\" content=\"Est. reading time\" \/>\n\t<meta name=\"twitter:data1\" content=\"2 minutes\" \/>\n<script type=\"application\/ld+json\" class=\"yoast-schema-graph\">{\"@context\":\"https:\/\/schema.org\",\"@graph\":[{\"@type\":\"WebPage\",\"@id\":\"https:\/\/eu-besamungsstation.soederhof.de\/ill-win-domerguie-aa\/\",\"url\":\"https:\/\/eu-besamungsstation.soederhof.de\/ill-win-domerguie-aa\/\",\"name\":\"I'll Win Domerguie AA - S\u00f6derhof\",\"isPartOf\":{\"@id\":\"https:\/\/eu-besamungsstation.soederhof.de\/#website\"},\"primaryImageOfPage\":{\"@id\":\"https:\/\/eu-besamungsstation.soederhof.de\/ill-win-domerguie-aa\/#primaryimage\"},\"image\":{\"@id\":\"https:\/\/eu-besamungsstation.soederhof.de\/ill-win-domerguie-aa\/#primaryimage\"},\"thumbnailUrl\":\"https:\/\/eu-besamungsstation.soederhof.de\/wp-content\/uploads\/2022\/02\/Ill-win-Domerguie.jpg\",\"datePublished\":\"2022-02-23T20:30:47+00:00\",\"dateModified\":\"2023-02-26T09:40:25+00:00\",\"description\":\"\\\"Die Adresse f\u00fcr Edelblut\\\" - EU-Besamungsstation - Zucht- und Ausbildungsstall\",\"breadcrumb\":{\"@id\":\"https:\/\/eu-besamungsstation.soederhof.de\/ill-win-domerguie-aa\/#breadcrumb\"},\"inLanguage\":\"en-US\",\"potentialAction\":[{\"@type\":\"ReadAction\",\"target\":[\"https:\/\/eu-besamungsstation.soederhof.de\/ill-win-domerguie-aa\/\"]}]},{\"@type\":\"ImageObject\",\"inLanguage\":\"en-US\",\"@id\":\"https:\/\/eu-besamungsstation.soederhof.de\/ill-win-domerguie-aa\/#primaryimage\",\"url\":\"https:\/\/eu-besamungsstation.soederhof.de\/wp-content\/uploads\/2022\/02\/Ill-win-Domerguie.jpg\",\"contentUrl\":\"https:\/\/eu-besamungsstation.soederhof.de\/wp-content\/uploads\/2022\/02\/Ill-win-Domerguie.jpg\"},{\"@type\":\"BreadcrumbList\",\"@id\":\"https:\/\/eu-besamungsstation.soederhof.de\/ill-win-domerguie-aa\/#breadcrumb\",\"itemListElement\":[{\"@type\":\"ListItem\",\"position\":1,\"name\":\"Startseite\",\"item\":\"https:\/\/eu-besamungsstation.soederhof.de\/\"},{\"@type\":\"ListItem\",\"position\":2,\"name\":\"I&#8217;ll Win Domerguie AA\"}]},{\"@type\":\"WebSite\",\"@id\":\"https:\/\/eu-besamungsstation.soederhof.de\/#website\",\"url\":\"https:\/\/eu-besamungsstation.soederhof.de\/\",\"name\":\"S\u00f6derhof\",\"description\":\"Die Adresse f\u00fcr Edelblut\",\"publisher\":{\"@id\":\"https:\/\/eu-besamungsstation.soederhof.de\/#organization\"},\"potentialAction\":[{\"@type\":\"SearchAction\",\"target\":{\"@type\":\"EntryPoint\",\"urlTemplate\":\"https:\/\/eu-besamungsstation.soederhof.de\/?s={search_term_string}\"},\"query-input\":{\"@type\":\"PropertyValueSpecification\",\"valueRequired\":true,\"valueName\":\"search_term_string\"}}],\"inLanguage\":\"en-US\"},{\"@type\":\"Organization\",\"@id\":\"https:\/\/eu-besamungsstation.soederhof.de\/#organization\",\"name\":\"S\u00f6derhof\",\"url\":\"https:\/\/eu-besamungsstation.soederhof.de\/\",\"logo\":{\"@type\":\"ImageObject\",\"inLanguage\":\"en-US\",\"@id\":\"https:\/\/eu-besamungsstation.soederhof.de\/#\/schema\/logo\/image\/\",\"url\":\"https:\/\/www.soederhof.de\/wp-content\/uploads\/2020\/01\/logo.png\",\"contentUrl\":\"https:\/\/www.soederhof.de\/wp-content\/uploads\/2020\/01\/logo.png\",\"width\":369,\"height\":166,\"caption\":\"S\u00f6derhof\"},\"image\":{\"@id\":\"https:\/\/eu-besamungsstation.soederhof.de\/#\/schema\/logo\/image\/\"}}]}<\/script>\n<!-- \/ Yoast SEO plugin. -->","yoast_head_json":{"title":"I'll Win Domerguie AA - S\u00f6derhof","robots":{"index":"index","follow":"follow","max-snippet":"max-snippet:-1","max-image-preview":"max-image-preview:large","max-video-preview":"max-video-preview:-1"},"canonical":"https:\/\/eu-besamungsstation.soederhof.de\/ill-win-domerguie-aa\/","og_locale":"en_US","og_type":"article","og_title":"I'll Win Domerguie AA - S\u00f6derhof","og_url":"https:\/\/eu-besamungsstation.soederhof.de\/ill-win-domerguie-aa\/","og_site_name":"S\u00f6derhof","article_modified_time":"2023-02-26T09:40:25+00:00","og_image":[{"url":"https:\/\/eu-besamungsstation.soederhof.de\/wp-content\/uploads\/2022\/02\/Ill-win-Domerguie.jpg","type":"","width":"","height":""}],"twitter_card":"summary_large_image","twitter_misc":{"Est. reading time":"2 minutes"},"schema":{"@context":"https:\/\/schema.org","@graph":[{"@type":"WebPage","@id":"https:\/\/eu-besamungsstation.soederhof.de\/ill-win-domerguie-aa\/","url":"https:\/\/eu-besamungsstation.soederhof.de\/ill-win-domerguie-aa\/","name":"I'll Win Domerguie AA - S\u00f6derhof","isPartOf":{"@id":"https:\/\/eu-besamungsstation.soederhof.de\/#website"},"primaryImageOfPage":{"@id":"https:\/\/eu-besamungsstation.soederhof.de\/ill-win-domerguie-aa\/#primaryimage"},"image":{"@id":"https:\/\/eu-besamungsstation.soederhof.de\/ill-win-domerguie-aa\/#primaryimage"},"thumbnailUrl":"https:\/\/eu-besamungsstation.soederhof.de\/wp-content\/uploads\/2022\/02\/Ill-win-Domerguie.jpg","datePublished":"2022-02-23T20:30:47+00:00","dateModified":"2023-02-26T09:40:25+00:00","description":"\"Die Adresse f\u00fcr Edelblut\" - EU-Besamungsstation - Zucht- und Ausbildungsstall","breadcrumb":{"@id":"https:\/\/eu-besamungsstation.soederhof.de\/ill-win-domerguie-aa\/#breadcrumb"},"inLanguage":"en-US","potentialAction":[{"@type":"ReadAction","target":["https:\/\/eu-besamungsstation.soederhof.de\/ill-win-domerguie-aa\/"]}]},{"@type":"ImageObject","inLanguage":"en-US","@id":"https:\/\/eu-besamungsstation.soederhof.de\/ill-win-domerguie-aa\/#primaryimage","url":"https:\/\/eu-besamungsstation.soederhof.de\/wp-content\/uploads\/2022\/02\/Ill-win-Domerguie.jpg","contentUrl":"https:\/\/eu-besamungsstation.soederhof.de\/wp-content\/uploads\/2022\/02\/Ill-win-Domerguie.jpg"},{"@type":"BreadcrumbList","@id":"https:\/\/eu-besamungsstation.soederhof.de\/ill-win-domerguie-aa\/#breadcrumb","itemListElement":[{"@type":"ListItem","position":1,"name":"Startseite","item":"https:\/\/eu-besamungsstation.soederhof.de\/"},{"@type":"ListItem","position":2,"name":"I&#8217;ll Win Domerguie AA"}]},{"@type":"WebSite","@id":"https:\/\/eu-besamungsstation.soederhof.de\/#website","url":"https:\/\/eu-besamungsstation.soederhof.de\/","name":"S\u00f6derhof","description":"Die Adresse f\u00fcr Edelblut","publisher":{"@id":"https:\/\/eu-besamungsstation.soederhof.de\/#organization"},"potentialAction":[{"@type":"SearchAction","target":{"@type":"EntryPoint","urlTemplate":"https:\/\/eu-besamungsstation.soederhof.de\/?s={search_term_string}"},"query-input":{"@type":"PropertyValueSpecification","valueRequired":true,"valueName":"search_term_string"}}],"inLanguage":"en-US"},{"@type":"Organization","@id":"https:\/\/eu-besamungsstation.soederhof.de\/#organization","name":"S\u00f6derhof","url":"https:\/\/eu-besamungsstation.soederhof.de\/","logo":{"@type":"ImageObject","inLanguage":"en-US","@id":"https:\/\/eu-besamungsstation.soederhof.de\/#\/schema\/logo\/image\/","url":"https:\/\/www.soederhof.de\/wp-content\/uploads\/2020\/01\/logo.png","contentUrl":"https:\/\/www.soederhof.de\/wp-content\/uploads\/2020\/01\/logo.png","width":369,"height":166,"caption":"S\u00f6derhof"},"image":{"@id":"https:\/\/eu-besamungsstation.soederhof.de\/#\/schema\/logo\/image\/"}}]}},"_links":{"self":[{"href":"https:\/\/eu-besamungsstation.soederhof.de\/en\/wp-json\/wp\/v2\/pages\/2815","targetHints":{"allow":["GET"]}}],"collection":[{"href":"https:\/\/eu-besamungsstation.soederhof.de\/en\/wp-json\/wp\/v2\/pages"}],"about":[{"href":"https:\/\/eu-besamungsstation.soederhof.de\/en\/wp-json\/wp\/v2\/types\/page"}],"author":[{"embeddable":true,"href":"https:\/\/eu-besamungsstation.soederhof.de\/en\/wp-json\/wp\/v2\/users\/1"}],"replies":[{"embeddable":true,"href":"https:\/\/eu-besamungsstation.soederhof.de\/en\/wp-json\/wp\/v2\/comments?post=2815"}],"version-history":[{"count":8,"href":"https:\/\/eu-besamungsstation.soederhof.de\/en\/wp-json\/wp\/v2\/pages\/2815\/revisions"}],"predecessor-version":[{"id":3149,"href":"https:\/\/eu-besamungsstation.soederhof.de\/en\/wp-json\/wp\/v2\/pages\/2815\/revisions\/3149"}],"wp:attachment":[{"href":"https:\/\/eu-besamungsstation.soederhof.de\/en\/wp-json\/wp\/v2\/media?parent=2815"}],"curies":[{"name":"wp","href":"https:\/\/api.w.org\/{rel}","templated":true}]}}