{"id":3196,"date":"2024-02-22T18:44:23","date_gmt":"2024-02-22T17:44:23","guid":{"rendered":"https:\/\/eu-besamungsstation.soederhof.de\/?page_id=3196"},"modified":"2024-05-02T19:19:10","modified_gmt":"2024-05-02T17:19:10","slug":"koenig-platon","status":"publish","type":"page","link":"https:\/\/eu-besamungsstation.soederhof.de\/en\/koenig-platon\/","title":{"rendered":"K\u00f6nig Platon"},"content":{"rendered":"<p style=\"text-align: center;\">v. Soldier Hollow a.d. K\u00f6nigin Platina v. Platini<br \/>\ngeb. 2016<br \/>\nbraun, Stockma\u00df: 1,66 m<br \/>\nGAG 79,5 kg<br \/>\nZ\u00fcchter: Gest\u00fct Elsetal<br \/>\nBesitzer: Britta Gollnick Uleer<\/p>\n<p style=\"text-align: center;\"><strong>Decktaxe<\/strong>:<br \/>\n<strong>\u00a0Frischsperma:<\/strong> 800 \u20ac + 7% MwSt.<\/p>\n<p><a href=\"https:\/\/eu-besamungsstation.soederhof.de\/wp-content\/uploads\/2024\/04\/Koenig-Platon-April-2024-scaled.jpeg\" target=\"_blank\" rel=\"noopener\"><img loading=\"lazy\" decoding=\"async\" class=\"alignnone wp-image-3220 size-full\" src=\"https:\/\/eu-besamungsstation.soederhof.de\/wp-content\/uploads\/2024\/04\/Koenig-Platon-April-2024-scaled.jpeg\" alt=\"\" width=\"2560\" height=\"2528\" srcset=\"https:\/\/eu-besamungsstation.soederhof.de\/wp-content\/uploads\/2024\/04\/Koenig-Platon-April-2024-scaled.jpeg 2560w, https:\/\/eu-besamungsstation.soederhof.de\/wp-content\/uploads\/2024\/04\/Koenig-Platon-April-2024-300x296.jpeg 300w, https:\/\/eu-besamungsstation.soederhof.de\/wp-content\/uploads\/2024\/04\/Koenig-Platon-April-2024-1024x1011.jpeg 1024w, https:\/\/eu-besamungsstation.soederhof.de\/wp-content\/uploads\/2024\/04\/Koenig-Platon-April-2024-768x758.jpeg 768w, https:\/\/eu-besamungsstation.soederhof.de\/wp-content\/uploads\/2024\/04\/Koenig-Platon-April-2024-1536x1517.jpeg 1536w, https:\/\/eu-besamungsstation.soederhof.de\/wp-content\/uploads\/2024\/04\/Koenig-Platon-April-2024-2048x2022.jpeg 2048w\" sizes=\"auto, (max-width: 2560px) 100vw, 2560px\" \/><\/a><\/p>\n<p style=\"text-align: center;\">Gek\u00f6rt vom Oldenburger Verband<br \/>\nAnerkannt vom Trakehner Verband<\/p>\n<p><strong>K\u00f6nig Platon<\/strong> ist ein Hengst nach dem goldenen Schnitt.<\/p>\n<p>Sein sch\u00f6nes Gesicht, der harmonische K\u00f6rper mit allerbester Oberlinie und einem besonders korrekten Fundament geben ihm als Vererber und Veredler eine gro\u00dfe Perspektive.<\/p>\n<p>Sehr guter Schritt, elastische Trabbewegungen und der erhabene Galopp zeichnen ihn aus.<\/p>\n<p>Am Sprung ist er clever, zeigt eine gute Bascule und ein schnelles Vorderbein.<\/p>\n<p>Eine lange Rennkarriere beweist seine H\u00e4rte und Leistungsbereitschaft.<\/p>\n<p>Die R\u00f6ntgenbilder nach der langen Rennbahnzeit sind von bestechender Qualit\u00e4t.<\/p>\n<p>Sein Vater <strong>Soldier Hollow<\/strong> z\u00e4hlt zu den 3 renommiertesten Vollblutdeckhengsten in Deutschland und deckt heute noch mit \u00fcber 20 Jahren f\u00fcr eine 5-stellige Decktaxe.<\/p>\n<p>Wir freuen uns, dass die Familie Gollnick uns das Vertrauen geschenkt hat und diesen Hengst auf unsere Station gestellt hat.<\/p>\n<p><a href=\"https:\/\/eu-besamungsstation.soederhof.de\/wp-content\/uploads\/2024\/02\/Koenig-3.jpg\" target=\"_blank\" rel=\"noopener\"><img loading=\"lazy\" decoding=\"async\" class=\"aligncenter wp-image-3197 size-large\" src=\"https:\/\/eu-besamungsstation.soederhof.de\/wp-content\/uploads\/2024\/02\/Koenig-3-1024x784.jpg\" alt=\"\" width=\"800\" height=\"613\" srcset=\"https:\/\/eu-besamungsstation.soederhof.de\/wp-content\/uploads\/2024\/02\/Koenig-3-1024x784.jpg 1024w, https:\/\/eu-besamungsstation.soederhof.de\/wp-content\/uploads\/2024\/02\/Koenig-3-300x230.jpg 300w, https:\/\/eu-besamungsstation.soederhof.de\/wp-content\/uploads\/2024\/02\/Koenig-3-768x588.jpg 768w, https:\/\/eu-besamungsstation.soederhof.de\/wp-content\/uploads\/2024\/02\/Koenig-3-1536x1175.jpg 1536w, https:\/\/eu-besamungsstation.soederhof.de\/wp-content\/uploads\/2024\/02\/Koenig-3-2048x1567.jpg 2048w\" sizes=\"auto, (max-width: 800px) 100vw, 800px\" \/><\/a><\/p>\n<p><a href=\"https:\/\/eu-besamungsstation.soederhof.de\/wp-content\/uploads\/2024\/02\/Koenig-Platon-Sieg-scaled.jpg\" target=\"_blank\" rel=\"noopener\"><img loading=\"lazy\" decoding=\"async\" class=\"wp-image-3199 size-large aligncenter\" src=\"https:\/\/eu-besamungsstation.soederhof.de\/wp-content\/uploads\/2024\/02\/Koenig-Platon-Sieg-1024x683.jpg\" alt=\"\" width=\"800\" height=\"534\" srcset=\"https:\/\/eu-besamungsstation.soederhof.de\/wp-content\/uploads\/2024\/02\/Koenig-Platon-Sieg-1024x683.jpg 1024w, https:\/\/eu-besamungsstation.soederhof.de\/wp-content\/uploads\/2024\/02\/Koenig-Platon-Sieg-300x200.jpg 300w, https:\/\/eu-besamungsstation.soederhof.de\/wp-content\/uploads\/2024\/02\/Koenig-Platon-Sieg-768x512.jpg 768w, https:\/\/eu-besamungsstation.soederhof.de\/wp-content\/uploads\/2024\/02\/Koenig-Platon-Sieg-1536x1024.jpg 1536w, https:\/\/eu-besamungsstation.soederhof.de\/wp-content\/uploads\/2024\/02\/Koenig-Platon-Sieg-2048x1365.jpg 2048w\" sizes=\"auto, (max-width: 800px) 100vw, 800px\" \/><\/a><\/p>\n","protected":false},"excerpt":{"rendered":"<p>v. Soldier Hollow a.d. K\u00f6nigin Platina v. Platini geb. 2016 braun, Stockma\u00df: 1,66 m GAG 79,5 kg Z\u00fcchter: Gest\u00fct Elsetal Besitzer: Britta Gollnick Uleer Decktaxe: \u00a0Frischsperma: 800 \u20ac + 7% MwSt. Gek\u00f6rt vom Oldenburger Verband Anerkannt vom Trakehner Verband K\u00f6nig&#8230; <a href=\"https:\/\/eu-besamungsstation.soederhof.de\/en\/koenig-platon\/\" class=\"readmore\">Read more<span class=\"screen-reader-text\">K\u00f6nig Platon<\/span><span class=\"fa fa-angle-double-right\" aria-hidden=\"true\"><\/span><\/a><\/p>\n","protected":false},"author":1,"featured_media":0,"parent":0,"menu_order":0,"comment_status":"closed","ping_status":"closed","template":"","meta":{"footnotes":""},"class_list":["post-3196","page","type-page","status-publish","hentry"],"translation":{"provider":"WPGlobus","version":"3.0.0","language":"en","enabled_languages":["de","en"],"languages":{"de":{"title":true,"content":true,"excerpt":false},"en":{"title":false,"content":false,"excerpt":false}}},"yoast_head":"<!-- This site is optimized with the Yoast SEO plugin v26.6 - https:\/\/yoast.com\/wordpress\/plugins\/seo\/ -->\n<title>K\u00f6nig Platon - S\u00f6derhof<\/title>\n<meta name=\"robots\" content=\"index, follow, max-snippet:-1, max-image-preview:large, max-video-preview:-1\" \/>\n<link rel=\"canonical\" href=\"https:\/\/eu-besamungsstation.soederhof.de\/koenig-platon\/\" \/>\n<meta property=\"og:locale\" content=\"en_US\" \/>\n<meta property=\"og:type\" content=\"article\" \/>\n<meta property=\"og:title\" content=\"K\u00f6nig Platon - S\u00f6derhof\" \/>\n<meta property=\"og:url\" content=\"https:\/\/eu-besamungsstation.soederhof.de\/koenig-platon\/\" \/>\n<meta property=\"og:site_name\" content=\"S\u00f6derhof\" \/>\n<meta property=\"article:modified_time\" content=\"2024-05-02T17:19:10+00:00\" \/>\n<meta property=\"og:image\" content=\"https:\/\/eu-besamungsstation.soederhof.de\/wp-content\/uploads\/2024\/04\/Koenig-Platon-April-2024-scaled.jpeg\" \/>\n<meta name=\"twitter:card\" content=\"summary_large_image\" \/>\n<meta name=\"twitter:label1\" content=\"Est. reading time\" \/>\n\t<meta name=\"twitter:data1\" content=\"2 minutes\" \/>\n<script type=\"application\/ld+json\" class=\"yoast-schema-graph\">{\"@context\":\"https:\/\/schema.org\",\"@graph\":[{\"@type\":\"WebPage\",\"@id\":\"https:\/\/eu-besamungsstation.soederhof.de\/koenig-platon\/\",\"url\":\"https:\/\/eu-besamungsstation.soederhof.de\/koenig-platon\/\",\"name\":\"K\u00f6nig Platon - S\u00f6derhof\",\"isPartOf\":{\"@id\":\"https:\/\/eu-besamungsstation.soederhof.de\/#website\"},\"primaryImageOfPage\":{\"@id\":\"https:\/\/eu-besamungsstation.soederhof.de\/koenig-platon\/#primaryimage\"},\"image\":{\"@id\":\"https:\/\/eu-besamungsstation.soederhof.de\/koenig-platon\/#primaryimage\"},\"thumbnailUrl\":\"https:\/\/eu-besamungsstation.soederhof.de\/wp-content\/uploads\/2024\/04\/Koenig-Platon-April-2024-scaled.jpeg\",\"datePublished\":\"2024-02-22T17:44:23+00:00\",\"dateModified\":\"2024-05-02T17:19:10+00:00\",\"description\":\"\\\"Die Adresse f\u00fcr Edelblut\\\" - EU-Besamungsstation - Zucht- und Ausbildungsstall\",\"breadcrumb\":{\"@id\":\"https:\/\/eu-besamungsstation.soederhof.de\/koenig-platon\/#breadcrumb\"},\"inLanguage\":\"en-US\",\"potentialAction\":[{\"@type\":\"ReadAction\",\"target\":[\"https:\/\/eu-besamungsstation.soederhof.de\/koenig-platon\/\"]}]},{\"@type\":\"ImageObject\",\"inLanguage\":\"en-US\",\"@id\":\"https:\/\/eu-besamungsstation.soederhof.de\/koenig-platon\/#primaryimage\",\"url\":\"https:\/\/eu-besamungsstation.soederhof.de\/wp-content\/uploads\/2024\/04\/Koenig-Platon-April-2024-scaled.jpeg\",\"contentUrl\":\"https:\/\/eu-besamungsstation.soederhof.de\/wp-content\/uploads\/2024\/04\/Koenig-Platon-April-2024-scaled.jpeg\"},{\"@type\":\"BreadcrumbList\",\"@id\":\"https:\/\/eu-besamungsstation.soederhof.de\/koenig-platon\/#breadcrumb\",\"itemListElement\":[{\"@type\":\"ListItem\",\"position\":1,\"name\":\"Startseite\",\"item\":\"https:\/\/eu-besamungsstation.soederhof.de\/\"},{\"@type\":\"ListItem\",\"position\":2,\"name\":\"K\u00f6nig Platon\"}]},{\"@type\":\"WebSite\",\"@id\":\"https:\/\/eu-besamungsstation.soederhof.de\/#website\",\"url\":\"https:\/\/eu-besamungsstation.soederhof.de\/\",\"name\":\"S\u00f6derhof\",\"description\":\"Die Adresse f\u00fcr Edelblut\",\"publisher\":{\"@id\":\"https:\/\/eu-besamungsstation.soederhof.de\/#organization\"},\"potentialAction\":[{\"@type\":\"SearchAction\",\"target\":{\"@type\":\"EntryPoint\",\"urlTemplate\":\"https:\/\/eu-besamungsstation.soederhof.de\/?s={search_term_string}\"},\"query-input\":{\"@type\":\"PropertyValueSpecification\",\"valueRequired\":true,\"valueName\":\"search_term_string\"}}],\"inLanguage\":\"en-US\"},{\"@type\":\"Organization\",\"@id\":\"https:\/\/eu-besamungsstation.soederhof.de\/#organization\",\"name\":\"S\u00f6derhof\",\"url\":\"https:\/\/eu-besamungsstation.soederhof.de\/\",\"logo\":{\"@type\":\"ImageObject\",\"inLanguage\":\"en-US\",\"@id\":\"https:\/\/eu-besamungsstation.soederhof.de\/#\/schema\/logo\/image\/\",\"url\":\"https:\/\/www.soederhof.de\/wp-content\/uploads\/2020\/01\/logo.png\",\"contentUrl\":\"https:\/\/www.soederhof.de\/wp-content\/uploads\/2020\/01\/logo.png\",\"width\":369,\"height\":166,\"caption\":\"S\u00f6derhof\"},\"image\":{\"@id\":\"https:\/\/eu-besamungsstation.soederhof.de\/#\/schema\/logo\/image\/\"}}]}<\/script>\n<!-- \/ Yoast SEO plugin. -->","yoast_head_json":{"title":"K\u00f6nig Platon - S\u00f6derhof","robots":{"index":"index","follow":"follow","max-snippet":"max-snippet:-1","max-image-preview":"max-image-preview:large","max-video-preview":"max-video-preview:-1"},"canonical":"https:\/\/eu-besamungsstation.soederhof.de\/koenig-platon\/","og_locale":"en_US","og_type":"article","og_title":"K\u00f6nig Platon - S\u00f6derhof","og_url":"https:\/\/eu-besamungsstation.soederhof.de\/koenig-platon\/","og_site_name":"S\u00f6derhof","article_modified_time":"2024-05-02T17:19:10+00:00","og_image":[{"url":"https:\/\/eu-besamungsstation.soederhof.de\/wp-content\/uploads\/2024\/04\/Koenig-Platon-April-2024-scaled.jpeg","type":"","width":"","height":""}],"twitter_card":"summary_large_image","twitter_misc":{"Est. reading time":"2 minutes"},"schema":{"@context":"https:\/\/schema.org","@graph":[{"@type":"WebPage","@id":"https:\/\/eu-besamungsstation.soederhof.de\/koenig-platon\/","url":"https:\/\/eu-besamungsstation.soederhof.de\/koenig-platon\/","name":"K\u00f6nig Platon - S\u00f6derhof","isPartOf":{"@id":"https:\/\/eu-besamungsstation.soederhof.de\/#website"},"primaryImageOfPage":{"@id":"https:\/\/eu-besamungsstation.soederhof.de\/koenig-platon\/#primaryimage"},"image":{"@id":"https:\/\/eu-besamungsstation.soederhof.de\/koenig-platon\/#primaryimage"},"thumbnailUrl":"https:\/\/eu-besamungsstation.soederhof.de\/wp-content\/uploads\/2024\/04\/Koenig-Platon-April-2024-scaled.jpeg","datePublished":"2024-02-22T17:44:23+00:00","dateModified":"2024-05-02T17:19:10+00:00","description":"\"Die Adresse f\u00fcr Edelblut\" - EU-Besamungsstation - Zucht- und Ausbildungsstall","breadcrumb":{"@id":"https:\/\/eu-besamungsstation.soederhof.de\/koenig-platon\/#breadcrumb"},"inLanguage":"en-US","potentialAction":[{"@type":"ReadAction","target":["https:\/\/eu-besamungsstation.soederhof.de\/koenig-platon\/"]}]},{"@type":"ImageObject","inLanguage":"en-US","@id":"https:\/\/eu-besamungsstation.soederhof.de\/koenig-platon\/#primaryimage","url":"https:\/\/eu-besamungsstation.soederhof.de\/wp-content\/uploads\/2024\/04\/Koenig-Platon-April-2024-scaled.jpeg","contentUrl":"https:\/\/eu-besamungsstation.soederhof.de\/wp-content\/uploads\/2024\/04\/Koenig-Platon-April-2024-scaled.jpeg"},{"@type":"BreadcrumbList","@id":"https:\/\/eu-besamungsstation.soederhof.de\/koenig-platon\/#breadcrumb","itemListElement":[{"@type":"ListItem","position":1,"name":"Startseite","item":"https:\/\/eu-besamungsstation.soederhof.de\/"},{"@type":"ListItem","position":2,"name":"K\u00f6nig Platon"}]},{"@type":"WebSite","@id":"https:\/\/eu-besamungsstation.soederhof.de\/#website","url":"https:\/\/eu-besamungsstation.soederhof.de\/","name":"S\u00f6derhof","description":"Die Adresse f\u00fcr Edelblut","publisher":{"@id":"https:\/\/eu-besamungsstation.soederhof.de\/#organization"},"potentialAction":[{"@type":"SearchAction","target":{"@type":"EntryPoint","urlTemplate":"https:\/\/eu-besamungsstation.soederhof.de\/?s={search_term_string}"},"query-input":{"@type":"PropertyValueSpecification","valueRequired":true,"valueName":"search_term_string"}}],"inLanguage":"en-US"},{"@type":"Organization","@id":"https:\/\/eu-besamungsstation.soederhof.de\/#organization","name":"S\u00f6derhof","url":"https:\/\/eu-besamungsstation.soederhof.de\/","logo":{"@type":"ImageObject","inLanguage":"en-US","@id":"https:\/\/eu-besamungsstation.soederhof.de\/#\/schema\/logo\/image\/","url":"https:\/\/www.soederhof.de\/wp-content\/uploads\/2020\/01\/logo.png","contentUrl":"https:\/\/www.soederhof.de\/wp-content\/uploads\/2020\/01\/logo.png","width":369,"height":166,"caption":"S\u00f6derhof"},"image":{"@id":"https:\/\/eu-besamungsstation.soederhof.de\/#\/schema\/logo\/image\/"}}]}},"_links":{"self":[{"href":"https:\/\/eu-besamungsstation.soederhof.de\/en\/wp-json\/wp\/v2\/pages\/3196","targetHints":{"allow":["GET"]}}],"collection":[{"href":"https:\/\/eu-besamungsstation.soederhof.de\/en\/wp-json\/wp\/v2\/pages"}],"about":[{"href":"https:\/\/eu-besamungsstation.soederhof.de\/en\/wp-json\/wp\/v2\/types\/page"}],"author":[{"embeddable":true,"href":"https:\/\/eu-besamungsstation.soederhof.de\/en\/wp-json\/wp\/v2\/users\/1"}],"replies":[{"embeddable":true,"href":"https:\/\/eu-besamungsstation.soederhof.de\/en\/wp-json\/wp\/v2\/comments?post=3196"}],"version-history":[{"count":3,"href":"https:\/\/eu-besamungsstation.soederhof.de\/en\/wp-json\/wp\/v2\/pages\/3196\/revisions"}],"predecessor-version":[{"id":3225,"href":"https:\/\/eu-besamungsstation.soederhof.de\/en\/wp-json\/wp\/v2\/pages\/3196\/revisions\/3225"}],"wp:attachment":[{"href":"https:\/\/eu-besamungsstation.soederhof.de\/en\/wp-json\/wp\/v2\/media?parent=3196"}],"curies":[{"name":"wp","href":"https:\/\/api.w.org\/{rel}","templated":true}]}}