{"id":3312,"date":"2025-02-10T10:00:36","date_gmt":"2025-02-10T09:00:36","guid":{"rendered":"https:\/\/eu-besamungsstation.soederhof.de\/?page_id=3312"},"modified":"2025-02-11T12:50:08","modified_gmt":"2025-02-11T11:50:08","slug":"remember","status":"publish","type":"page","link":"https:\/\/eu-besamungsstation.soederhof.de\/en\/remember\/","title":{"rendered":"Remember"},"content":{"rendered":"<p>&nbsp;<\/p>\n<p style=\"text-align: center;\">v. L&#8217;Elu de Dun AA a.d. Pr.St. Ruby v. Arrak-Horitt xx<br \/>\ngeb. 2019<br \/>\nbraun, Stockma\u00df: 1,65 m<br \/>\nZ\u00fcchter: Maria Lehnhardt<br \/>\nBesitzer: Lehnhardt GbR<\/p>\n<p style=\"text-align: center;\"><strong>Decktaxe<\/strong>:\u00a0<br \/>\n<strong>\u00a0Tiefgefriersperma:<\/strong> 800 \u20ac + 7% MwSt. f\u00fcr 2 Besamungsportionen<\/p>\n<p style=\"text-align: center;\">Pro Saison werden bei der ersten Bestellung 2 Portionen verschickt.\u00a0<br \/>\nDer bestellte Samen darf nur f\u00fcr eine Stute verwendet werden. Wird mit verbliebendem Samen eine weitere Stute besamt, ist das Deckgeld erneut f\u00e4llig.<\/p>\n<p>&nbsp;<\/p>\n<p><a href=\"https:\/\/eu-besamungsstation.soederhof.de\/wp-content\/uploads\/2025\/02\/01266436-f272-4ee8-b85e-425229b49435.jpg\"><img loading=\"lazy\" decoding=\"async\" class=\"alignnone size-full wp-image-3313\" src=\"https:\/\/eu-besamungsstation.soederhof.de\/wp-content\/uploads\/2025\/02\/01266436-f272-4ee8-b85e-425229b49435.jpg\" alt=\"\" width=\"2500\" height=\"1667\" srcset=\"https:\/\/eu-besamungsstation.soederhof.de\/wp-content\/uploads\/2025\/02\/01266436-f272-4ee8-b85e-425229b49435.jpg 2500w, https:\/\/eu-besamungsstation.soederhof.de\/wp-content\/uploads\/2025\/02\/01266436-f272-4ee8-b85e-425229b49435-300x200.jpg 300w, https:\/\/eu-besamungsstation.soederhof.de\/wp-content\/uploads\/2025\/02\/01266436-f272-4ee8-b85e-425229b49435-1024x683.jpg 1024w, https:\/\/eu-besamungsstation.soederhof.de\/wp-content\/uploads\/2025\/02\/01266436-f272-4ee8-b85e-425229b49435-768x512.jpg 768w, https:\/\/eu-besamungsstation.soederhof.de\/wp-content\/uploads\/2025\/02\/01266436-f272-4ee8-b85e-425229b49435-1536x1024.jpg 1536w, https:\/\/eu-besamungsstation.soederhof.de\/wp-content\/uploads\/2025\/02\/01266436-f272-4ee8-b85e-425229b49435-2048x1366.jpg 2048w\" sizes=\"auto, (max-width: 2500px) 100vw, 2500px\" \/><\/a><\/p>\n<p>&nbsp;<\/p>\n<p style=\"text-align: center;\"><strong>Gek\u00f6rt<\/strong> 2022 vom ZSAA (Pr\u00e4mienhengst)\u00a0<br \/>\n<strong>Anerkannt<\/strong> 2023 vom Franz\u00f6sischen Anglo-Araber Verband (ANAA)<br \/>\n<strong>Gek\u00f6rt<\/strong> 2024 vom Trakehner Verband<\/p>\n<p>&nbsp;<\/p>\n<p>&nbsp;<\/p>\n<p>Remember wurde 3-j\u00e4hrig im M\u00e4rz 2022 beim ZSAA gek\u00f6rt und pr\u00e4miert. Besonders seine Grundgangarten und seine Korrektheit wurden sehr hoch bewertet. Er ist ein sehr stabiler und gleichzeitig besonders typvoller Hengst.<\/p>\n<p>&nbsp;<\/p>\n<p>Nachdem er Ende 2022 angeritten wurde, brachten wir ihn im Fr\u00fchjahr 2023 nach Frankreich zu Alexis Goury in Beritt<\/p>\n<p>&nbsp;<\/p>\n<p>Dort nahm er an 3 Vielseitigkeitsturnieren f\u00fcr 4-j\u00e4hrige teil und konnte sich gleich f\u00fcr das Finale der 4-j\u00e4hrigen Vielseitigkeitspferde in Pompadour qualifizieren und nahm erfolgreich teil.<\/p>\n<p>Im selben Jahr wurde er vom franz\u00f6sischen Angloaraberverband als Hengst anerkannt.<\/p>\n<p>&nbsp;<\/p>\n<p><strong>Seine R\u00f6ntgenbilder wurden auch in Frankreich mit 5*, excellent, bewertet.<\/strong><\/p>\n<p>&nbsp;<\/p>\n<p>2024 konnte er sich mit nur 2 Vorbereitungsturnieren f\u00fcr das Finale der 5-j\u00e4hrigen VS-Pferde qualifizieren und wurde nach sehr guter Dressur und fehlerfreien Gel\u00e4nde- und Springrunden 4. Von 80 qualifizierten Pferden. Der Reiter ist besonders von seiner Rittigkeit, Konzentrationsf\u00e4higkeit und unbedingten Leistungsbereitschaft begeistert.<\/p>\n<p>&nbsp;<\/p>\n<p>Auch sein Vater L\u2019Elu de Dun AA \u00fcberzeugte durch Rittigkeit, Taktsicherheit und Elastizit\u00e4t in den Grundgangarten und hervorragendes Springen, das er mit Erfolgen bis 1,45 m-Springen bewies.<\/p>\n<p>&nbsp;<\/p>\n<p>Seine Mutter, die Pr\u00e4mienstute Ruby IV von Arrak \u2013 Hohritt xx, war bei ihrer Stuteneintragung 4-j\u00e4hrig beste 4-j\u00e4hrige und beste Halbblutstute. Auch bei der Landesschau Niedersachsen\/Hannover im Jahr 2018 wurde sie 17-j\u00e4hrig beste Halbblutstute und 2. Reservesiegerin der Schau.<\/p>\n<p>&nbsp;<\/p>\n<p>Seine 2. Mutter Rosha xx war eine der besteingetragenen Vollblutstuten ihrer Zeit und hat durch hervorragende Grundgangarten, sehr gutes Springverm\u00f6gen und eisenharte Gesundheit \u00fcberzeugt.<\/p>\n<p>&nbsp;<\/p>\n<p>Remember ist weiterhin bei Alexis Goury in Beritt und \u00fcber TG in Deutschland auf dem S\u00f6derhof und Frankreich beim Haras de G\u00e9los verf\u00fcgbar.<\/p>\n","protected":false},"excerpt":{"rendered":"<p>&nbsp; v. L&#8217;Elu de Dun AA a.d. Pr.St. Ruby v. Arrak-Horitt xx geb. 2019 braun, Stockma\u00df: 1,65 m Z\u00fcchter: Maria Lehnhardt Besitzer: Lehnhardt GbR Decktaxe:\u00a0 \u00a0Tiefgefriersperma: 800 \u20ac + 7% MwSt. f\u00fcr 2 Besamungsportionen Pro Saison werden bei der ersten&#8230; <a href=\"https:\/\/eu-besamungsstation.soederhof.de\/en\/remember\/\" class=\"readmore\">Read more<span class=\"screen-reader-text\">Remember<\/span><span class=\"fa fa-angle-double-right\" aria-hidden=\"true\"><\/span><\/a><\/p>\n","protected":false},"author":1,"featured_media":0,"parent":0,"menu_order":0,"comment_status":"closed","ping_status":"closed","template":"","meta":{"footnotes":""},"class_list":["post-3312","page","type-page","status-publish","hentry"],"translation":{"provider":"WPGlobus","version":"3.0.0","language":"en","enabled_languages":["de","en"],"languages":{"de":{"title":true,"content":true,"excerpt":false},"en":{"title":false,"content":false,"excerpt":false}}},"yoast_head":"<!-- This site is optimized with the Yoast SEO plugin v26.6 - https:\/\/yoast.com\/wordpress\/plugins\/seo\/ -->\n<title>Remember - S\u00f6derhof<\/title>\n<meta name=\"robots\" content=\"index, follow, max-snippet:-1, max-image-preview:large, max-video-preview:-1\" \/>\n<link rel=\"canonical\" href=\"https:\/\/eu-besamungsstation.soederhof.de\/remember\/\" \/>\n<meta property=\"og:locale\" content=\"en_US\" \/>\n<meta property=\"og:type\" content=\"article\" \/>\n<meta property=\"og:title\" content=\"Remember - S\u00f6derhof\" \/>\n<meta property=\"og:url\" content=\"https:\/\/eu-besamungsstation.soederhof.de\/remember\/\" \/>\n<meta property=\"og:site_name\" content=\"S\u00f6derhof\" \/>\n<meta property=\"article:modified_time\" content=\"2025-02-11T11:50:08+00:00\" \/>\n<meta property=\"og:image\" content=\"https:\/\/eu-besamungsstation.soederhof.de\/wp-content\/uploads\/2025\/02\/01266436-f272-4ee8-b85e-425229b49435-1024x683.jpg\" \/>\n\t<meta property=\"og:image:width\" content=\"1024\" \/>\n\t<meta property=\"og:image:height\" content=\"683\" \/>\n\t<meta property=\"og:image:type\" content=\"image\/jpeg\" \/>\n<meta name=\"twitter:card\" content=\"summary_large_image\" \/>\n<meta name=\"twitter:label1\" content=\"Est. reading time\" \/>\n\t<meta name=\"twitter:data1\" content=\"3 minutes\" \/>\n<script type=\"application\/ld+json\" class=\"yoast-schema-graph\">{\"@context\":\"https:\/\/schema.org\",\"@graph\":[{\"@type\":\"WebPage\",\"@id\":\"https:\/\/eu-besamungsstation.soederhof.de\/remember\/\",\"url\":\"https:\/\/eu-besamungsstation.soederhof.de\/remember\/\",\"name\":\"Remember - S\u00f6derhof\",\"isPartOf\":{\"@id\":\"https:\/\/eu-besamungsstation.soederhof.de\/#website\"},\"primaryImageOfPage\":{\"@id\":\"https:\/\/eu-besamungsstation.soederhof.de\/remember\/#primaryimage\"},\"image\":{\"@id\":\"https:\/\/eu-besamungsstation.soederhof.de\/remember\/#primaryimage\"},\"thumbnailUrl\":\"https:\/\/eu-besamungsstation.soederhof.de\/wp-content\/uploads\/2025\/02\/01266436-f272-4ee8-b85e-425229b49435.jpg\",\"datePublished\":\"2025-02-10T09:00:36+00:00\",\"dateModified\":\"2025-02-11T11:50:08+00:00\",\"description\":\"\\\"Die Adresse f\u00fcr Edelblut\\\" - EU-Besamungsstation - Zucht- und Ausbildungsstall\",\"breadcrumb\":{\"@id\":\"https:\/\/eu-besamungsstation.soederhof.de\/remember\/#breadcrumb\"},\"inLanguage\":\"en-US\",\"potentialAction\":[{\"@type\":\"ReadAction\",\"target\":[\"https:\/\/eu-besamungsstation.soederhof.de\/remember\/\"]}]},{\"@type\":\"ImageObject\",\"inLanguage\":\"en-US\",\"@id\":\"https:\/\/eu-besamungsstation.soederhof.de\/remember\/#primaryimage\",\"url\":\"https:\/\/eu-besamungsstation.soederhof.de\/wp-content\/uploads\/2025\/02\/01266436-f272-4ee8-b85e-425229b49435.jpg\",\"contentUrl\":\"https:\/\/eu-besamungsstation.soederhof.de\/wp-content\/uploads\/2025\/02\/01266436-f272-4ee8-b85e-425229b49435.jpg\"},{\"@type\":\"BreadcrumbList\",\"@id\":\"https:\/\/eu-besamungsstation.soederhof.de\/remember\/#breadcrumb\",\"itemListElement\":[{\"@type\":\"ListItem\",\"position\":1,\"name\":\"Startseite\",\"item\":\"https:\/\/eu-besamungsstation.soederhof.de\/\"},{\"@type\":\"ListItem\",\"position\":2,\"name\":\"Remember\"}]},{\"@type\":\"WebSite\",\"@id\":\"https:\/\/eu-besamungsstation.soederhof.de\/#website\",\"url\":\"https:\/\/eu-besamungsstation.soederhof.de\/\",\"name\":\"S\u00f6derhof\",\"description\":\"Die Adresse f\u00fcr Edelblut\",\"publisher\":{\"@id\":\"https:\/\/eu-besamungsstation.soederhof.de\/#organization\"},\"potentialAction\":[{\"@type\":\"SearchAction\",\"target\":{\"@type\":\"EntryPoint\",\"urlTemplate\":\"https:\/\/eu-besamungsstation.soederhof.de\/?s={search_term_string}\"},\"query-input\":{\"@type\":\"PropertyValueSpecification\",\"valueRequired\":true,\"valueName\":\"search_term_string\"}}],\"inLanguage\":\"en-US\"},{\"@type\":\"Organization\",\"@id\":\"https:\/\/eu-besamungsstation.soederhof.de\/#organization\",\"name\":\"S\u00f6derhof\",\"url\":\"https:\/\/eu-besamungsstation.soederhof.de\/\",\"logo\":{\"@type\":\"ImageObject\",\"inLanguage\":\"en-US\",\"@id\":\"https:\/\/eu-besamungsstation.soederhof.de\/#\/schema\/logo\/image\/\",\"url\":\"https:\/\/www.soederhof.de\/wp-content\/uploads\/2020\/01\/logo.png\",\"contentUrl\":\"https:\/\/www.soederhof.de\/wp-content\/uploads\/2020\/01\/logo.png\",\"width\":369,\"height\":166,\"caption\":\"S\u00f6derhof\"},\"image\":{\"@id\":\"https:\/\/eu-besamungsstation.soederhof.de\/#\/schema\/logo\/image\/\"}}]}<\/script>\n<!-- \/ Yoast SEO plugin. -->","yoast_head_json":{"title":"Remember - S\u00f6derhof","robots":{"index":"index","follow":"follow","max-snippet":"max-snippet:-1","max-image-preview":"max-image-preview:large","max-video-preview":"max-video-preview:-1"},"canonical":"https:\/\/eu-besamungsstation.soederhof.de\/remember\/","og_locale":"en_US","og_type":"article","og_title":"Remember - S\u00f6derhof","og_url":"https:\/\/eu-besamungsstation.soederhof.de\/remember\/","og_site_name":"S\u00f6derhof","article_modified_time":"2025-02-11T11:50:08+00:00","og_image":[{"width":1024,"height":683,"url":"https:\/\/eu-besamungsstation.soederhof.de\/wp-content\/uploads\/2025\/02\/01266436-f272-4ee8-b85e-425229b49435-1024x683.jpg","type":"image\/jpeg"}],"twitter_card":"summary_large_image","twitter_misc":{"Est. reading time":"3 minutes"},"schema":{"@context":"https:\/\/schema.org","@graph":[{"@type":"WebPage","@id":"https:\/\/eu-besamungsstation.soederhof.de\/remember\/","url":"https:\/\/eu-besamungsstation.soederhof.de\/remember\/","name":"Remember - S\u00f6derhof","isPartOf":{"@id":"https:\/\/eu-besamungsstation.soederhof.de\/#website"},"primaryImageOfPage":{"@id":"https:\/\/eu-besamungsstation.soederhof.de\/remember\/#primaryimage"},"image":{"@id":"https:\/\/eu-besamungsstation.soederhof.de\/remember\/#primaryimage"},"thumbnailUrl":"https:\/\/eu-besamungsstation.soederhof.de\/wp-content\/uploads\/2025\/02\/01266436-f272-4ee8-b85e-425229b49435.jpg","datePublished":"2025-02-10T09:00:36+00:00","dateModified":"2025-02-11T11:50:08+00:00","description":"\"Die Adresse f\u00fcr Edelblut\" - EU-Besamungsstation - Zucht- und Ausbildungsstall","breadcrumb":{"@id":"https:\/\/eu-besamungsstation.soederhof.de\/remember\/#breadcrumb"},"inLanguage":"en-US","potentialAction":[{"@type":"ReadAction","target":["https:\/\/eu-besamungsstation.soederhof.de\/remember\/"]}]},{"@type":"ImageObject","inLanguage":"en-US","@id":"https:\/\/eu-besamungsstation.soederhof.de\/remember\/#primaryimage","url":"https:\/\/eu-besamungsstation.soederhof.de\/wp-content\/uploads\/2025\/02\/01266436-f272-4ee8-b85e-425229b49435.jpg","contentUrl":"https:\/\/eu-besamungsstation.soederhof.de\/wp-content\/uploads\/2025\/02\/01266436-f272-4ee8-b85e-425229b49435.jpg"},{"@type":"BreadcrumbList","@id":"https:\/\/eu-besamungsstation.soederhof.de\/remember\/#breadcrumb","itemListElement":[{"@type":"ListItem","position":1,"name":"Startseite","item":"https:\/\/eu-besamungsstation.soederhof.de\/"},{"@type":"ListItem","position":2,"name":"Remember"}]},{"@type":"WebSite","@id":"https:\/\/eu-besamungsstation.soederhof.de\/#website","url":"https:\/\/eu-besamungsstation.soederhof.de\/","name":"S\u00f6derhof","description":"Die Adresse f\u00fcr Edelblut","publisher":{"@id":"https:\/\/eu-besamungsstation.soederhof.de\/#organization"},"potentialAction":[{"@type":"SearchAction","target":{"@type":"EntryPoint","urlTemplate":"https:\/\/eu-besamungsstation.soederhof.de\/?s={search_term_string}"},"query-input":{"@type":"PropertyValueSpecification","valueRequired":true,"valueName":"search_term_string"}}],"inLanguage":"en-US"},{"@type":"Organization","@id":"https:\/\/eu-besamungsstation.soederhof.de\/#organization","name":"S\u00f6derhof","url":"https:\/\/eu-besamungsstation.soederhof.de\/","logo":{"@type":"ImageObject","inLanguage":"en-US","@id":"https:\/\/eu-besamungsstation.soederhof.de\/#\/schema\/logo\/image\/","url":"https:\/\/www.soederhof.de\/wp-content\/uploads\/2020\/01\/logo.png","contentUrl":"https:\/\/www.soederhof.de\/wp-content\/uploads\/2020\/01\/logo.png","width":369,"height":166,"caption":"S\u00f6derhof"},"image":{"@id":"https:\/\/eu-besamungsstation.soederhof.de\/#\/schema\/logo\/image\/"}}]}},"_links":{"self":[{"href":"https:\/\/eu-besamungsstation.soederhof.de\/en\/wp-json\/wp\/v2\/pages\/3312","targetHints":{"allow":["GET"]}}],"collection":[{"href":"https:\/\/eu-besamungsstation.soederhof.de\/en\/wp-json\/wp\/v2\/pages"}],"about":[{"href":"https:\/\/eu-besamungsstation.soederhof.de\/en\/wp-json\/wp\/v2\/types\/page"}],"author":[{"embeddable":true,"href":"https:\/\/eu-besamungsstation.soederhof.de\/en\/wp-json\/wp\/v2\/users\/1"}],"replies":[{"embeddable":true,"href":"https:\/\/eu-besamungsstation.soederhof.de\/en\/wp-json\/wp\/v2\/comments?post=3312"}],"version-history":[{"count":4,"href":"https:\/\/eu-besamungsstation.soederhof.de\/en\/wp-json\/wp\/v2\/pages\/3312\/revisions"}],"predecessor-version":[{"id":3320,"href":"https:\/\/eu-besamungsstation.soederhof.de\/en\/wp-json\/wp\/v2\/pages\/3312\/revisions\/3320"}],"wp:attachment":[{"href":"https:\/\/eu-besamungsstation.soederhof.de\/en\/wp-json\/wp\/v2\/media?parent=3312"}],"curies":[{"name":"wp","href":"https:\/\/api.w.org\/{rel}","templated":true}]}}