{"id":505,"date":"2017-12-04T12:13:25","date_gmt":"2017-12-04T11:13:25","guid":{"rendered":"http:\/\/www.website-hk.de\/?page_id=505"},"modified":"2019-02-15T15:45:25","modified_gmt":"2019-02-15T14:45:25","slug":"erfolgreiche-nachkommen-von-fandsy-x","status":"publish","type":"page","link":"https:\/\/eu-besamungsstation.soederhof.de\/en\/erfolgreiche-nachkommen-von-fandsy-x\/","title":{"rendered":"Erfolgreiche Nachkommen von Fandsy x"},"content":{"rendered":"<p><strong>20. Januar 2019<\/strong><\/p>\n<p><a href=\"https:\/\/eu-besamungsstation.soederhof.de\/wp-content\/uploads\/2019\/02\/Daytona-Beach-lors-de-sa-premiere-victoire-a-Limoges-avec-son-eleveuse-Charlotte-Giraud.jpg\"><img loading=\"lazy\" decoding=\"async\" class=\"alignnone size-medium wp-image-1492\" src=\"https:\/\/eu-besamungsstation.soederhof.de\/wp-content\/uploads\/2019\/02\/Daytona-Beach-lors-de-sa-premiere-victoire-a-Limoges-avec-son-eleveuse-Charlotte-Giraud-300x300.jpg\" alt=\"\" width=\"300\" height=\"300\" srcset=\"https:\/\/eu-besamungsstation.soederhof.de\/wp-content\/uploads\/2019\/02\/Daytona-Beach-lors-de-sa-premiere-victoire-a-Limoges-avec-son-eleveuse-Charlotte-Giraud-300x300.jpg 300w, https:\/\/eu-besamungsstation.soederhof.de\/wp-content\/uploads\/2019\/02\/Daytona-Beach-lors-de-sa-premiere-victoire-a-Limoges-avec-son-eleveuse-Charlotte-Giraud-150x150.jpg 150w, https:\/\/eu-besamungsstation.soederhof.de\/wp-content\/uploads\/2019\/02\/Daytona-Beach-lors-de-sa-premiere-victoire-a-Limoges-avec-son-eleveuse-Charlotte-Giraud.jpg 600w\" sizes=\"auto, (max-width: 300px) 100vw, 300px\" \/><\/a><\/p>\n<p>Die <a href=\"https:\/\/eu-besamungsstation.soederhof.de\/fandsy-x\/\">Fandsy<\/a>-Tochter Daytona Beach AA gewinnt wie schon im Vorjahr Grand Steeplechase in Pau!<\/p>\n<p><a href=\"http:\/\/www.france-sire.com\/videocourse.php?idCourse=106202\">http:\/\/www.france-sire.com\/videocourse.php?idCourse=106202<\/a><br \/><br \/>Hier finden Sie einen Artikel \u00fcber Fandsy und seine Tochter Daytona Beach AA.<br \/><br \/><a href=\"https:\/\/eu-besamungsstation.soederhof.de\/wp-content\/uploads\/2019\/02\/Daytona-Beach-Artikel.pdf\">Daytona Beach &#8211; Artikel von anglocourse<\/a><\/p>\n<p>\u00a0<\/p>\n<hr \/>\n<figure id=\"attachment_507\" aria-describedby=\"caption-attachment-507\" style=\"width: 225px\" class=\"wp-caption alignnone\"><a href=\"https:\/\/eu-besamungsstation.soederhof.de\/wp-content\/uploads\/2017\/12\/neiki_vv.jpg\" target=\"_blank\" rel=\"noopener\"><img loading=\"lazy\" decoding=\"async\" class=\"wp-image-507 size-medium\" src=\"https:\/\/eu-besamungsstation.soederhof.de\/wp-content\/uploads\/2017\/12\/neiki_vv-225x300.jpg\" alt=\"\" width=\"225\" height=\"300\" srcset=\"https:\/\/eu-besamungsstation.soederhof.de\/wp-content\/uploads\/2017\/12\/neiki_vv-225x300.jpg 225w, https:\/\/eu-besamungsstation.soederhof.de\/wp-content\/uploads\/2017\/12\/neiki_vv.jpg 400w\" sizes=\"auto, (max-width: 225px) 100vw, 225px\" \/><\/a><figcaption id=\"caption-attachment-507\" class=\"wp-caption-text\">Neiki AA* von Fandsy AA* a.d. Nouvelle x v. Troupier x<\/figcaption><\/figure>\n<div class=\"mceTemp\">\u00a0<\/div>\n<p><span style=\"font-family: arial, helvetica, sans-serif;\"><strong>Ein weiterer Fandsy &#8211; Sohn in Deutschland gek\u00f6rt!<\/strong><\/span><\/p>\n<p><span style=\"font-family: arial, helvetica, sans-serif;\"> Auf der K\u00f6rung des VZAP in Alsfeld wurde am 1. November 2015 der braune Angloaraberhengst <strong>Neiki <\/strong>von Fandsy AA* a.d. Nouvelle x v. Troupier x, Z\u00fcchterin und Besitzerin Sabine von Ahlefeld, gek\u00f6rt.<\/span><br \/><span style=\"font-family: arial, helvetica, sans-serif;\"> Ein Vielseitigkeitshengst erster Qualit\u00e4t vom CIC***-erfolgreichen Fandsy AA* aus einer Stute vom CCI****-erfolgreichen Troupier. Was will man mehr?<\/span><br \/><span style=\"font-family: arial, helvetica, sans-serif;\"> Neiki kam als Absetzer zur Aufzucht auf den S\u00f6derhof und verbrachte hier seine Jugendjahre. Er war sehr frohw\u00fcchsig, gesund und von \u00e4u\u00dferst liebensw\u00fcrdigem Wesen.<\/span><br \/><span style=\"font-family: arial, helvetica, sans-serif;\"> Herzlichen Gl\u00fcckwunsch an Sabine von Ahlefeld!<\/span><\/p>\n<p>\u00a0<\/p>\n<p><a href=\"https:\/\/eu-besamungsstation.soederhof.de\/wp-content\/uploads\/2017\/12\/neiki_stand.jpg\" target=\"_blank\" rel=\"noopener\"><img loading=\"lazy\" decoding=\"async\" class=\"alignnone wp-image-506 size-medium\" src=\"https:\/\/eu-besamungsstation.soederhof.de\/wp-content\/uploads\/2017\/12\/neiki_stand-300x225.jpg\" alt=\"\" width=\"300\" height=\"225\" srcset=\"https:\/\/eu-besamungsstation.soederhof.de\/wp-content\/uploads\/2017\/12\/neiki_stand-300x225.jpg 300w, https:\/\/eu-besamungsstation.soederhof.de\/wp-content\/uploads\/2017\/12\/neiki_stand.jpg 400w\" sizes=\"auto, (max-width: 300px) 100vw, 300px\" \/><\/a><\/p>\n<p>\u00a0<\/p>\n<hr \/>\n<p style=\"text-align: center;\">\u00a0<\/p>\n<p style=\"text-align: center;\">\u00a0 <a href=\"https:\/\/eu-besamungsstation.soederhof.de\/wp-content\/uploads\/2017\/11\/ulectra_stand.jpg\" target=\"_blank\" rel=\"noopener\"><img loading=\"lazy\" decoding=\"async\" class=\"alignnone wp-image-92 size-medium\" src=\"https:\/\/eu-besamungsstation.soederhof.de\/wp-content\/uploads\/2017\/11\/ulectra_stand-300x200.jpg\" alt=\"\" width=\"300\" height=\"200\" srcset=\"https:\/\/eu-besamungsstation.soederhof.de\/wp-content\/uploads\/2017\/11\/ulectra_stand-300x200.jpg 300w, https:\/\/eu-besamungsstation.soederhof.de\/wp-content\/uploads\/2017\/11\/ulectra_stand.jpg 367w\" sizes=\"auto, (max-width: 300px) 100vw, 300px\" \/><\/a> \u00a0<a href=\"https:\/\/eu-besamungsstation.soederhof.de\/wp-content\/uploads\/2017\/11\/ulektra_trab.jpg\" target=\"_blank\" rel=\"noopener\"><img loading=\"lazy\" decoding=\"async\" class=\"alignnone wp-image-93 size-medium\" src=\"https:\/\/eu-besamungsstation.soederhof.de\/wp-content\/uploads\/2017\/11\/ulektra_trab-300x200.jpg\" alt=\"\" width=\"300\" height=\"200\" srcset=\"https:\/\/eu-besamungsstation.soederhof.de\/wp-content\/uploads\/2017\/11\/ulektra_trab-300x200.jpg 300w, https:\/\/eu-besamungsstation.soederhof.de\/wp-content\/uploads\/2017\/11\/ulektra_trab.jpg 367w\" sizes=\"auto, (max-width: 300px) 100vw, 300px\" \/><\/a><\/p>\n<p style=\"text-align: center;\"><span style=\"font-size: 10pt; font-family: arial, helvetica, sans-serif;\">Ulektra v. Fandsy x<\/span><\/p>\n<p><span style=\"font-family: arial, helvetica, sans-serif;\">Siegerstute der 4-j\u00e4hrigen und besten Halbblutstute der zentralen Trakehner Stuteneintragung in Rheinland-Pfalz\/Saar 2014 wurde <strong>Ulektra <\/strong>von <a href=\"https:\/\/eu-besamungsstation.soederhof.de\/fandsy.html\" target=\"_blank\" rel=\"noopener\"><strong>Fandsy x<\/strong><\/a> a.d. Ucara v. Guy Laroche aus der Zucht von Willi Schneider, Laubach.<\/span><\/p>\n<p>\u00a0<\/p>\n<hr \/>\n<p>\u00a0<\/p>\n<figure id=\"attachment_84\" aria-describedby=\"caption-attachment-84\" style=\"width: 300px\" class=\"wp-caption alignnone\"><a href=\"https:\/\/eu-besamungsstation.soederhof.de\/wp-content\/uploads\/2017\/11\/namour.jpg\" target=\"_blank\" rel=\"noopener\"><img loading=\"lazy\" decoding=\"async\" class=\"wp-image-84 size-medium\" src=\"https:\/\/eu-besamungsstation.soederhof.de\/wp-content\/uploads\/2017\/11\/namour-300x200.jpg\" alt=\"\" width=\"300\" height=\"200\" srcset=\"https:\/\/eu-besamungsstation.soederhof.de\/wp-content\/uploads\/2017\/11\/namour-300x200.jpg 300w, https:\/\/eu-besamungsstation.soederhof.de\/wp-content\/uploads\/2017\/11\/namour-390x260.jpg 390w, https:\/\/eu-besamungsstation.soederhof.de\/wp-content\/uploads\/2017\/11\/namour-520x347.jpg 520w, https:\/\/eu-besamungsstation.soederhof.de\/wp-content\/uploads\/2017\/11\/namour.jpg 600w\" sizes=\"auto, (max-width: 300px) 100vw, 300px\" \/><\/a><figcaption id=\"caption-attachment-84\" class=\"wp-caption-text\">Namour<\/figcaption><\/figure>\n<p>\u00a0<\/p>\n<p><span style=\"font-family: arial, helvetica, sans-serif;\"><strong>Am 2. Juli 2011 wurde der erste <a href=\"https:\/\/eu-besamungsstation.soederhof.de\/hengste\/fandsy.htm\">Fandsy<\/a>-Sohn in Deutschland gek\u00f6rt!<\/strong><\/span><\/p>\n<p><span style=\"font-family: arial, helvetica, sans-serif;\">&#8220;Der gerade erst 3-j\u00e4hrige Fuchshengst Namour aus dem ersten deutschen Fohlenjahrgang des international im Vielseitigkeitssport bis CCI*** erfolgreichen franz\u00f6sischen Hengstes Fandsy x, und der Stute Dorinah aus der Zucht des LWL-Freilichtmuseums Detmold, hat am 29. Juni 2011 mit sehr guten bis ausgezeichneten Einzelbeurteilungen, sowie durch eine hervorragende, auf den Punkt passende Vorbereitung die Eintragung in das Hengstbuch I des ZfSP e. V. mit der K\u00f6rnote 9\u00a0 erhalten. Namour entstammt der \u00e4ltesten Stutenfamilie Deutschlands, die sich bis auf die Stammstute David, geb. 1725, \u00fcber inzwischen 28 Generationen zur\u00fcckverfolgen l\u00e4sst. <\/span><\/p>\n<p><span style=\"font-family: arial, helvetica, sans-serif;\"> Der 165 cm Stockma\u00df gro\u00dfe Namour beeindruckte durch seine Ausstrahlung und sein selbstbewusstes aber gelassenes Auftreten. Ausdrucksvoll, korrekt, mit besten Reitpferdepoints und Grundgangarten ausgestattet, wusste er auch im Freispringen durch geschicktes und verm\u00f6gendes Springen mit guter Bascule zu gefallen.&#8221;<\/span><\/p>\n<p><span style=\"font-family: arial, helvetica, sans-serif;\"><em>Quelle: <a href=\"http:\/\/www.equivox.de\/Infos\/presseinfos\/15197\" target=\"_blank\" rel=\"noopener\"> http:\/\/www.equivox.de\/Infos\/presseinfos\/15197<\/a><\/em><\/span><\/p>\n<p>\u00a0<\/p>\n<hr \/>\n<p style=\"text-align: center;\">\u00a0<\/p>\n<p style=\"text-align: center;\"><a href=\"https:\/\/eu-besamungsstation.soederhof.de\/wp-content\/uploads\/2017\/11\/obole_framoni2.jpg\"><img loading=\"lazy\" decoding=\"async\" class=\"alignnone wp-image-85 size-medium\" src=\"https:\/\/eu-besamungsstation.soederhof.de\/wp-content\/uploads\/2017\/11\/obole_framoni2-300x200.jpg\" alt=\"\" width=\"300\" height=\"200\" srcset=\"https:\/\/eu-besamungsstation.soederhof.de\/wp-content\/uploads\/2017\/11\/obole_framoni2-300x200.jpg 300w, https:\/\/eu-besamungsstation.soederhof.de\/wp-content\/uploads\/2017\/11\/obole_framoni2.jpg 367w\" sizes=\"auto, (max-width: 300px) 100vw, 300px\" \/><\/a>\u00a0 <a href=\"https:\/\/eu-besamungsstation.soederhof.de\/wp-content\/uploads\/2017\/11\/oboleframoni.jpg\"><img loading=\"lazy\" decoding=\"async\" class=\"alignnone wp-image-86 size-medium\" src=\"https:\/\/eu-besamungsstation.soederhof.de\/wp-content\/uploads\/2017\/11\/oboleframoni-300x199.jpg\" alt=\"\" width=\"300\" height=\"199\" srcset=\"https:\/\/eu-besamungsstation.soederhof.de\/wp-content\/uploads\/2017\/11\/oboleframoni-300x199.jpg 300w, https:\/\/eu-besamungsstation.soederhof.de\/wp-content\/uploads\/2017\/11\/oboleframoni.jpg 367w\" sizes=\"auto, (max-width: 300px) 100vw, 300px\" \/><\/a><\/p>\n<p style=\"text-align: center;\"><span style=\"font-size: 10pt; font-family: arial, helvetica, sans-serif;\">Obole Framoni<\/span><\/p>\n<p>\u00a0<\/p>\n<p style=\"text-align: center;\"><a href=\"https:\/\/eu-besamungsstation.soederhof.de\/wp-content\/uploads\/2017\/11\/oneoneframoni_st.jpg\"><img loading=\"lazy\" decoding=\"async\" class=\"alignnone wp-image-88 size-medium\" src=\"https:\/\/eu-besamungsstation.soederhof.de\/wp-content\/uploads\/2017\/11\/oneoneframoni_st-300x200.jpg\" alt=\"\" width=\"300\" height=\"200\" srcset=\"https:\/\/eu-besamungsstation.soederhof.de\/wp-content\/uploads\/2017\/11\/oneoneframoni_st-300x200.jpg 300w, https:\/\/eu-besamungsstation.soederhof.de\/wp-content\/uploads\/2017\/11\/oneoneframoni_st.jpg 367w\" sizes=\"auto, (max-width: 300px) 100vw, 300px\" \/><\/a>\u00a0 <a href=\"https:\/\/eu-besamungsstation.soederhof.de\/wp-content\/uploads\/2017\/11\/oneoneframoni.jpg\"><img loading=\"lazy\" decoding=\"async\" class=\"alignnone wp-image-87 size-medium\" src=\"https:\/\/eu-besamungsstation.soederhof.de\/wp-content\/uploads\/2017\/11\/oneoneframoni-300x199.jpg\" alt=\"\" width=\"300\" height=\"199\" srcset=\"https:\/\/eu-besamungsstation.soederhof.de\/wp-content\/uploads\/2017\/11\/oneoneframoni-300x199.jpg 300w, https:\/\/eu-besamungsstation.soederhof.de\/wp-content\/uploads\/2017\/11\/oneoneframoni.jpg 367w\" sizes=\"auto, (max-width: 300px) 100vw, 300px\" \/><\/a><\/p>\n<p style=\"text-align: center;\"><span style=\"font-size: 10pt; font-family: arial, helvetica, sans-serif;\">Der erste gek\u00f6rte Hengst: One One Framoni<\/span><\/p>\n<p style=\"text-align: center;\">\u00a0<\/p>\n<p style=\"text-align: center;\"><a href=\"https:\/\/eu-besamungsstation.soederhof.de\/wp-content\/uploads\/2017\/11\/passy.jpg\"><img loading=\"lazy\" decoding=\"async\" class=\"alignnone wp-image-89 size-medium\" src=\"https:\/\/eu-besamungsstation.soederhof.de\/wp-content\/uploads\/2017\/11\/passy-300x200.jpg\" alt=\"\" width=\"300\" height=\"200\" srcset=\"https:\/\/eu-besamungsstation.soederhof.de\/wp-content\/uploads\/2017\/11\/passy-300x200.jpg 300w, https:\/\/eu-besamungsstation.soederhof.de\/wp-content\/uploads\/2017\/11\/passy.jpg 367w\" sizes=\"auto, (max-width: 300px) 100vw, 300px\" \/><\/a>\u00a0 <a href=\"https:\/\/eu-besamungsstation.soederhof.de\/wp-content\/uploads\/2017\/11\/flo.jpg\"><img loading=\"lazy\" decoding=\"async\" class=\"alignnone wp-image-83 size-medium\" src=\"https:\/\/eu-besamungsstation.soederhof.de\/wp-content\/uploads\/2017\/11\/flo-300x200.jpg\" alt=\"\" width=\"300\" height=\"200\" srcset=\"https:\/\/eu-besamungsstation.soederhof.de\/wp-content\/uploads\/2017\/11\/flo-300x200.jpg 300w, https:\/\/eu-besamungsstation.soederhof.de\/wp-content\/uploads\/2017\/11\/flo.jpg 367w\" sizes=\"auto, (max-width: 300px) 100vw, 300px\" \/><\/a><\/p>\n<p style=\"text-align: center;\"><span style=\"font-size: 10pt; font-family: arial, helvetica, sans-serif;\">Passy und Flo<\/span><\/p>\n<p style=\"text-align: center;\">\u00a0<\/p>\n<p style=\"text-align: center;\"><a href=\"https:\/\/eu-besamungsstation.soederhof.de\/wp-content\/uploads\/2017\/11\/rhea_framoni.jpg\"><img loading=\"lazy\" decoding=\"async\" class=\"alignnone wp-image-90 size-medium\" src=\"https:\/\/eu-besamungsstation.soederhof.de\/wp-content\/uploads\/2017\/11\/rhea_framoni-300x199.jpg\" alt=\"\" width=\"300\" height=\"199\" srcset=\"https:\/\/eu-besamungsstation.soederhof.de\/wp-content\/uploads\/2017\/11\/rhea_framoni-300x199.jpg 300w, https:\/\/eu-besamungsstation.soederhof.de\/wp-content\/uploads\/2017\/11\/rhea_framoni.jpg 367w\" sizes=\"auto, (max-width: 300px) 100vw, 300px\" \/><\/a>\u00a0 <a href=\"https:\/\/eu-besamungsstation.soederhof.de\/wp-content\/uploads\/2017\/11\/rheaframoni_fs.jpg\"><img loading=\"lazy\" decoding=\"async\" class=\"alignnone wp-image-91 size-medium\" src=\"https:\/\/eu-besamungsstation.soederhof.de\/wp-content\/uploads\/2017\/11\/rheaframoni_fs-300x199.jpg\" alt=\"\" width=\"300\" height=\"199\" srcset=\"https:\/\/eu-besamungsstation.soederhof.de\/wp-content\/uploads\/2017\/11\/rheaframoni_fs-300x199.jpg 300w, https:\/\/eu-besamungsstation.soederhof.de\/wp-content\/uploads\/2017\/11\/rheaframoni_fs.jpg 367w\" sizes=\"auto, (max-width: 300px) 100vw, 300px\" \/><\/a><\/p>\n<p style=\"text-align: center;\"><span style=\"font-size: 10pt; font-family: arial, helvetica, sans-serif;\">Rhea Framoni, 2-j\u00e4hrig Springchampionesse in Frankreich<\/span><\/p>\n\n\n<p><\/p>\n","protected":false},"excerpt":{"rendered":"<p>20. Januar 2019 Die Fandsy-Tochter Daytona Beach AA gewinnt wie schon im Vorjahr Grand Steeplechase in Pau! http:\/\/www.france-sire.com\/videocourse.php?idCourse=106202 Hier finden Sie einen Artikel \u00fcber Fandsy und seine Tochter Daytona Beach AA. Daytona Beach &#8211; Artikel von anglocourse \u00a0 \u00a0 Ein&#8230; <a href=\"https:\/\/eu-besamungsstation.soederhof.de\/en\/erfolgreiche-nachkommen-von-fandsy-x\/\" class=\"readmore\">Read more<span class=\"screen-reader-text\">Erfolgreiche Nachkommen von Fandsy x<\/span><span class=\"fa fa-angle-double-right\" aria-hidden=\"true\"><\/span><\/a><\/p>\n","protected":false},"author":2,"featured_media":0,"parent":0,"menu_order":0,"comment_status":"closed","ping_status":"closed","template":"","meta":{"footnotes":""},"class_list":["post-505","page","type-page","status-publish","hentry"],"translation":{"provider":"WPGlobus","version":"3.0.0","language":"en","enabled_languages":["de","en"],"languages":{"de":{"title":true,"content":true,"excerpt":false},"en":{"title":false,"content":false,"excerpt":false}}},"yoast_head":"<!-- This site is optimized with the Yoast SEO plugin v26.6 - https:\/\/yoast.com\/wordpress\/plugins\/seo\/ -->\n<title>Erfolgreiche Nachkommen von Fandsy x - S\u00f6derhof<\/title>\n<meta name=\"robots\" content=\"index, follow, max-snippet:-1, max-image-preview:large, max-video-preview:-1\" \/>\n<link rel=\"canonical\" href=\"https:\/\/eu-besamungsstation.soederhof.de\/erfolgreiche-nachkommen-von-fandsy-x\/\" \/>\n<meta property=\"og:locale\" content=\"en_US\" \/>\n<meta property=\"og:type\" content=\"article\" \/>\n<meta property=\"og:title\" content=\"Erfolgreiche Nachkommen von Fandsy x - S\u00f6derhof\" \/>\n<meta property=\"og:url\" content=\"https:\/\/eu-besamungsstation.soederhof.de\/erfolgreiche-nachkommen-von-fandsy-x\/\" \/>\n<meta property=\"og:site_name\" content=\"S\u00f6derhof\" \/>\n<meta property=\"article:modified_time\" content=\"2019-02-15T14:45:25+00:00\" \/>\n<meta property=\"og:image\" content=\"https:\/\/eu-besamungsstation.soederhof.de\/wp-content\/uploads\/2019\/02\/Daytona-Beach-lors-de-sa-premiere-victoire-a-Limoges-avec-son-eleveuse-Charlotte-Giraud-300x300.jpg\" \/>\n<meta name=\"twitter:card\" content=\"summary_large_image\" \/>\n<meta name=\"twitter:label1\" content=\"Est. reading time\" \/>\n\t<meta name=\"twitter:data1\" content=\"2 minutes\" \/>\n<script type=\"application\/ld+json\" class=\"yoast-schema-graph\">{\"@context\":\"https:\/\/schema.org\",\"@graph\":[{\"@type\":\"WebPage\",\"@id\":\"https:\/\/eu-besamungsstation.soederhof.de\/erfolgreiche-nachkommen-von-fandsy-x\/\",\"url\":\"https:\/\/eu-besamungsstation.soederhof.de\/erfolgreiche-nachkommen-von-fandsy-x\/\",\"name\":\"Erfolgreiche Nachkommen von Fandsy x - S\u00f6derhof\",\"isPartOf\":{\"@id\":\"https:\/\/eu-besamungsstation.soederhof.de\/#website\"},\"primaryImageOfPage\":{\"@id\":\"https:\/\/eu-besamungsstation.soederhof.de\/erfolgreiche-nachkommen-von-fandsy-x\/#primaryimage\"},\"image\":{\"@id\":\"https:\/\/eu-besamungsstation.soederhof.de\/erfolgreiche-nachkommen-von-fandsy-x\/#primaryimage\"},\"thumbnailUrl\":\"https:\/\/eu-besamungsstation.soederhof.de\/wp-content\/uploads\/2019\/02\/Daytona-Beach-lors-de-sa-premiere-victoire-a-Limoges-avec-son-eleveuse-Charlotte-Giraud-300x300.jpg\",\"datePublished\":\"2017-12-04T11:13:25+00:00\",\"dateModified\":\"2019-02-15T14:45:25+00:00\",\"description\":\"\\\"Die Adresse f\u00fcr Edelblut\\\" - EU-Besamungsstation - Zucht- und Ausbildungsstall\",\"breadcrumb\":{\"@id\":\"https:\/\/eu-besamungsstation.soederhof.de\/erfolgreiche-nachkommen-von-fandsy-x\/#breadcrumb\"},\"inLanguage\":\"en-US\",\"potentialAction\":[{\"@type\":\"ReadAction\",\"target\":[\"https:\/\/eu-besamungsstation.soederhof.de\/erfolgreiche-nachkommen-von-fandsy-x\/\"]}]},{\"@type\":\"ImageObject\",\"inLanguage\":\"en-US\",\"@id\":\"https:\/\/eu-besamungsstation.soederhof.de\/erfolgreiche-nachkommen-von-fandsy-x\/#primaryimage\",\"url\":\"https:\/\/eu-besamungsstation.soederhof.de\/wp-content\/uploads\/2019\/02\/Daytona-Beach-lors-de-sa-premiere-victoire-a-Limoges-avec-son-eleveuse-Charlotte-Giraud-300x300.jpg\",\"contentUrl\":\"https:\/\/eu-besamungsstation.soederhof.de\/wp-content\/uploads\/2019\/02\/Daytona-Beach-lors-de-sa-premiere-victoire-a-Limoges-avec-son-eleveuse-Charlotte-Giraud-300x300.jpg\"},{\"@type\":\"BreadcrumbList\",\"@id\":\"https:\/\/eu-besamungsstation.soederhof.de\/erfolgreiche-nachkommen-von-fandsy-x\/#breadcrumb\",\"itemListElement\":[{\"@type\":\"ListItem\",\"position\":1,\"name\":\"Startseite\",\"item\":\"https:\/\/eu-besamungsstation.soederhof.de\/\"},{\"@type\":\"ListItem\",\"position\":2,\"name\":\"Erfolgreiche Nachkommen von Fandsy x\"}]},{\"@type\":\"WebSite\",\"@id\":\"https:\/\/eu-besamungsstation.soederhof.de\/#website\",\"url\":\"https:\/\/eu-besamungsstation.soederhof.de\/\",\"name\":\"S\u00f6derhof\",\"description\":\"Die Adresse f\u00fcr Edelblut\",\"publisher\":{\"@id\":\"https:\/\/eu-besamungsstation.soederhof.de\/#organization\"},\"potentialAction\":[{\"@type\":\"SearchAction\",\"target\":{\"@type\":\"EntryPoint\",\"urlTemplate\":\"https:\/\/eu-besamungsstation.soederhof.de\/?s={search_term_string}\"},\"query-input\":{\"@type\":\"PropertyValueSpecification\",\"valueRequired\":true,\"valueName\":\"search_term_string\"}}],\"inLanguage\":\"en-US\"},{\"@type\":\"Organization\",\"@id\":\"https:\/\/eu-besamungsstation.soederhof.de\/#organization\",\"name\":\"S\u00f6derhof\",\"url\":\"https:\/\/eu-besamungsstation.soederhof.de\/\",\"logo\":{\"@type\":\"ImageObject\",\"inLanguage\":\"en-US\",\"@id\":\"https:\/\/eu-besamungsstation.soederhof.de\/#\/schema\/logo\/image\/\",\"url\":\"https:\/\/www.soederhof.de\/wp-content\/uploads\/2020\/01\/logo.png\",\"contentUrl\":\"https:\/\/www.soederhof.de\/wp-content\/uploads\/2020\/01\/logo.png\",\"width\":369,\"height\":166,\"caption\":\"S\u00f6derhof\"},\"image\":{\"@id\":\"https:\/\/eu-besamungsstation.soederhof.de\/#\/schema\/logo\/image\/\"}}]}<\/script>\n<!-- \/ Yoast SEO plugin. -->","yoast_head_json":{"title":"Erfolgreiche Nachkommen von Fandsy x - S\u00f6derhof","robots":{"index":"index","follow":"follow","max-snippet":"max-snippet:-1","max-image-preview":"max-image-preview:large","max-video-preview":"max-video-preview:-1"},"canonical":"https:\/\/eu-besamungsstation.soederhof.de\/erfolgreiche-nachkommen-von-fandsy-x\/","og_locale":"en_US","og_type":"article","og_title":"Erfolgreiche Nachkommen von Fandsy x - S\u00f6derhof","og_url":"https:\/\/eu-besamungsstation.soederhof.de\/erfolgreiche-nachkommen-von-fandsy-x\/","og_site_name":"S\u00f6derhof","article_modified_time":"2019-02-15T14:45:25+00:00","og_image":[{"url":"https:\/\/eu-besamungsstation.soederhof.de\/wp-content\/uploads\/2019\/02\/Daytona-Beach-lors-de-sa-premiere-victoire-a-Limoges-avec-son-eleveuse-Charlotte-Giraud-300x300.jpg","type":"","width":"","height":""}],"twitter_card":"summary_large_image","twitter_misc":{"Est. reading time":"2 minutes"},"schema":{"@context":"https:\/\/schema.org","@graph":[{"@type":"WebPage","@id":"https:\/\/eu-besamungsstation.soederhof.de\/erfolgreiche-nachkommen-von-fandsy-x\/","url":"https:\/\/eu-besamungsstation.soederhof.de\/erfolgreiche-nachkommen-von-fandsy-x\/","name":"Erfolgreiche Nachkommen von Fandsy x - S\u00f6derhof","isPartOf":{"@id":"https:\/\/eu-besamungsstation.soederhof.de\/#website"},"primaryImageOfPage":{"@id":"https:\/\/eu-besamungsstation.soederhof.de\/erfolgreiche-nachkommen-von-fandsy-x\/#primaryimage"},"image":{"@id":"https:\/\/eu-besamungsstation.soederhof.de\/erfolgreiche-nachkommen-von-fandsy-x\/#primaryimage"},"thumbnailUrl":"https:\/\/eu-besamungsstation.soederhof.de\/wp-content\/uploads\/2019\/02\/Daytona-Beach-lors-de-sa-premiere-victoire-a-Limoges-avec-son-eleveuse-Charlotte-Giraud-300x300.jpg","datePublished":"2017-12-04T11:13:25+00:00","dateModified":"2019-02-15T14:45:25+00:00","description":"\"Die Adresse f\u00fcr Edelblut\" - EU-Besamungsstation - Zucht- und Ausbildungsstall","breadcrumb":{"@id":"https:\/\/eu-besamungsstation.soederhof.de\/erfolgreiche-nachkommen-von-fandsy-x\/#breadcrumb"},"inLanguage":"en-US","potentialAction":[{"@type":"ReadAction","target":["https:\/\/eu-besamungsstation.soederhof.de\/erfolgreiche-nachkommen-von-fandsy-x\/"]}]},{"@type":"ImageObject","inLanguage":"en-US","@id":"https:\/\/eu-besamungsstation.soederhof.de\/erfolgreiche-nachkommen-von-fandsy-x\/#primaryimage","url":"https:\/\/eu-besamungsstation.soederhof.de\/wp-content\/uploads\/2019\/02\/Daytona-Beach-lors-de-sa-premiere-victoire-a-Limoges-avec-son-eleveuse-Charlotte-Giraud-300x300.jpg","contentUrl":"https:\/\/eu-besamungsstation.soederhof.de\/wp-content\/uploads\/2019\/02\/Daytona-Beach-lors-de-sa-premiere-victoire-a-Limoges-avec-son-eleveuse-Charlotte-Giraud-300x300.jpg"},{"@type":"BreadcrumbList","@id":"https:\/\/eu-besamungsstation.soederhof.de\/erfolgreiche-nachkommen-von-fandsy-x\/#breadcrumb","itemListElement":[{"@type":"ListItem","position":1,"name":"Startseite","item":"https:\/\/eu-besamungsstation.soederhof.de\/"},{"@type":"ListItem","position":2,"name":"Erfolgreiche Nachkommen von Fandsy x"}]},{"@type":"WebSite","@id":"https:\/\/eu-besamungsstation.soederhof.de\/#website","url":"https:\/\/eu-besamungsstation.soederhof.de\/","name":"S\u00f6derhof","description":"Die Adresse f\u00fcr Edelblut","publisher":{"@id":"https:\/\/eu-besamungsstation.soederhof.de\/#organization"},"potentialAction":[{"@type":"SearchAction","target":{"@type":"EntryPoint","urlTemplate":"https:\/\/eu-besamungsstation.soederhof.de\/?s={search_term_string}"},"query-input":{"@type":"PropertyValueSpecification","valueRequired":true,"valueName":"search_term_string"}}],"inLanguage":"en-US"},{"@type":"Organization","@id":"https:\/\/eu-besamungsstation.soederhof.de\/#organization","name":"S\u00f6derhof","url":"https:\/\/eu-besamungsstation.soederhof.de\/","logo":{"@type":"ImageObject","inLanguage":"en-US","@id":"https:\/\/eu-besamungsstation.soederhof.de\/#\/schema\/logo\/image\/","url":"https:\/\/www.soederhof.de\/wp-content\/uploads\/2020\/01\/logo.png","contentUrl":"https:\/\/www.soederhof.de\/wp-content\/uploads\/2020\/01\/logo.png","width":369,"height":166,"caption":"S\u00f6derhof"},"image":{"@id":"https:\/\/eu-besamungsstation.soederhof.de\/#\/schema\/logo\/image\/"}}]}},"_links":{"self":[{"href":"https:\/\/eu-besamungsstation.soederhof.de\/en\/wp-json\/wp\/v2\/pages\/505","targetHints":{"allow":["GET"]}}],"collection":[{"href":"https:\/\/eu-besamungsstation.soederhof.de\/en\/wp-json\/wp\/v2\/pages"}],"about":[{"href":"https:\/\/eu-besamungsstation.soederhof.de\/en\/wp-json\/wp\/v2\/types\/page"}],"author":[{"embeddable":true,"href":"https:\/\/eu-besamungsstation.soederhof.de\/en\/wp-json\/wp\/v2\/users\/2"}],"replies":[{"embeddable":true,"href":"https:\/\/eu-besamungsstation.soederhof.de\/en\/wp-json\/wp\/v2\/comments?post=505"}],"version-history":[{"count":8,"href":"https:\/\/eu-besamungsstation.soederhof.de\/en\/wp-json\/wp\/v2\/pages\/505\/revisions"}],"predecessor-version":[{"id":1506,"href":"https:\/\/eu-besamungsstation.soederhof.de\/en\/wp-json\/wp\/v2\/pages\/505\/revisions\/1506"}],"wp:attachment":[{"href":"https:\/\/eu-besamungsstation.soederhof.de\/en\/wp-json\/wp\/v2\/media?parent=505"}],"curies":[{"name":"wp","href":"https:\/\/api.w.org\/{rel}","templated":true}]}}