{"id":752,"date":"2018-01-02T19:56:28","date_gmt":"2018-01-02T18:56:28","guid":{"rendered":"http:\/\/www.soederhof.de\/?page_id=752"},"modified":"2021-08-28T17:23:26","modified_gmt":"2021-08-28T15:23:26","slug":"wuerfe","status":"publish","type":"page","link":"https:\/\/eu-besamungsstation.soederhof.de\/en\/wuerfe\/","title":{"rendered":"W\u00fcrfe"},"content":{"rendered":"<div class=\"\" dir=\"auto\">\n<div id=\"jsc_c_1fc\" class=\"ecm0bbzt hv4rvrfc ihqw7lf3 dati1w0a\" data-ad-comet-preview=\"message\" data-ad-preview=\"message\">\n<div class=\"j83agx80 cbu4d94t ew0dbk1b irj2b8pg\">\n<div class=\"qzhwtbm6 knvmm38d\">\n<div class=\"kvgmc6g5 cxmmr5t8 oygrvhab hcukyx3x c1et5uql ii04i59q\">\n<div dir=\"auto\"><span style=\"font-size: 14pt;\"><strong>Wir haben Welpen!!<\/strong><\/span><\/div>\n<div dir=\"auto\">Unser C-Wurf ist da<span class=\"pq6dq46d tbxw36s4 knj5qynh kvgmc6g5 ditlmg2l oygrvhab nvdbi5me sf5mxxl7 gl3lb2sf hhz5lgdu\"><img loading=\"lazy\" decoding=\"async\" src=\"https:\/\/static.xx.fbcdn.net\/images\/emoji.php\/v9\/tea\/1\/16\/1f970.png\" alt=\"\ud83e\udd70\" width=\"16\" height=\"16\" \/><\/span><\/div>\n<div dir=\"auto\">6 wunderh\u00fcbsche R\u00fcden und 2 bezaubernde H\u00fcndinnen!<\/div>\n<div dir=\"auto\"><a href=\"https:\/\/eu-besamungsstation.soederhof.de\/c-wurf\/\">C-Wurf<\/a>\u00a0<\/div>\n<div dir=\"auto\">\u00a0<\/div>\n<\/div>\n<div dir=\"auto\"><a href=\"https:\/\/eu-besamungsstation.soederhof.de\/wp-content\/uploads\/2021\/06\/Frida-C-Wurf.jpg\" target=\"_blank\" rel=\"noopener\"><img loading=\"lazy\" decoding=\"async\" class=\"alignnone wp-image-2654 size-medium\" src=\"https:\/\/eu-besamungsstation.soederhof.de\/wp-content\/uploads\/2021\/06\/Frida-C-Wurf-300x225.jpg\" alt=\"\" width=\"300\" height=\"225\" srcset=\"https:\/\/eu-besamungsstation.soederhof.de\/wp-content\/uploads\/2021\/06\/Frida-C-Wurf-300x225.jpg 300w, https:\/\/eu-besamungsstation.soederhof.de\/wp-content\/uploads\/2021\/06\/Frida-C-Wurf-768x576.jpg 768w, https:\/\/eu-besamungsstation.soederhof.de\/wp-content\/uploads\/2021\/06\/Frida-C-Wurf.jpg 960w\" sizes=\"auto, (max-width: 300px) 100vw, 300px\" \/><\/a><\/div>\n<\/div>\n<\/div>\n<\/div>\n<\/div>\n<p>&nbsp;<\/p>\n<p><span style=\"font-size: 14pt;\"><strong>20. August 2021<\/strong><\/span><\/p>\n<p>2 unserer bezaubernden R\u00fcden suchen noch ein neues und vor allem liebevolles Zuhause<\/p>\n<p><a href=\"https:\/\/eu-besamungsstation.soederhof.de\/wp-content\/uploads\/2021\/08\/My-Darling-Camacho.jpg\" target=\"_blank\" rel=\"noopener\"><img loading=\"lazy\" decoding=\"async\" class=\"alignnone wp-image-2711 size-medium\" src=\"https:\/\/eu-besamungsstation.soederhof.de\/wp-content\/uploads\/2021\/08\/My-Darling-Camacho-300x300.jpg\" alt=\"\" width=\"300\" height=\"300\" srcset=\"https:\/\/eu-besamungsstation.soederhof.de\/wp-content\/uploads\/2021\/08\/My-Darling-Camacho-300x300.jpg 300w, https:\/\/eu-besamungsstation.soederhof.de\/wp-content\/uploads\/2021\/08\/My-Darling-Camacho-1024x1024.jpg 1024w, https:\/\/eu-besamungsstation.soederhof.de\/wp-content\/uploads\/2021\/08\/My-Darling-Camacho-150x150.jpg 150w, https:\/\/eu-besamungsstation.soederhof.de\/wp-content\/uploads\/2021\/08\/My-Darling-Camacho-768x768.jpg 768w, https:\/\/eu-besamungsstation.soederhof.de\/wp-content\/uploads\/2021\/08\/My-Darling-Camacho-1536x1536.jpg 1536w, https:\/\/eu-besamungsstation.soederhof.de\/wp-content\/uploads\/2021\/08\/My-Darling-Camacho.jpg 1920w\" sizes=\"auto, (max-width: 300px) 100vw, 300px\" \/><\/a><\/p>\n<p>My Darling Camacho<\/p>\n<p>&nbsp;<\/p>\n<p><a href=\"https:\/\/eu-besamungsstation.soederhof.de\/wp-content\/uploads\/2021\/08\/My-Darling-Cape-Cross.jpg\" target=\"_blank\" rel=\"noopener\"><img loading=\"lazy\" decoding=\"async\" class=\"alignnone wp-image-2712 size-medium\" src=\"https:\/\/eu-besamungsstation.soederhof.de\/wp-content\/uploads\/2021\/08\/My-Darling-Cape-Cross-300x300.jpg\" alt=\"\" width=\"300\" height=\"300\" srcset=\"https:\/\/eu-besamungsstation.soederhof.de\/wp-content\/uploads\/2021\/08\/My-Darling-Cape-Cross-300x300.jpg 300w, https:\/\/eu-besamungsstation.soederhof.de\/wp-content\/uploads\/2021\/08\/My-Darling-Cape-Cross-1024x1024.jpg 1024w, https:\/\/eu-besamungsstation.soederhof.de\/wp-content\/uploads\/2021\/08\/My-Darling-Cape-Cross-150x150.jpg 150w, https:\/\/eu-besamungsstation.soederhof.de\/wp-content\/uploads\/2021\/08\/My-Darling-Cape-Cross-768x768.jpg 768w, https:\/\/eu-besamungsstation.soederhof.de\/wp-content\/uploads\/2021\/08\/My-Darling-Cape-Cross-1536x1536.jpg 1536w, https:\/\/eu-besamungsstation.soederhof.de\/wp-content\/uploads\/2021\/08\/My-Darling-Cape-Cross.jpg 1920w\" sizes=\"auto, (max-width: 300px) 100vw, 300px\" \/>\u00a0<\/a><\/p>\n<p>My Darling Cape Cross<\/p>\n<p>&nbsp;<\/p>\n<p><a href=\"https:\/\/www.deine-tierwelt.de\/kleinanzeigen\/whippet-welpen-a84777938\/\">https:\/\/www.deine-tierwelt.de\/kleinanzeigen\/whippet-welpen-a84777938\/<\/a><\/p>\n<p>&nbsp;<\/p>\n<p>&nbsp;<\/p>\n<p>&nbsp;<\/p>\n<p><span style=\"font-size: 14pt;\"><strong>Wir erwarten Welpen!!<\/strong><\/span><\/p>\n<p>Ca. am 24. Juni erwarten wir unseren C-Wurf aus der Verpaarung <a href=\"https:\/\/whippet.breedarchive.com\/animal\/view\/debbie-of-little-goblin-5c584ad9-c4b2-460c-9f1f-e6ea5adad4a5\">Debbie of Little Goblin<\/a> (Frida) x <a href=\"https:\/\/whippet.breedarchive.com\/animal\/view\/rivarco-irish-gold-dd42e66e-6c2a-4654-b410-a5a5b6bd8918\">Rivarco Irish Gold<\/a> (Brando)<\/p>\n<p><a href=\"https:\/\/eu-besamungsstation.soederhof.de\/wp-content\/uploads\/2021\/05\/Anpaarung-.jpg\"><img loading=\"lazy\" decoding=\"async\" class=\"alignnone size-full wp-image-2645\" src=\"https:\/\/eu-besamungsstation.soederhof.de\/wp-content\/uploads\/2021\/05\/Anpaarung-.jpg\" alt=\"\" width=\"2214\" height=\"741\" srcset=\"https:\/\/eu-besamungsstation.soederhof.de\/wp-content\/uploads\/2021\/05\/Anpaarung-.jpg 2214w, https:\/\/eu-besamungsstation.soederhof.de\/wp-content\/uploads\/2021\/05\/Anpaarung--300x100.jpg 300w, https:\/\/eu-besamungsstation.soederhof.de\/wp-content\/uploads\/2021\/05\/Anpaarung--1024x343.jpg 1024w, https:\/\/eu-besamungsstation.soederhof.de\/wp-content\/uploads\/2021\/05\/Anpaarung--768x257.jpg 768w, https:\/\/eu-besamungsstation.soederhof.de\/wp-content\/uploads\/2021\/05\/Anpaarung--1536x514.jpg 1536w, https:\/\/eu-besamungsstation.soederhof.de\/wp-content\/uploads\/2021\/05\/Anpaarung--2048x685.jpg 2048w\" sizes=\"auto, (max-width: 2214px) 100vw, 2214px\" \/><\/a><\/p>\n<p style=\"padding-left: 80px;\">\u00a0<\/p>\n<p>&nbsp;<\/p>\n<p><span style=\"font-size: 14pt;\"><strong>Wir haben Welpen!!<\/strong><\/span><\/p>\n<p>Am 22. M\u00e4rz hat Frida ihre Welpen bekommen. 2 M\u00e4dchen und 5 Jungs.<\/p>\n<p><a href=\"https:\/\/eu-besamungsstation.soederhof.de\/b-wurf\/\"><span style=\"font-size: 18pt;\"><strong>B Wurf<\/strong><\/span><\/a><\/p>\n<p><a href=\"https:\/\/eu-besamungsstation.soederhof.de\/wp-content\/uploads\/2020\/03\/Frida-und-die-7-Zwerge.jpg\"><img loading=\"lazy\" decoding=\"async\" class=\"alignnone size-full wp-image-2083\" src=\"https:\/\/eu-besamungsstation.soederhof.de\/wp-content\/uploads\/2020\/03\/Frida-und-die-7-Zwerge.jpg\" alt=\"\" width=\"540\" height=\"960\" srcset=\"https:\/\/eu-besamungsstation.soederhof.de\/wp-content\/uploads\/2020\/03\/Frida-und-die-7-Zwerge.jpg 540w, https:\/\/eu-besamungsstation.soederhof.de\/wp-content\/uploads\/2020\/03\/Frida-und-die-7-Zwerge-169x300.jpg 169w\" sizes=\"auto, (max-width: 540px) 100vw, 540px\" \/><\/a><\/p>\n<p>&nbsp;<\/p>\n<p>&nbsp;<\/p>\n<p>&nbsp;<\/p>\n<p><span style=\"font-size: 14pt;\"><strong>Wir erwarten Welpen!!<\/strong><\/span><\/p>\n<p>Ende M\u00e4rz erwarten wir unseren B-Wurf von Frieda (<a href=\"https:\/\/whippet.breedarchive.com\/animal\/view\/debbie-of-little-goblin-5c584ad9-c4b2-460c-9f1f-e6ea5adad4a5\">Debbie of Little Goblin<\/a>) und Giotto <strong>(<a href=\"https:\/\/whippet.breedarchive.com\/animal\/view\/rivarco-fantastico-giotto-at-esplendigos-589732cc-1441-479a-bda3-f5a1098f0a0f\">Rivarco Fantastico Giotto at Esplendigos<\/a>)<\/strong><\/p>\n<p>Herzlichen Dank an Dana Brenten von Esplendigos Whippets f\u00fcr die tolle Betreuung!<\/p>\n<table style=\"height: 309px; width: 0%; border-style: hidden;\">\n<tbody>\n<tr>\n<td style=\"width: 39.5915%; border-style: hidden;\">\n<p>&nbsp;<\/p>\n<p><a href=\"https:\/\/eu-besamungsstation.soederhof.de\/wp-content\/uploads\/2020\/02\/Frieda-e1582739688539.jpg\"><img loading=\"lazy\" decoding=\"async\" class=\"alignnone wp-image-2020 \" src=\"https:\/\/eu-besamungsstation.soederhof.de\/wp-content\/uploads\/2020\/02\/Frieda-e1582739688539.jpg\" alt=\"\" width=\"279\" height=\"199\" \/><\/a><\/p>\n<p>\u00a0\u00a0\u00a0\u00a0\u00a0\u00a0\u00a0\u00a0\u00a0\u00a0\u00a0\u00a0\u00a0\u00a0\u00a0\u00a0\u00a0\u00a0\u00a0\u00a0\u00a0\u00a0 Frieda<\/p>\n<p>&nbsp;<\/p>\n<\/td>\n<td style=\"width: 4.1482%; border-style: hidden;\"><span style=\"font-size: 18pt;\">+<\/span><\/td>\n<td style=\"width: 41.6247%; border-style: hidden;\">\n<p><a href=\"https:\/\/eu-besamungsstation.soederhof.de\/wp-content\/uploads\/2020\/02\/Giotto-1.jpg\"><img loading=\"lazy\" decoding=\"async\" class=\"alignnone wp-image-2030 size-medium\" src=\"https:\/\/eu-besamungsstation.soederhof.de\/wp-content\/uploads\/2020\/02\/Giotto-1-300x209.jpg\" alt=\"\" width=\"300\" height=\"209\" srcset=\"https:\/\/eu-besamungsstation.soederhof.de\/wp-content\/uploads\/2020\/02\/Giotto-1-300x209.jpg 300w, https:\/\/eu-besamungsstation.soederhof.de\/wp-content\/uploads\/2020\/02\/Giotto-1-1024x712.jpg 1024w, https:\/\/eu-besamungsstation.soederhof.de\/wp-content\/uploads\/2020\/02\/Giotto-1-768x534.jpg 768w, https:\/\/eu-besamungsstation.soederhof.de\/wp-content\/uploads\/2020\/02\/Giotto-1-1536x1068.jpg 1536w, https:\/\/eu-besamungsstation.soederhof.de\/wp-content\/uploads\/2020\/02\/Giotto-1.jpg 1600w\" sizes=\"auto, (max-width: 300px) 100vw, 300px\" \/><\/a><\/p>\n<p>\u00a0\u00a0\u00a0\u00a0\u00a0\u00a0\u00a0\u00a0\u00a0\u00a0\u00a0\u00a0\u00a0\u00a0\u00a0\u00a0\u00a0\u00a0\u00a0\u00a0\u00a0\u00a0\u00a0\u00a0\u00a0\u00a0\u00a0\u00a0\u00a0\u00a0\u00a0\u00a0\u00a0\u00a0\u00a0 Giotto<\/p>\n<\/td>\n<\/tr>\n<\/tbody>\n<\/table>\n<p>Am 30.11.2017 hat unsere Clair Welpen bekommen, aus der Verpaarung mit <a href=\"https:\/\/whippet.breedarchive.com\/animal\/view\/ikimba-arctic-zephyr-3bf51916-813e-43c6-b535-ecb15d37dc93\"><span style=\"color: #000080;\"><strong>Ikimba Arctic Zephyr<\/strong><\/span><\/a>.<\/p>\n<table style=\"height: 235px; width: 81.7987%; border-style: hidden;\">\n<tbody>\n<tr>\n<td style=\"width: 41.9267%; border-style: hidden;\">\n<figure id=\"attachment_756\" aria-describedby=\"caption-attachment-756\" style=\"width: 300px\" class=\"wp-caption alignnone\"><img loading=\"lazy\" decoding=\"async\" class=\"size-medium wp-image-756\" src=\"https:\/\/eu-besamungsstation.soederhof.de\/wp-content\/uploads\/2017\/12\/Clair-Standbild-300x225.jpg\" alt=\"\" width=\"300\" height=\"225\" srcset=\"https:\/\/eu-besamungsstation.soederhof.de\/wp-content\/uploads\/2017\/12\/Clair-Standbild-300x225.jpg 300w, https:\/\/eu-besamungsstation.soederhof.de\/wp-content\/uploads\/2017\/12\/Clair-Standbild-768x576.jpg 768w, https:\/\/eu-besamungsstation.soederhof.de\/wp-content\/uploads\/2017\/12\/Clair-Standbild.jpg 960w\" sizes=\"auto, (max-width: 300px) 100vw, 300px\" \/><figcaption id=\"caption-attachment-756\" class=\"wp-caption-text\">Clair of Little Goblin<\/figcaption><\/figure>\n<\/td>\n<td style=\"width: 12.3474%; text-align: center; border-style: hidden;\"><span style=\"font-size: 18pt;\">+<\/span><\/td>\n<td style=\"width: 44.7805%;\">\n<figure id=\"attachment_757\" aria-describedby=\"caption-attachment-757\" style=\"width: 312px\" class=\"wp-caption alignnone\"><img loading=\"lazy\" decoding=\"async\" class=\" wp-image-757\" src=\"https:\/\/eu-besamungsstation.soederhof.de\/wp-content\/uploads\/2017\/12\/Ikimba-Arctic-Zephyr-300x200.jpg\" alt=\"\" width=\"312\" height=\"208\" srcset=\"https:\/\/eu-besamungsstation.soederhof.de\/wp-content\/uploads\/2017\/12\/Ikimba-Arctic-Zephyr-300x200.jpg 300w, https:\/\/eu-besamungsstation.soederhof.de\/wp-content\/uploads\/2017\/12\/Ikimba-Arctic-Zephyr-768x512.jpg 768w, https:\/\/eu-besamungsstation.soederhof.de\/wp-content\/uploads\/2017\/12\/Ikimba-Arctic-Zephyr.jpg 960w\" sizes=\"auto, (max-width: 312px) 100vw, 312px\" \/><figcaption id=\"caption-attachment-757\" class=\"wp-caption-text\">Ikimba Arctic Zephyr<\/figcaption><\/figure>\n<\/td>\n<\/tr>\n<\/tbody>\n<\/table>\n<p>&nbsp;<\/p>\n<p>\nWir freuen uns \u00fcber 5 kleine &#8220;My Darling&#8221; Whippets. Es sind zwei R\u00fcden und drei H\u00fcndinnen.<\/p>\n<figure id=\"attachment_760\" aria-describedby=\"caption-attachment-760\" style=\"width: 300px\" class=\"wp-caption aligncenter\"><img loading=\"lazy\" decoding=\"async\" class=\"size-medium wp-image-760\" src=\"https:\/\/eu-besamungsstation.soederhof.de\/wp-content\/uploads\/2017\/12\/IMG_6455-300x225.jpg\" alt=\"\" width=\"300\" height=\"225\" srcset=\"https:\/\/eu-besamungsstation.soederhof.de\/wp-content\/uploads\/2017\/12\/IMG_6455-300x225.jpg 300w, https:\/\/eu-besamungsstation.soederhof.de\/wp-content\/uploads\/2017\/12\/IMG_6455-768x576.jpg 768w, https:\/\/eu-besamungsstation.soederhof.de\/wp-content\/uploads\/2017\/12\/IMG_6455-1024x768.jpg 1024w\" sizes=\"auto, (max-width: 300px) 100vw, 300px\" \/><figcaption id=\"caption-attachment-760\" class=\"wp-caption-text\"><a href=\"https:\/\/eu-besamungsstation.soederhof.de\/a-wurf\/\"><span style=\"font-size: 18pt;\"><strong>A-Wurf<\/strong><\/span><\/a><\/figcaption><\/figure>\n","protected":false},"excerpt":{"rendered":"<p>Wir haben Welpen!! Unser C-Wurf ist da 6 wunderh\u00fcbsche R\u00fcden und 2 bezaubernde H\u00fcndinnen! C-Wurf\u00a0 \u00a0 &nbsp; 20. August 2021 2 unserer bezaubernden R\u00fcden suchen noch ein neues und vor allem liebevolles Zuhause My Darling Camacho &nbsp; \u00a0 My Darling&#8230; <a href=\"https:\/\/eu-besamungsstation.soederhof.de\/en\/wuerfe\/\" class=\"readmore\">Read more<span class=\"screen-reader-text\">W\u00fcrfe<\/span><span class=\"fa fa-angle-double-right\" aria-hidden=\"true\"><\/span><\/a><\/p>\n","protected":false},"author":1,"featured_media":0,"parent":0,"menu_order":0,"comment_status":"closed","ping_status":"closed","template":"","meta":{"footnotes":""},"class_list":["post-752","page","type-page","status-publish","hentry"],"translation":{"provider":"WPGlobus","version":"3.0.0","language":"en","enabled_languages":["de","en"],"languages":{"de":{"title":true,"content":true,"excerpt":false},"en":{"title":false,"content":false,"excerpt":false}}},"yoast_head":"<!-- This site is optimized with the Yoast SEO plugin v26.6 - https:\/\/yoast.com\/wordpress\/plugins\/seo\/ -->\n<title>W\u00fcrfe - S\u00f6derhof<\/title>\n<meta name=\"robots\" content=\"index, follow, max-snippet:-1, max-image-preview:large, max-video-preview:-1\" \/>\n<link rel=\"canonical\" href=\"https:\/\/eu-besamungsstation.soederhof.de\/wuerfe\/\" \/>\n<meta property=\"og:locale\" content=\"en_US\" \/>\n<meta property=\"og:type\" content=\"article\" \/>\n<meta property=\"og:title\" content=\"W\u00fcrfe - S\u00f6derhof\" \/>\n<meta property=\"og:url\" content=\"https:\/\/eu-besamungsstation.soederhof.de\/wuerfe\/\" \/>\n<meta property=\"og:site_name\" content=\"S\u00f6derhof\" \/>\n<meta property=\"article:modified_time\" content=\"2021-08-28T15:23:26+00:00\" \/>\n<meta property=\"og:image\" content=\"https:\/\/static.xx.fbcdn.net\/images\/emoji.php\/v9\/tea\/1\/16\/1f970.png\" \/>\n<meta name=\"twitter:card\" content=\"summary_large_image\" \/>\n<meta name=\"twitter:label1\" content=\"Est. reading time\" \/>\n\t<meta name=\"twitter:data1\" content=\"4 minutes\" \/>\n<script type=\"application\/ld+json\" class=\"yoast-schema-graph\">{\"@context\":\"https:\/\/schema.org\",\"@graph\":[{\"@type\":\"WebPage\",\"@id\":\"https:\/\/eu-besamungsstation.soederhof.de\/wuerfe\/\",\"url\":\"https:\/\/eu-besamungsstation.soederhof.de\/wuerfe\/\",\"name\":\"W\u00fcrfe - S\u00f6derhof\",\"isPartOf\":{\"@id\":\"https:\/\/eu-besamungsstation.soederhof.de\/#website\"},\"primaryImageOfPage\":{\"@id\":\"https:\/\/eu-besamungsstation.soederhof.de\/wuerfe\/#primaryimage\"},\"image\":{\"@id\":\"https:\/\/eu-besamungsstation.soederhof.de\/wuerfe\/#primaryimage\"},\"thumbnailUrl\":\"https:\/\/static.xx.fbcdn.net\/images\/emoji.php\/v9\/tea\/1\/16\/1f970.png\",\"datePublished\":\"2018-01-02T18:56:28+00:00\",\"dateModified\":\"2021-08-28T15:23:26+00:00\",\"description\":\"\\\"Die Adresse f\u00fcr Edelblut\\\" - EU-Besamungsstation - Zucht- und Ausbildungsstall\",\"breadcrumb\":{\"@id\":\"https:\/\/eu-besamungsstation.soederhof.de\/wuerfe\/#breadcrumb\"},\"inLanguage\":\"en-US\",\"potentialAction\":[{\"@type\":\"ReadAction\",\"target\":[\"https:\/\/eu-besamungsstation.soederhof.de\/wuerfe\/\"]}]},{\"@type\":\"ImageObject\",\"inLanguage\":\"en-US\",\"@id\":\"https:\/\/eu-besamungsstation.soederhof.de\/wuerfe\/#primaryimage\",\"url\":\"https:\/\/static.xx.fbcdn.net\/images\/emoji.php\/v9\/tea\/1\/16\/1f970.png\",\"contentUrl\":\"https:\/\/static.xx.fbcdn.net\/images\/emoji.php\/v9\/tea\/1\/16\/1f970.png\"},{\"@type\":\"BreadcrumbList\",\"@id\":\"https:\/\/eu-besamungsstation.soederhof.de\/wuerfe\/#breadcrumb\",\"itemListElement\":[{\"@type\":\"ListItem\",\"position\":1,\"name\":\"Startseite\",\"item\":\"https:\/\/eu-besamungsstation.soederhof.de\/\"},{\"@type\":\"ListItem\",\"position\":2,\"name\":\"W\u00fcrfe\"}]},{\"@type\":\"WebSite\",\"@id\":\"https:\/\/eu-besamungsstation.soederhof.de\/#website\",\"url\":\"https:\/\/eu-besamungsstation.soederhof.de\/\",\"name\":\"S\u00f6derhof\",\"description\":\"Die Adresse f\u00fcr Edelblut\",\"publisher\":{\"@id\":\"https:\/\/eu-besamungsstation.soederhof.de\/#organization\"},\"potentialAction\":[{\"@type\":\"SearchAction\",\"target\":{\"@type\":\"EntryPoint\",\"urlTemplate\":\"https:\/\/eu-besamungsstation.soederhof.de\/?s={search_term_string}\"},\"query-input\":{\"@type\":\"PropertyValueSpecification\",\"valueRequired\":true,\"valueName\":\"search_term_string\"}}],\"inLanguage\":\"en-US\"},{\"@type\":\"Organization\",\"@id\":\"https:\/\/eu-besamungsstation.soederhof.de\/#organization\",\"name\":\"S\u00f6derhof\",\"url\":\"https:\/\/eu-besamungsstation.soederhof.de\/\",\"logo\":{\"@type\":\"ImageObject\",\"inLanguage\":\"en-US\",\"@id\":\"https:\/\/eu-besamungsstation.soederhof.de\/#\/schema\/logo\/image\/\",\"url\":\"https:\/\/www.soederhof.de\/wp-content\/uploads\/2020\/01\/logo.png\",\"contentUrl\":\"https:\/\/www.soederhof.de\/wp-content\/uploads\/2020\/01\/logo.png\",\"width\":369,\"height\":166,\"caption\":\"S\u00f6derhof\"},\"image\":{\"@id\":\"https:\/\/eu-besamungsstation.soederhof.de\/#\/schema\/logo\/image\/\"}}]}<\/script>\n<!-- \/ Yoast SEO plugin. -->","yoast_head_json":{"title":"W\u00fcrfe - S\u00f6derhof","robots":{"index":"index","follow":"follow","max-snippet":"max-snippet:-1","max-image-preview":"max-image-preview:large","max-video-preview":"max-video-preview:-1"},"canonical":"https:\/\/eu-besamungsstation.soederhof.de\/wuerfe\/","og_locale":"en_US","og_type":"article","og_title":"W\u00fcrfe - S\u00f6derhof","og_url":"https:\/\/eu-besamungsstation.soederhof.de\/wuerfe\/","og_site_name":"S\u00f6derhof","article_modified_time":"2021-08-28T15:23:26+00:00","og_image":[{"url":"https:\/\/static.xx.fbcdn.net\/images\/emoji.php\/v9\/tea\/1\/16\/1f970.png","type":"","width":"","height":""}],"twitter_card":"summary_large_image","twitter_misc":{"Est. reading time":"4 minutes"},"schema":{"@context":"https:\/\/schema.org","@graph":[{"@type":"WebPage","@id":"https:\/\/eu-besamungsstation.soederhof.de\/wuerfe\/","url":"https:\/\/eu-besamungsstation.soederhof.de\/wuerfe\/","name":"W\u00fcrfe - S\u00f6derhof","isPartOf":{"@id":"https:\/\/eu-besamungsstation.soederhof.de\/#website"},"primaryImageOfPage":{"@id":"https:\/\/eu-besamungsstation.soederhof.de\/wuerfe\/#primaryimage"},"image":{"@id":"https:\/\/eu-besamungsstation.soederhof.de\/wuerfe\/#primaryimage"},"thumbnailUrl":"https:\/\/static.xx.fbcdn.net\/images\/emoji.php\/v9\/tea\/1\/16\/1f970.png","datePublished":"2018-01-02T18:56:28+00:00","dateModified":"2021-08-28T15:23:26+00:00","description":"\"Die Adresse f\u00fcr Edelblut\" - EU-Besamungsstation - Zucht- und Ausbildungsstall","breadcrumb":{"@id":"https:\/\/eu-besamungsstation.soederhof.de\/wuerfe\/#breadcrumb"},"inLanguage":"en-US","potentialAction":[{"@type":"ReadAction","target":["https:\/\/eu-besamungsstation.soederhof.de\/wuerfe\/"]}]},{"@type":"ImageObject","inLanguage":"en-US","@id":"https:\/\/eu-besamungsstation.soederhof.de\/wuerfe\/#primaryimage","url":"https:\/\/static.xx.fbcdn.net\/images\/emoji.php\/v9\/tea\/1\/16\/1f970.png","contentUrl":"https:\/\/static.xx.fbcdn.net\/images\/emoji.php\/v9\/tea\/1\/16\/1f970.png"},{"@type":"BreadcrumbList","@id":"https:\/\/eu-besamungsstation.soederhof.de\/wuerfe\/#breadcrumb","itemListElement":[{"@type":"ListItem","position":1,"name":"Startseite","item":"https:\/\/eu-besamungsstation.soederhof.de\/"},{"@type":"ListItem","position":2,"name":"W\u00fcrfe"}]},{"@type":"WebSite","@id":"https:\/\/eu-besamungsstation.soederhof.de\/#website","url":"https:\/\/eu-besamungsstation.soederhof.de\/","name":"S\u00f6derhof","description":"Die Adresse f\u00fcr Edelblut","publisher":{"@id":"https:\/\/eu-besamungsstation.soederhof.de\/#organization"},"potentialAction":[{"@type":"SearchAction","target":{"@type":"EntryPoint","urlTemplate":"https:\/\/eu-besamungsstation.soederhof.de\/?s={search_term_string}"},"query-input":{"@type":"PropertyValueSpecification","valueRequired":true,"valueName":"search_term_string"}}],"inLanguage":"en-US"},{"@type":"Organization","@id":"https:\/\/eu-besamungsstation.soederhof.de\/#organization","name":"S\u00f6derhof","url":"https:\/\/eu-besamungsstation.soederhof.de\/","logo":{"@type":"ImageObject","inLanguage":"en-US","@id":"https:\/\/eu-besamungsstation.soederhof.de\/#\/schema\/logo\/image\/","url":"https:\/\/www.soederhof.de\/wp-content\/uploads\/2020\/01\/logo.png","contentUrl":"https:\/\/www.soederhof.de\/wp-content\/uploads\/2020\/01\/logo.png","width":369,"height":166,"caption":"S\u00f6derhof"},"image":{"@id":"https:\/\/eu-besamungsstation.soederhof.de\/#\/schema\/logo\/image\/"}}]}},"_links":{"self":[{"href":"https:\/\/eu-besamungsstation.soederhof.de\/en\/wp-json\/wp\/v2\/pages\/752","targetHints":{"allow":["GET"]}}],"collection":[{"href":"https:\/\/eu-besamungsstation.soederhof.de\/en\/wp-json\/wp\/v2\/pages"}],"about":[{"href":"https:\/\/eu-besamungsstation.soederhof.de\/en\/wp-json\/wp\/v2\/types\/page"}],"author":[{"embeddable":true,"href":"https:\/\/eu-besamungsstation.soederhof.de\/en\/wp-json\/wp\/v2\/users\/1"}],"replies":[{"embeddable":true,"href":"https:\/\/eu-besamungsstation.soederhof.de\/en\/wp-json\/wp\/v2\/comments?post=752"}],"version-history":[{"count":22,"href":"https:\/\/eu-besamungsstation.soederhof.de\/en\/wp-json\/wp\/v2\/pages\/752\/revisions"}],"predecessor-version":[{"id":2734,"href":"https:\/\/eu-besamungsstation.soederhof.de\/en\/wp-json\/wp\/v2\/pages\/752\/revisions\/2734"}],"wp:attachment":[{"href":"https:\/\/eu-besamungsstation.soederhof.de\/en\/wp-json\/wp\/v2\/media?parent=752"}],"curies":[{"name":"wp","href":"https:\/\/api.w.org\/{rel}","templated":true}]}}